{"id":1007,"date":"2016-03-23T13:32:19","date_gmt":"2016-03-23T12:32:19","guid":{"rendered":"http:\/\/www.not-tarnow.pl\/?page_id=1007"},"modified":"2016-03-23T13:41:30","modified_gmt":"2016-03-23T12:41:30","slug":"wystawa-100-lecie-dekad-waznych-inwestycji-w-rozwoj-infrastruktury-i-potencjal-przemyslowy-tarnowa","status":"publish","type":"page","link":"https:\/\/www.not-tarnow.pl\/index.php\/wystawy\/wystawa-100-lecie-dekad-waznych-inwestycji-w-rozwoj-infrastruktury-i-potencjal-przemyslowy-tarnowa\/","title":{"rendered":"Wystawa \u201e100 lecie dekad wa\u017cnych inwestycji w rozw\u00f3j infrastruktury i potencja\u0142 przemys\u0142owy Tarnowa\u201d"},"content":{"rendered":"<p align=\"center\"><b><i>W szacunku dla \u00f3wczesnych tw\u00f3rc\u00f3w, w\u0142odarzy, in\u017cynier\u00f3w i budowniczych<\/i><\/b><\/p>\n<p style=\"text-align: center;\" align=\"center\"><a href=\"http:\/\/www.not-tarnow.pl\/wp-content\/uploads\/2016\/03\/Prezentacja1.jpg\"><img decoding=\"async\" loading=\"lazy\" class=\"aligncenter  wp-image-1008\" alt=\"Prezentacja1\" src=\"http:\/\/www.not-tarnow.pl\/wp-content\/uploads\/2016\/03\/Prezentacja1.jpg\" width=\"768\" height=\"576\" srcset=\"https:\/\/www.not-tarnow.pl\/wp-content\/uploads\/2016\/03\/Prezentacja1.jpg 960w, https:\/\/www.not-tarnow.pl\/wp-content\/uploads\/2016\/03\/Prezentacja1-300x225.jpg 300w\" sizes=\"(max-width: 768px) 100vw, 768px\" \/><\/a><\/p>\n<p><em>Wystawa eksponowana w latach 2007-2008<\/em><\/p>\n<p>W okresie setnych i jeszcze bardziej godnych jubileuszy gospodarczej historii i tradycji in\u017cynierskiego dzie\u0142a w naszym mie\u015bcie, Tarnowska Rada Naczelnej Organizacji Technicznej w siedzibie Domu Stowarzysze\u0144 Technicznych przy Rynek 10 \u2013 bez rozg\u0142osu realizuje wielce ciekaw\u0105 wystaw\u0119 pt. <b>\u201e100 lecie dekad wa\u017cnych inwestycji w rozw\u00f3j infrastruktury i potencja\u0142 przemys\u0142owy Tarnowa\u201d<\/b>.<\/p>\n<p>W ka\u017cdym kolejnym miesi\u0105cu kompletowy jest kolejny segment prezentuj\u0105cy dzi\u015b ju\u017c przys\u0142owiowe \u201e bia\u0142e kruki\u201d fotografii i foto dokument\u00f3w z pionierskich wielkich inwestycji w nowoczesn\u0105 infrastruktur\u0119 techniczn\u0105 miasta i jego industrializacje.<\/p>\n<p>Eksponowane materia\u0142y s\u0105 po cz\u0119\u015bci reprodukcjami ze zbioru u\u017cyczonego przez Tarnowskie Towarzystwo Kulturalne, a po znacznej cz\u0119\u015bci darem z prywatnych album\u00f3w rodzin pokoleniowo zwi\u0105zanych z Tarnowem, kt\u00f3rych ojcowie ich dziadk\u00f3w osobi\u015bcie uczestniczyli w tym skoku rozwojowym miasta.<\/p>\n<p>Budowa Elektrowni Miejskiej w niespe\u0142na dwa lata wraz z inwestycj\u0105 w miejski tramwaj wyr\u00f3\u017cniaj\u0105cy nowoczesno\u015b\u0107 komunikacji miejskiej, pozwala\u0142a pretendowa\u0107 Tarnowowi do trzeciego miasta Galicji po Lwowie i Krakowie. Infrastruktura nowoczesnych wodoci\u0105g\u00f3w i rozbudowywanej kanalizacji, liczne cegielnie produkuj\u0105ce spory asortyment ceramiki budowlanej na rosn\u0105ce potrzeby budownictwa komunalnego i przemys\u0142owego, wielka rozbudowa w\u0119z\u0142a kolejowego z dworcem na\u015bladuj\u0105cym rozmachem stacj\u0119 \u00f3wczesnej stolicy tj. Lwowa &#8211; stawia\u0142y miasto w uprzywilejowanej pozycji. Infrastruktura kolejowa i Warsztaty Kolejowe strategicznego przeznaczenia wpisywane by\u0142y w okre\u015blone zadania z militarnych plan\u00f3w Austro-W\u0119gier.<\/p>\n<p>Pami\u0119ta\u0107 nale\u017cy o znacz\u0105cej pozycji przemys\u0142u rolno-spo\u017cywczego: du\u017ce m\u0142yny, tartaki, browar Sanguszk\u00f3w i gorzelnie, fabryka krochmalu, i inne drobniejsze zak\u0142ady, dawa\u0142y zatrudnienie w\u00f3wczas 30 -to tysi\u0119cznemu miastu, a taki potentat jak Gazownia Miejska, kt\u00f3rej sie\u0107 w tym i o\u015bwietlenia gazowego, stwarza\u0142a walory rozwoju aglomeracji miejskiej i \u015bwiadczenia wielu us\u0142ug komunalnych i technicznych. Wszystko to pozwala\u0142o sytuowa\u0107 presti\u017c miasta relatywnie powy\u017cej daleko s\u0105siaduj\u0105cych miejscowo\u015bci. Zlokalizowane tu wojskowe garnizony ugruntowywa\u0142y wa\u017cno\u015b\u0107 miasta i w tym wymiarze.<\/p>\n","protected":false},"excerpt":{"rendered":"<p>W szacunku dla \u00f3wczesnych tw\u00f3rc\u00f3w, w\u0142odarzy, in\u017cynier\u00f3w i budowniczych Wystawa eksponowana w latach 2007-2008 W okresie setnych i jeszcze bardziej<\/p>\n","protected":false},"author":1,"featured_media":0,"parent":948,"menu_order":0,"comment_status":"open","ping_status":"closed","template":"","meta":{"footnotes":""},"_links":{"self":[{"href":"https:\/\/www.not-tarnow.pl\/index.php\/wp-json\/wp\/v2\/pages\/1007"}],"collection":[{"href":"https:\/\/www.not-tarnow.pl\/index.php\/wp-json\/wp\/v2\/pages"}],"about":[{"href":"https:\/\/www.not-tarnow.pl\/index.php\/wp-json\/wp\/v2\/types\/page"}],"author":[{"embeddable":true,"href":"https:\/\/www.not-tarnow.pl\/index.php\/wp-json\/wp\/v2\/users\/1"}],"replies":[{"embeddable":true,"href":"https:\/\/www.not-tarnow.pl\/index.php\/wp-json\/wp\/v2\/comments?post=1007"}],"version-history":[{"count":5,"href":"https:\/\/www.not-tarnow.pl\/index.php\/wp-json\/wp\/v2\/pages\/1007\/revisions"}],"predecessor-version":[{"id":2975,"href":"https:\/\/www.not-tarnow.pl\/index.php\/wp-json\/wp\/v2\/pages\/1007\/revisions\/2975"}],"up":[{"embeddable":true,"href":"https:\/\/www.not-tarnow.pl\/index.php\/wp-json\/wp\/v2\/pages\/948"}],"wp:attachment":[{"href":"https:\/\/www.not-tarnow.pl\/index.php\/wp-json\/wp\/v2\/media?parent=1007"}],"curies":[{"name":"wp","href":"https:\/\/api.w.org\/{rel}","templated":true}]}}