{"id":1021,"date":"2016-03-23T14:22:05","date_gmt":"2016-03-23T13:22:05","guid":{"rendered":"http:\/\/www.not-tarnow.pl\/?page_id=1021"},"modified":"2016-04-12T13:03:51","modified_gmt":"2016-04-12T11:03:51","slug":"wystawa-historia-przemyslu-przetworczo-rolnego-i-spozywczego-oraz-tradycja-produktu-w-tarnowie-i-regionie","status":"publish","type":"page","link":"https:\/\/www.not-tarnow.pl\/index.php\/wystawy\/wystawa-historia-przemyslu-przetworczo-rolnego-i-spozywczego-oraz-tradycja-produktu-w-tarnowie-i-regionie\/","title":{"rendered":"Wystawa \u201eHistoria przemys\u0142u przetw\u00f3rczo-rolnego i spo\u017cywczego oraz tradycja produktu  w Tarnowie i regionie\u201d"},"content":{"rendered":"<p style=\"text-align: center;\"><a href=\"http:\/\/www.not-tarnow.pl\/wp-content\/uploads\/2016\/03\/Slajd1.jpg\"><img decoding=\"async\" loading=\"lazy\" class=\"aligncenter  wp-image-1030\" alt=\"Slajd1\" src=\"http:\/\/www.not-tarnow.pl\/wp-content\/uploads\/2016\/03\/Slajd1.jpg\" width=\"672\" height=\"504\" srcset=\"https:\/\/www.not-tarnow.pl\/wp-content\/uploads\/2016\/03\/Slajd1.jpg 960w, https:\/\/www.not-tarnow.pl\/wp-content\/uploads\/2016\/03\/Slajd1-300x225.jpg 300w\" sizes=\"(max-width: 672px) 100vw, 672px\" \/><\/a> <a href=\"http:\/\/www.not-tarnow.pl\/wp-content\/uploads\/2016\/03\/Slajd3.jpg\"><img decoding=\"async\" loading=\"lazy\" class=\"aligncenter  wp-image-1031\" alt=\"Slajd3\" src=\"http:\/\/www.not-tarnow.pl\/wp-content\/uploads\/2016\/03\/Slajd3.jpg\" width=\"672\" height=\"504\" srcset=\"https:\/\/www.not-tarnow.pl\/wp-content\/uploads\/2016\/03\/Slajd3.jpg 960w, https:\/\/www.not-tarnow.pl\/wp-content\/uploads\/2016\/03\/Slajd3-300x225.jpg 300w\" sizes=\"(max-width: 672px) 100vw, 672px\" \/><\/a> <a href=\"http:\/\/www.not-tarnow.pl\/wp-content\/uploads\/2016\/03\/Slajd4.jpg\"><img decoding=\"async\" loading=\"lazy\" class=\"aligncenter  wp-image-1032\" alt=\"Slajd4\" src=\"http:\/\/www.not-tarnow.pl\/wp-content\/uploads\/2016\/03\/Slajd4.jpg\" width=\"672\" height=\"504\" srcset=\"https:\/\/www.not-tarnow.pl\/wp-content\/uploads\/2016\/03\/Slajd4.jpg 960w, https:\/\/www.not-tarnow.pl\/wp-content\/uploads\/2016\/03\/Slajd4-300x225.jpg 300w\" sizes=\"(max-width: 672px) 100vw, 672px\" \/><\/a><\/p>\n<p style=\"text-align: center;\"><a href=\"http:\/\/www.not-tarnow.pl\/wp-content\/uploads\/2016\/03\/Slajd5.jpg\"><img decoding=\"async\" loading=\"lazy\" class=\"aligncenter  wp-image-1033\" alt=\"Slajd5\" src=\"http:\/\/www.not-tarnow.pl\/wp-content\/uploads\/2016\/03\/Slajd5.jpg\" width=\"768\" height=\"576\" srcset=\"https:\/\/www.not-tarnow.pl\/wp-content\/uploads\/2016\/03\/Slajd5.jpg 960w, https:\/\/www.not-tarnow.pl\/wp-content\/uploads\/2016\/03\/Slajd5-300x225.jpg 300w\" sizes=\"(max-width: 768px) 100vw, 768px\" \/><\/a> <a href=\"http:\/\/www.not-tarnow.pl\/wp-content\/uploads\/2016\/03\/Slajd6.jpg\"><img decoding=\"async\" loading=\"lazy\" class=\"aligncenter  wp-image-1034\" alt=\"Slajd6\" src=\"http:\/\/www.not-tarnow.pl\/wp-content\/uploads\/2016\/03\/Slajd6.jpg\" width=\"768\" height=\"576\" srcset=\"https:\/\/www.not-tarnow.pl\/wp-content\/uploads\/2016\/03\/Slajd6.jpg 960w, https:\/\/www.not-tarnow.pl\/wp-content\/uploads\/2016\/03\/Slajd6-300x225.jpg 300w\" sizes=\"(max-width: 768px) 100vw, 768px\" \/><\/a><\/p>\n<p>\u00a0W latach 2013-2015 w TJO-NOT Tarn\u00f3w opracowano i otwarto wystaw\u0119 pt.<i> <b>\u201eHistoria przemys\u0142u przetw\u00f3rczo-rolnego i spo\u017cywczego w Tarnowie i regionie oraz tradycja ich produktu\u201d<\/b><\/i>.<\/p>\n<p>Opr\u00f3cz walor\u00f3w edukacyjno-popularyzacyjnych wobec techniki, technologii i gospodarczego sukcesu firm wpisanych w histori\u0119 miasta i regionu, nasza TJO stara si\u0119 zaktywizowa\u0107 kole\u017canki i koleg\u00f3w do odtworzenia ko\u0142a Stowarzyszenia In\u017cynier\u00f3w i Technik\u00f3w Przemys\u0142u Spo\u017cywczego (SITPSpo\u017c). Ko\u0142o kt\u00f3re by\u0142o znacz\u0105cym, rekrutowanym i wspieranym przez \u015brodowisko z w\u00f3wczas du\u017cych zak\u0142ad\u00f3w przemys\u0142u przetw\u00f3rstwa owocowo-warzywnego \u201eFructona\u201d i \u201eOwintar\u201d oraz znane w kraju i regionie Zak\u0142ady Mi\u0119sne w Tarnowie.<\/p>\n<p>Wystawa przewidziana jest na roczn\u0105 ekspozycj\u0119 z cyklem konferencji. Pierwsza konferencja prezentowa\u0142a m.in. wspomnienia z bran\u017cy browarnictwa, przetw\u00f3rstwa mi\u0119snego oraz infrastruktury i przemys\u0142u determinuj\u0105cego rozw\u00f3j produkcji rolnej, tj. PFZA \u2013 Mo\u015bcice (pierwszej wielkiej przemys\u0142owej chemii w II RP, dzi\u015b protoplasty dla Grupy Azoty).<\/p>\n<p>Kolejna prezentowana z tematyk\u0105 historii i tradycji mleczarstwa, m\u0142ynarstwa z g\u0142\u0119boko osadzon\u0105 w mie\u015bcie i regionie tradycj\u0105 piekarnicz\u0105 oraz przetw\u00f3rstwa owocowo-warzywnego i winiarskiej produkcji wzbogaconej o tradycj\u0119 sk\u0142ad\u00f3w dystrybucji w\u0119gierskich win.<\/p>\n<p style=\"text-align: center;\"><a href=\"http:\/\/www.not-tarnow.pl\/wp-content\/uploads\/2016\/03\/okladka1.png\"><img decoding=\"async\" loading=\"lazy\" class=\"aligncenter  wp-image-1036\" alt=\"okladka\" src=\"http:\/\/www.not-tarnow.pl\/wp-content\/uploads\/2016\/03\/okladka1.png\" width=\"654\" height=\"438\" srcset=\"https:\/\/www.not-tarnow.pl\/wp-content\/uploads\/2016\/03\/okladka1.png 934w, https:\/\/www.not-tarnow.pl\/wp-content\/uploads\/2016\/03\/okladka1-300x200.png 300w\" sizes=\"(max-width: 654px) 100vw, 654px\" \/><\/a><\/p>\n<p style=\"text-align: center;\"><em>Album z wystawy na CD do nabycia w siedzibie TJO NOT Tarn\u00f3w.<\/em><\/p>\n","protected":false},"excerpt":{"rendered":"<p>\u00a0W latach 2013-2015 w TJO-NOT Tarn\u00f3w opracowano i otwarto wystaw\u0119 pt. \u201eHistoria przemys\u0142u przetw\u00f3rczo-rolnego i spo\u017cywczego w Tarnowie i regionie<\/p>\n","protected":false},"author":1,"featured_media":0,"parent":948,"menu_order":0,"comment_status":"open","ping_status":"closed","template":"","meta":{"footnotes":""},"_links":{"self":[{"href":"https:\/\/www.not-tarnow.pl\/index.php\/wp-json\/wp\/v2\/pages\/1021"}],"collection":[{"href":"https:\/\/www.not-tarnow.pl\/index.php\/wp-json\/wp\/v2\/pages"}],"about":[{"href":"https:\/\/www.not-tarnow.pl\/index.php\/wp-json\/wp\/v2\/types\/page"}],"author":[{"embeddable":true,"href":"https:\/\/www.not-tarnow.pl\/index.php\/wp-json\/wp\/v2\/users\/1"}],"replies":[{"embeddable":true,"href":"https:\/\/www.not-tarnow.pl\/index.php\/wp-json\/wp\/v2\/comments?post=1021"}],"version-history":[{"count":4,"href":"https:\/\/www.not-tarnow.pl\/index.php\/wp-json\/wp\/v2\/pages\/1021\/revisions"}],"predecessor-version":[{"id":1035,"href":"https:\/\/www.not-tarnow.pl\/index.php\/wp-json\/wp\/v2\/pages\/1021\/revisions\/1035"}],"up":[{"embeddable":true,"href":"https:\/\/www.not-tarnow.pl\/index.php\/wp-json\/wp\/v2\/pages\/948"}],"wp:attachment":[{"href":"https:\/\/www.not-tarnow.pl\/index.php\/wp-json\/wp\/v2\/media?parent=1021"}],"curies":[{"name":"wp","href":"https:\/\/api.w.org\/{rel}","templated":true}]}}