{"id":109,"date":"2013-01-25T09:45:55","date_gmt":"2013-01-25T08:45:55","guid":{"rendered":"http:\/\/www.not-tarnow.pl\/?page_id=109"},"modified":"2016-03-21T12:43:07","modified_gmt":"2016-03-21T11:43:07","slug":"2010-2","status":"publish","type":"page","link":"https:\/\/www.not-tarnow.pl\/index.php\/sprawozdania-2\/2010-2\/","title":{"rendered":"Sprawozdanie za rok 2010."},"content":{"rendered":"<h3 align=\"center\">Tematy z dzia\u0142alno\u015bci Terenowej Jednostki Organizacyjnej<br \/>\nNaczelnej Organizacji Technicznej FSNT Rady w Tarnowie<br \/>\nw 2010 roku:<\/h3>\n<p><strong>Przygotowano i przeprowadzono konferencje naukowo- techniczne w budynku TJO-NOT:<\/strong><\/p>\n<ol>\n<li>Konferencja pt. <b>\u201eRozw\u00f3j generacji wiatrowej a bilanse i rozp\u0142ywy mocy. Prognozy cen energii w kontek\u015bcie dyrektywy 3&#215;20, zmian do Prawa Energetycznego i potrzeb inwestycyjnych\u201d <\/b>\u2013 12.IV.2010 r.<br \/>\n<a href=\"http:\/\/www.not-tarnow.pl\/wp-content\/uploads\/2013\/01\/Sprawozdanie_2010\/rozwoj_generacji_wiatrowej\/index.html\">Galeria<\/a>,\u00a0<a href=\"http:\/\/www.not-tarnow.pl\/wp-content\/uploads\/2013\/01\/Zaproszenie-na-konferencj\u0119_12.04.pdf\">Konspekt<\/a><\/li>\n<li>Wyjazdowe <b>posiedzenie Polskiego Komitetu Naukowo-Technicznego FSNT \u2013 NOT<\/b> <b>Gospodarki Energetycznej.<\/b><br \/>\nZ eksponowan\u0105 wystaw\u0105 i docenion\u0105 przez Komitet Konferencje\u00a0 prezentuj\u0105c\u0105 pt. <i>\u201e70-lecie budowy pierwszej polskiej linii przesy\u0142owej n.n&#8230;.\u201d<\/i> \u2013 27.V.2010 r.<br \/>\n<a href=\"http:\/\/www.not-tarnow.pl\/wp-content\/uploads\/2013\/01\/Sprawozdanie_2010\/Komitet_ds_Energ_27.05.10\/index.html\">Galeria<\/a>.<\/li>\n<li><b>\u201eLider Inwestycji dla Tarnowa 2009\/2010\u201d <\/b>\u2013 wr\u0119czenie ber\u0142a FSNT-NOT Tarnowskim Wodoci\u0105gom Sp. z o.o. \u2013 28.VI.2010 r. Konferencja prezentuj\u0105ca historie i innowacyjne inwestycje w infrastruktur\u0119 Wod \u2013 kan. regionu.<br \/>\n<a href=\"http:\/\/www.not-tarnow.pl\/wp-content\/uploads\/2013\/01\/Sprawozdanie_2010\/Lider Inwestycji Tarnowa\/index.html\">Galeria<\/a>,\u00a0<a href=\"http:\/\/www.not-tarnow.pl\/wp-content\/uploads\/2013\/01\/Sprawozdanie_2010\/Lider Inwestycji Tarnowa\/zaproszenie_06.pdf\">Konspekt<\/a><\/li>\n<li>Seminarium tematyczne<b> \u201eEnergia z gruntu i powietrza\u201d <\/b>zrealizowana przez Zarz\u0105d NOTw ramach projektu <i>\u201eRozw\u00f3j energetyczny gmin w zgodzie z natur\u0105\u201d<\/i> prowadzonego przez Fundacj\u0119 Poszanowania Energii w Gda\u0144sku\u2013 14.VII.2010 r. <a href=\"http:\/\/www.not-tarnow.pl\/wp-content\/uploads\/2013\/01\/Sprawozdanie_2010\/Rozwoj_energ._gmin_14.07.2010\/index.html\">Galeria<\/a>,\u00a0<a href=\"http:\/\/www.not-tarnow.pl\/wp-content\/uploads\/2013\/01\/Sprawozdanie_2010\/Rozwoj_energ._gmin_14.07.2010\/Slajd_rozpoczynajacy.pdf\">Konspekt<\/a><\/li>\n<li>Konferencja pt. <b>\u201eInwestycje energetyczne w generacj\u0119 O.Z.E. na biogaz i biomas\u0119 \u2013 realizowane, planowane, potrzebne lub zaniechane w obszarze naszych sieci z ocen\u0105 do\u015bwiadcze\u0144 i spodziewanych efekt\u00f3w techniczno-ekonomicznych\u201d <\/b>\u2013 11.X.2010 r.<br \/>\n<a href=\"http:\/\/www.not-tarnow.pl\/wp-content\/uploads\/2013\/01\/Sprawozdanie_2010\/Inwestycje_OZE_biomasa_11.10.2010\/index.html\">Galeria<\/a>,\u00a0<a href=\"http:\/\/www.not-tarnow.pl\/wp-content\/uploads\/2013\/01\/Sprawozdanie_2010\/Inwestycje_OZE_biomasa_11.10.2010\/zaproszenie_NOT_11.X.2010.pdf\">Konspekt<\/a><\/li>\n<li>Otwarcie wystawy i konferencja pt. <b>\u201eRacjonalne zu\u017cycie energii a odpowiedzialny biznes\u201d<\/b> \u2013 organizator: Rada OPZZ Wojew\u00f3dztwa Ma\u0142opolskiego realizacja przez Zarz\u0105d Rady NOT w Tarnowie \u2013 3.XI.2010 r.<br \/>\n<a href=\"http:\/\/www.not-tarnow.pl\/wp-content\/uploads\/2013\/01\/Sprawozdanie_2010\/Konf_i_wystawa_OPZZ\/index.html\">Galeria<\/a>,\u00a0<a href=\"http:\/\/www.not-tarnow.pl\/wp-content\/uploads\/2013\/01\/Sprawozdanie_2010\/Konf_i_wystawa_OPZZ\/zapr_dla_wystawcow.pdf\">Konspekt<\/a><\/li>\n<li>Konferencja pt. <b>\u201eNowoczesne technologie \u2013 innowacyjno\u015b\u0107 techniczna wpisuj\u0105ca si\u0119 w odnawialne \u017ar\u00f3d\u0142a energii\u201d<\/b> \u2013 realizacja: Rada NOT w Tarnowie we wsp\u00f3\u0142pracy z SITR O\/Tarn\u00f3w \u2013 18.XI.2010 r.<br \/>\n<a href=\"http:\/\/www.not-tarnow.pl\/wp-content\/uploads\/2013\/01\/Sprawozdanie_2010\/Nowoczesne_technologie\/index.html\">Galeria<\/a>, <a href=\"http:\/\/www.not-tarnow.pl\/wp-content\/uploads\/2013\/01\/Sprawozdanie_2010\/Nowoczesne_technologie\/SITR-Zaproszenie.pdf\">Konspekt<\/a>.<\/li>\n<\/ol>\n<p><strong>Prace i prezentacje kontynuowane:<\/strong><\/p>\n<ul>\n<li>Prezentacja wystawy : 70-lecie budowy pierwszej linii najwy\u017cszych napi\u0119\u0107 150kV Mo\u015bcice \u2013 Starachowice- Warszawa oraz Inwestycje energetyczne Okr\u0119gowego Zak\u0142adu Elektrycznego Tarn\u00f3w w ramach Centralnego Okr\u0119gu Przemys\u0142owego<\/li>\n<li>Pomiary i opracowania techniczne u\u017cytecznej energii kinetycznej wiatru w rejonie Tarnowa<\/li>\n<li>Doradztwo w zakresie racjonalnego u\u017cytkowania energii i wykorzystania odnawialnych \u017ar\u00f3de\u0142 energii<\/li>\n<\/ul>\n<p><strong>Realizowane szkolenia:<\/strong><\/p>\n<ol>\n<li>Szkolenia BHP \u2013 okresowe<\/li>\n<\/ol>\n<p>Odbyto przewidywane zebrania Zarz\u0105du i Rady TJO-NOT w Tarnowie.<\/p>\n<p>Zarz\u0105d bra\u0142 czynny udzia\u0142 w okoliczno\u015bciowych konferencjach organizowanych przez w\u0142adze Miasta i Starostwa oraz uroczysto\u015bciach z okazji historycznych i gospodarczych rocznic i zdarze\u0144 organizowanych przez tutejsze samorz\u0105dy<br \/>\ni \u015brodowiska gospodarcze.<\/p>\n<p><strong>Multimedia ze spotka\u0144 i konferencji:<\/strong><\/p>\n<p><a href=\"http:\/\/www.not-tarnow.pl\/wp-content\/uploads\/2013\/01\/konf_podsumowanie_2010.pdf\">Prezentacja podsumowuj\u0105ca<\/a><\/p>\n<p>Do otwarcia galerii z konferencji mo\u017ce\u00a0by\u0107\u00a0potrzebna bezp\u0142atna wtyczka Adobe Flash kt\u00f3r\u0105\u00a0mo\u017cna\u00a0znale\u017a\u0107\u00a0pod adresem\u00a0<a href=\"http:\/\/get.adobe.com\/pl\/flashplayer\/\">ADOBE FLASH<\/a><\/p>\n<p>Materia\u0142y z konferencji\u00a0dost\u0119pne\u00a0s\u0105 w siedzibie Rady NOT w Tarnowie.<\/p>\n","protected":false},"excerpt":{"rendered":"<p>Tematy z dzia\u0142alno\u015bci Terenowej Jednostki Organizacyjnej Naczelnej Organizacji Technicznej FSNT Rady w Tarnowie w 2010 roku: Przygotowano i przeprowadzono konferencje<\/p>\n","protected":false},"author":1,"featured_media":0,"parent":936,"menu_order":0,"comment_status":"open","ping_status":"closed","template":"","meta":{"footnotes":""},"_links":{"self":[{"href":"https:\/\/www.not-tarnow.pl\/index.php\/wp-json\/wp\/v2\/pages\/109"}],"collection":[{"href":"https:\/\/www.not-tarnow.pl\/index.php\/wp-json\/wp\/v2\/pages"}],"about":[{"href":"https:\/\/www.not-tarnow.pl\/index.php\/wp-json\/wp\/v2\/types\/page"}],"author":[{"embeddable":true,"href":"https:\/\/www.not-tarnow.pl\/index.php\/wp-json\/wp\/v2\/users\/1"}],"replies":[{"embeddable":true,"href":"https:\/\/www.not-tarnow.pl\/index.php\/wp-json\/wp\/v2\/comments?post=109"}],"version-history":[{"count":29,"href":"https:\/\/www.not-tarnow.pl\/index.php\/wp-json\/wp\/v2\/pages\/109\/revisions"}],"predecessor-version":[{"id":134,"href":"https:\/\/www.not-tarnow.pl\/index.php\/wp-json\/wp\/v2\/pages\/109\/revisions\/134"}],"up":[{"embeddable":true,"href":"https:\/\/www.not-tarnow.pl\/index.php\/wp-json\/wp\/v2\/pages\/936"}],"wp:attachment":[{"href":"https:\/\/www.not-tarnow.pl\/index.php\/wp-json\/wp\/v2\/media?parent=109"}],"curies":[{"name":"wp","href":"https:\/\/api.w.org\/{rel}","templated":true}]}}