{"id":112,"date":"2013-01-25T09:46:51","date_gmt":"2013-01-25T08:46:51","guid":{"rendered":"http:\/\/www.not-tarnow.pl\/?page_id=112"},"modified":"2016-03-21T12:43:21","modified_gmt":"2016-03-21T11:43:21","slug":"2011-2","status":"publish","type":"page","link":"https:\/\/www.not-tarnow.pl\/index.php\/sprawozdania-2\/2011-2\/","title":{"rendered":"Sprawozdanie za rok 2011."},"content":{"rendered":"<h3 style=\"text-align: center;\" align=\"center\">Sprawozdanie z dzia\u0142alno\u015bci Terenowej Jednostki Organizacyjnej<br \/>\nNaczelnej Organizacji Technicznej FSNT Rady w Tarnowie<br \/>\nw 2011 roku:<\/h3>\n<p><strong>Przygotowano i przeprowadzono konferencje naukowo- techniczne w budynku TJO-NOT:<\/strong><\/p>\n<ol>\n<li style=\"text-align: justify;\">Konferencja pt. <b>\u201eLokalne zasoby geotermalne \u2013 mo\u017cliwo\u015bci wykorzystania w technikach grzewczych<br \/>\ni odnawialnych \u017ar\u00f3d\u0142ach energii\u201d. <\/b>\u2013 25 stycznia 2011r.<br \/>\n<a href=\"http:\/\/www.not-tarnow.pl\/wp-content\/uploads\/2013\/01\/Sprawozdanie_2011\/lokalne_geotermalne\/index.html\">Galeria<\/a>, <a href=\"http:\/\/www.not-tarnow.pl\/wp-content\/uploads\/2013\/01\/Sprawozdanie_2011\/lokalne_geotermalne\/ZaproszenieHL.pdf\">Konspekt<\/a>.<\/li>\n<li style=\"text-align: justify;\">Konferencja pt<b>: \u201eSkutki klimatycznych anomalii: szadzi, powodzi, oraz osuni\u0119\u0107 na infrastruktur\u0119 sieciow\u0105<br \/>\nw rejonie Wis\u0142y, Dunajca, Wis\u0142oki oraz uj\u015bcia Sanu. Projekty odbudowy i zabezpieczenia obiekt\u00f3w u progu zdarze\u0144 2011roku\u201d.<\/b> \u2013 3 marca 2011r.<br \/>\n<a href=\"http:\/\/www.not-tarnow.pl\/wp-content\/uploads\/2013\/01\/Sprawozdanie_2011\/skutki_klimatyczne_03.03.2011\/index.html\">Galeria<\/a>, <a href=\"http:\/\/www.not-tarnow.pl\/wp-content\/uploads\/2013\/01\/Sprawozdanie_2011\/skutki_klimatyczne_03.03.2011\/zaproszenie_na_konferencje.pdf\">Konspekt<\/a>.<\/li>\n<li style=\"text-align: justify;\">Konferencja pt:<b> \u201eRozw\u00f3j Energetyczny Gmin w Zgodzie z Natur\u0105\u201d.<\/b> \u2013 07 lipca 2011r.<br \/>\n<a href=\"http:\/\/www.not-tarnow.pl\/index.php\/aktualnosci\/rozwoj-energetyczny-gmin-w-zgodzie-z-natura-relacja-z-konferencji\/\">Wi\u0119cej&#8230;<\/a>.<\/li>\n<li style=\"text-align: justify;\">Konferencja zorganizowana w oktawie Zaduszek,<b>\u00a0po\u015bwi\u0119cona biografiom tarnowskich dyrektor\u00f3w, kt\u00f3rzy ponie\u015bli zas\u0142ugi w zrealizowaniu budynku tarnowskiego Oddzia\u0142u FSNT NOT i jego organizacyjnej aktywno\u015bci\u00a0\u00a0<\/b>\u2013<br \/>\n07 listopada 2011 r.<br \/>\n<a href=\"http:\/\/www.not-tarnow.pl\/wp-content\/uploads\/2013\/01\/Sprawozdanie_2011\/NOT_Zaduszki\/index.html\">Galeria<\/a>, <a href=\"http:\/\/www.not-tarnow.pl\/wp-content\/uploads\/2013\/01\/Sprawozdanie_2011\/NOT_Zaduszki\/zaproszenie_na_zaduszki.pdf\">Konspekt<\/a>.<\/li>\n<li style=\"text-align: justify;\">Konferencja pt:<b> \u201eGaz \u0142upkowy szans\u0105 krajowej energetyki \u2013 nadzieje i obawy\u201d.<\/b> \u2013\u00a0 08 grudnia 2011r.<br \/>\n<a href=\"http:\/\/www.not-tarnow.pl\/wp-content\/uploads\/2013\/01\/Sprawozdanie_2011\/gaz_lupkowy_08.12.2011\/index.html\">Galeria<\/a>, <a href=\"http:\/\/www.not-tarnow.pl\/wp-content\/uploads\/2013\/01\/Sprawozdanie_2011\/gaz_lupkowy_08.12.2011\/Zaproszenie_gaz_lupkowy.pdf\">Konspekt<\/a>.<\/li>\n<\/ol>\n<p><strong>Prace i prezentacje kontynuowane:<\/strong><\/p>\n<ul>\n<li style=\"text-align: justify;\">Prezentacja wystawy : 70-lecie budowy pierwszej linii najwy\u017cszych napi\u0119\u0107 150kV Mo\u015bcice \u2013 Starachowice- Warszawa oraz Inwestycje energetyczne Okr\u0119gowego Zak\u0142adu Elektrycznego Tarn\u00f3w w ramach Centralnego Okr\u0119gu Przemys\u0142owego<\/li>\n<li style=\"text-align: justify;\">Pomiary i opracowania techniczne u\u017cytecznej energii kinetycznej wiatru w rejonie Tarnowa<\/li>\n<li style=\"text-align: justify;\">Doradztwo w zakresie racjonalnego u\u017cytkowania energii i wykorzystania odnawialnych \u017ar\u00f3de\u0142 energii<\/li>\n<\/ul>\n<p><strong>Realizowane szkolenia:<\/strong><\/p>\n<ol>\n<li>Szkolenia BHP \u2013 okresowe<\/li>\n<\/ol>\n<p style=\"text-align: justify;\">Odbyto przewidywane zebrania Zarz\u0105du i Rady TJO-NOT w Tarnowie.<\/p>\n<p style=\"text-align: justify;\">Zarz\u0105d bra\u0142 czynny udzia\u0142 w okoliczno\u015bciowych konferencjach organizowanych przez w\u0142adze Miasta i Starostwa oraz uroczysto\u015bciach z okazji historycznych i gospodarczych rocznic i zdarze\u0144 organizowanych przez tutejsze samorz\u0105dy<br \/>\ni \u015brodowiska gospodarcze.<\/p>\n<p style=\"text-align: justify;\"><strong>Multimedia ze spotka\u0144 i konferencji:<\/strong><\/p>\n<p style=\"text-align: justify;\"><a href=\"http:\/\/www.not-tarnow.pl\/wp-content\/uploads\/2013\/01\/konf_podsumowanie_2011.pdf\">Prezentacja podsumowuj\u0105ca.<\/a><\/p>\n<p style=\"text-align: justify;\">Do otwarcia galerii z konferencji mo\u017ce\u00a0by\u0107\u00a0potrzebna bezp\u0142atna wtyczka Adobe Flash kt\u00f3r\u0105\u00a0mo\u017cna\u00a0znale\u017a\u0107\u00a0pod adresem\u00a0<a href=\"http:\/\/get.adobe.com\/pl\/flashplayer\/\">ADOBE FLASH<\/a><\/p>\n<p style=\"text-align: justify;\">Materia\u0142y z konferencji\u00a0dost\u0119pne\u00a0s\u0105 w siedzibie Rady NOT w Tarnowie.<\/p>\n","protected":false},"excerpt":{"rendered":"<p>Sprawozdanie z dzia\u0142alno\u015bci Terenowej Jednostki Organizacyjnej Naczelnej Organizacji Technicznej FSNT Rady w Tarnowie w 2011 roku: Przygotowano i przeprowadzono konferencje<\/p>\n","protected":false},"author":1,"featured_media":0,"parent":936,"menu_order":0,"comment_status":"open","ping_status":"closed","template":"","meta":{"footnotes":""},"_links":{"self":[{"href":"https:\/\/www.not-tarnow.pl\/index.php\/wp-json\/wp\/v2\/pages\/112"}],"collection":[{"href":"https:\/\/www.not-tarnow.pl\/index.php\/wp-json\/wp\/v2\/pages"}],"about":[{"href":"https:\/\/www.not-tarnow.pl\/index.php\/wp-json\/wp\/v2\/types\/page"}],"author":[{"embeddable":true,"href":"https:\/\/www.not-tarnow.pl\/index.php\/wp-json\/wp\/v2\/users\/1"}],"replies":[{"embeddable":true,"href":"https:\/\/www.not-tarnow.pl\/index.php\/wp-json\/wp\/v2\/comments?post=112"}],"version-history":[{"count":27,"href":"https:\/\/www.not-tarnow.pl\/index.php\/wp-json\/wp\/v2\/pages\/112\/revisions"}],"predecessor-version":[{"id":141,"href":"https:\/\/www.not-tarnow.pl\/index.php\/wp-json\/wp\/v2\/pages\/112\/revisions\/141"}],"up":[{"embeddable":true,"href":"https:\/\/www.not-tarnow.pl\/index.php\/wp-json\/wp\/v2\/pages\/936"}],"wp:attachment":[{"href":"https:\/\/www.not-tarnow.pl\/index.php\/wp-json\/wp\/v2\/media?parent=112"}],"curies":[{"name":"wp","href":"https:\/\/api.w.org\/{rel}","templated":true}]}}