{"id":1240,"date":"2017-03-01T14:00:11","date_gmt":"2017-03-01T13:00:11","guid":{"rendered":"http:\/\/www.not-tarnow.pl\/?page_id=1240"},"modified":"2019-05-13T13:58:44","modified_gmt":"2019-05-13T11:58:44","slug":"audyty-energetyczne-przedsiebiorstw","status":"publish","type":"page","link":"https:\/\/www.not-tarnow.pl\/index.php\/audyty-energetyczne-przedsiebiorstw\/","title":{"rendered":"Audyty energetyczne przedsi\u0119biorstw"},"content":{"rendered":"<h5><em><strong>Ustawa o efektywno\u015bci energetycznej z 20.05.2016 (art. 36.pkt 1) okre\u015bla obowi\u0105zek przeprowadzania raz na 4 lata audytu energetycznego du\u017cego przedsi\u0119biorstwa ( z wyj\u0105tkiem przypadk\u00f3w opisanych w art. 36 pkt 2).<\/strong><\/em><\/h5>\n<h4><span style=\"color: #800000;\"><strong>Oferta szkole\u0144 z zakresu \u015bwiadectw charakterystyki energetycznej, audytu energetycznego, audytu efektywno\u015bci energetycznej oraz audytu energetycznego przedsi\u0119biorstw<\/strong><\/span><\/h4>\n<p>&nbsp;<\/p>\n<p><strong>1.<u> Modu\u0142- Szkolenie dla audytor\u00f3w energetycznych: \u015bwiadectwa charakterystyki energetycznej i audyty energetyczne budynk\u00f3w<\/u><\/strong><\/p>\n<p><strong>Zaj\u0119cia obejmuj\u0105 8 dni szkolenia po 8h zegarowych <\/strong><\/p>\n<p>Celem szkolenia jest opanowanie zasad i metod wykonywania \u015bwiadectw charakterystyki energetycznej budynk\u00f3w na podstawie Ustawy z dnia 29 sierpnia 2014 r. o charakterystyce Energetycznej oraz audyt\u00f3w energetycznych budynk\u00f3w zgodnie z Ustaw\u0105 z dnia 21 listopada 2008 r (z p\u00f3\u017aniejszymi zmianami) \u201eo wspieraniu termomodernizacji i remont\u00f3w\u201d oraz rozporz\u0105dzeniami wydanymi do tych ustaw.<\/p>\n<p>Szkolenie w ci\u0105gu 8 dni przedstawia krok po kroku:<\/p>\n<p>&#8211; zasady prawne<\/p>\n<p>&#8211; metody obliczeniowe charakterystyki energetycznej budynk\u00f3w<\/p>\n<p>&#8211; sposoby zmniejszenia zapotrzebowania na ciep\u0142o do ogrzewania i klimatyzacji budynk\u00f3w oraz na potrzeby przygotowania ciep\u0142ej wody u\u017cytkowej<\/p>\n<p>&#8211; metody obliczenia audyt\u00f3w energetycznych budynk\u00f3w.<\/p>\n<p>Podczas szkolenia uczestnicy zapoznaj\u0105 si\u0119 obs\u0142ug\u0105 z program\u00f3w komputerowych: Builddesk i Arcadia Termo Pro s\u0142u\u017c\u0105cymi do oblicze\u0144 charakterystyki energetycznej budynk\u00f3w oraz (Arcadia Termo Pro) wykonania audytu energetycznego. Nast\u0119pnie na zaj\u0119ciach wykonywane s\u0105 zar\u00f3wno \u015bwiadectwa charakterystyki energetycznej dla przyk\u0142adowych budynk\u00f3w jak i audyty energetyczne.<\/p>\n<p><strong>Koszt szkolenia<\/strong> <strong>od osoby w grupie min. 8 os\u00f3b: 1 500,00z\u0142<\/strong><\/p>\n<p>&nbsp;<\/p>\n<p><strong>\u00a02. <\/strong><strong><u>Modu\u0142- Szkolenie dla audytor\u00f3w efektywno\u015bci energetycznej oraz audyt\u00f3w energetycznych przedsi\u0119biorstw:<\/u><\/strong><\/p>\n<p><strong>Zaj\u0119cia obejmuj\u0105 3 dni szkolenia po 8h zegarowych <\/strong><\/p>\n<p>Szkolenie opiera si\u0119 na za\u0142o\u017ceniu, \u017ce uczestnicy opanowali wykonywanie audyt\u00f3w energetycznych budynk\u00f3w, na szkoleniu, kt\u00f3re jest opisane w pkt 1 lub samodzielnie. To szkolenie ma na celu rozszerzenie wiedzy audytor\u00f3w energetycznych lub os\u00f3b zmierzaj\u0105cych po kursie dla audytor\u00f3w zaj\u0105\u0107 si\u0119 t\u0105 dziedzin\u0105 o tematy dotycz\u0105ce audytu efektywno\u015bci energetycznej oraz audyt\u00f3w energetycznych przedsi\u0119biorstw.<\/p>\n<p>Om\u00f3wiona zostanie Ustawa o Efektywno\u015bci Energetycznej z 20.05.16 (obowi\u0105zuj\u0105ca od 1.10.16), oraz rozporz\u0105dzenia Ministra Gospodarki z dnia 10 sierpnia 2012 r. \u201ew sprawie szczeg\u00f3\u0142owego zakresu i sposobu sporz\u0105dzania audytu efektywno\u015bci energetycznej, wzoru karty audytu efektywno\u015bci energetycznej oraz metod obliczania oszcz\u0119dno\u015bci energii\u201d. Przedstawione zostan\u0105 sposoby o na popraw\u0119 efektywno\u015bci energetycznej oraz zasady ich stosowania. Om\u00f3wione zostan\u0105 zar\u00f3wno metody zmniejszenia zu\u017cycia energii jak i wykorzystanie w tym celu energii odnawialnych. Uczestnicy zostan\u0105 zapoznani z zasadami przeprowadzania audytu energetycznego przedsi\u0119biorstwa wynikaj\u0105cymi z w\/w ustawy oraz rozporz\u0105dzenia Ministra Gospodarki z dnia 10 sierpnia 2012 r. \u201ew sprawie szczeg\u00f3\u0142owego zakresu i sposobu sporz\u0105dzania audytu efektywno\u015bci energetycznej, wzoru karty audytu efektywno\u015bci energetycznej oraz metod obliczania oszcz\u0119dno\u015bci energii\u201d. Om\u00f3wione zostan\u0105 r\u00f3wnie\u017c wytyczne NFO\u015aiGW w zakresie audyt\u00f3w energetycznych przedsi\u0119biorstw przedstawione w dokumentach funduszu:<\/p>\n<ol>\n<li>\u201eOpracowanie zakresu oraz zasad wykonania audytu energetycznego do programu \u201eWsparcie przedsi\u0119biorc\u00f3w w zakresie niskoemisyjnej i zasobooszcz\u0119dnej gospodarki\u201d Narodowego Funduszu Ochrony \u015brodowiska i Gospodarki Wodnej<\/li>\n<li>\u201eWytyczne dla opracowania zakresu i zasad wykonania audytu energetycznego dla programu priorytetowego Poprawa efektywno\u015bci energetycznej Cz\u0119\u015b\u0107 3) Inwestycje energooszcz\u0119dne w ma\u0142ych i \u015brednich przedsi\u0119biorstwach.<\/li>\n<\/ol>\n<p>Wytyczne te przedstawiaj\u0105 m.in. podzia\u0142 audytu energetycznego na nast\u0119puj\u0105ce cz\u0119\u015bci:<\/p>\n<p>a) AUDYTY ENERGETYCZNE BUDYNK\u00d3W PRZEMYS\u0141OWYCH<\/p>\n<p>b) AUDYTY ENERGETYCZNE SIECI CIEP\u0141OWNICZYCH<\/p>\n<p>c) AUDYTY ENERGETYCZNE \u0179R\u00d3DE\u0141 CIEP\u0141A\/ENERGII ELEKTRYCZNEJ\/CH\u0141ODU<\/p>\n<p>d) AUDYTY ENERGETYCZNE PROCES\u00d3W TECHNOLOGICZNYCH<\/p>\n<p>e) AUDYTY ENERGETYCZNE O\u015aWIETLENIA<\/p>\n<p>Nast\u0119pnie uczestnicy kursu przyk\u0142adowe audyty z zastawianiem metody uproszczonej przedstawionej w rozporz\u0105dzeniu oraz audyty lokalnego \u017ar\u00f3d\u0142a ciep\u0142a i sieci ciep\u0142owniczej.<\/p>\n<p>Uczestnicy obu szkole\u0144 otrzymuj\u0105 materia\u0142y szkoleniowe w postaci plik\u00f3w przygotowanych na to szkolenie do pobrania z dysku wirtualnego.<\/p>\n<p><strong>Koszt szkolenia od osoby w grupie min. 8 os\u00f3b: 600,00z\u0142<\/strong><\/p>\n<p><strong>\u0141\u0105czny koszt obu modu\u0142\u00f3w: 2100 z\u0142 od osoby.<\/strong><\/p>\n<p>Koszt w obu przypadkach obejmuje:<\/p>\n<ol>\n<li>przeprowadzenie szkolenia<\/li>\n<li>catering podczas zaj\u0119\u0107 (przerwy kawowe i obiad).<\/li>\n<li>w\/w materia\u0142y szkoleniowe w postaci plik\u00f3w komputerowych.<\/li>\n<\/ol>\n<p>Szkolenia odbywaj\u0105 si\u0119 w Tarnowie w budynku Naczelnej Organizacji Technicznej, Rynek 10.<\/p>\n<p>Na \u017cyczenie klient\u00f3w jest mo\u017cliwo\u015b\u0107 zorganizowania szkolenia w innych miastach, pod warunkiem zebrania 12 os\u00f3b zainteresowanych tym samych szkoleniem.<\/p>\n<p>__________________________________<\/p>\n<p><em>W przypadku zainteresowania bezp\u0142atn\u0105 wycen\u0105 audytu prosimy o wype\u0142nienie formularza i przes\u0142anie go na adres e-mail: <a href=\"http:\/\/www.not-tarnow.pl\/wp-content\/uploads\/2017\/03\/formularz-do-wyceny-audytu-przedsiebiorstwa.pdf\">formularz-do-wyceny-audytu-przedsiebiorstwa<\/a><\/em><\/p>\n<p><em>Szczeg\u00f3\u0142owe informacje pod nr tel. 14-630-01-72, e-mail: <a href=\"mailto:nottarnow@wp.pl\">nottarnow@wp.pl<\/a><\/em><\/p>\n","protected":false},"excerpt":{"rendered":"<p>Ustawa o efektywno\u015bci energetycznej z 20.05.2016 (art. 36.pkt 1) okre\u015bla obowi\u0105zek przeprowadzania raz na 4 lata audytu energetycznego du\u017cego przedsi\u0119biorstwa<\/p>\n","protected":false},"author":1,"featured_media":0,"parent":0,"menu_order":0,"comment_status":"closed","ping_status":"closed","template":"","meta":{"footnotes":""},"_links":{"self":[{"href":"https:\/\/www.not-tarnow.pl\/index.php\/wp-json\/wp\/v2\/pages\/1240"}],"collection":[{"href":"https:\/\/www.not-tarnow.pl\/index.php\/wp-json\/wp\/v2\/pages"}],"about":[{"href":"https:\/\/www.not-tarnow.pl\/index.php\/wp-json\/wp\/v2\/types\/page"}],"author":[{"embeddable":true,"href":"https:\/\/www.not-tarnow.pl\/index.php\/wp-json\/wp\/v2\/users\/1"}],"replies":[{"embeddable":true,"href":"https:\/\/www.not-tarnow.pl\/index.php\/wp-json\/wp\/v2\/comments?post=1240"}],"version-history":[{"count":13,"href":"https:\/\/www.not-tarnow.pl\/index.php\/wp-json\/wp\/v2\/pages\/1240\/revisions"}],"predecessor-version":[{"id":1730,"href":"https:\/\/www.not-tarnow.pl\/index.php\/wp-json\/wp\/v2\/pages\/1240\/revisions\/1730"}],"wp:attachment":[{"href":"https:\/\/www.not-tarnow.pl\/index.php\/wp-json\/wp\/v2\/media?parent=1240"}],"curies":[{"name":"wp","href":"https:\/\/api.w.org\/{rel}","templated":true}]}}