{"id":1330,"date":"2017-12-11T13:22:58","date_gmt":"2017-12-11T12:22:58","guid":{"rendered":"http:\/\/www.not-tarnow.pl\/?page_id=1330"},"modified":"2017-12-11T13:23:40","modified_gmt":"2017-12-11T12:23:40","slug":"sprawozdanie-za-2016","status":"publish","type":"page","link":"https:\/\/www.not-tarnow.pl\/index.php\/sprawozdania-2\/sprawozdanie-za-2016\/","title":{"rendered":"Sprawozdanie za 2016"},"content":{"rendered":"<p style=\"text-align: center;\"><strong><em>Sprawozdanie z dzia\u0142alno\u015bci TJO<\/em><\/strong><\/p>\n<p style=\"text-align: center;\"><strong><em>Naczelnej Organizacji Technicznej FSNT Rady w Tarnowie <\/em><\/strong><\/p>\n<p style=\"text-align: center;\"><strong><em>w 2016 roku<\/em><\/strong><\/p>\n<p style=\"text-align: center;\">\n<p><strong><u>Zorganizowano i przeprowadzono konferencje naukowo-techniczne w TJO-NOT:<\/u><\/strong><\/p>\n<ol>\n<li>Konferencja pt. <strong>\u201eZASOBY ENERGII ODNAWIALNEJ W REGIONIE TARNOWA\u201d<\/strong><\/li>\n<\/ol>\n<p>01 luty 2016 r.<\/p>\n<ol start=\"2\">\n<li>Konferencja pt.<strong> \u201eENERGETYKA WODNA DUNAJCA<\/strong> <strong>w historii i perspektywie\u201d<\/strong><\/li>\n<\/ol>\n<p>19 luty 2016 r.<\/p>\n<ol start=\"3\">\n<li>Konferencja pt.<strong> \u201eKierunki determinuj\u0105ce oszcz\u0119dno\u015b\u0107<\/strong> <strong>surowc\u00f3w energetycznych racjonalno\u015b\u0107 infrastruktur produkcji i dystrybucji w realiach tarnowskich firm\u201d<\/strong><\/li>\n<\/ol>\n<p>3 czerwiec 2016 r.<\/p>\n<ol start=\"4\">\n<li>Konferencja pt. \u201e<strong>Inwestycje w tarnowski w\u0119ze\u0142 kolejowy i szybk\u0105 trakcj\u0119 PKP 2014-2016\u201d<\/strong><\/li>\n<\/ol>\n<p>24 pa\u017adziernika 2016 r.<\/p>\n<ol start=\"5\">\n<li>Konferencja pt. <strong>\u201eIII Patenty<\/strong> &#8211; <strong>Innowacyjne instalacje wiatrowe generacji elektrycznej\u201d<\/strong><\/li>\n<\/ol>\n<p>18 listopada 2016 r.<\/p>\n<ol start=\"6\">\n<li>Konferencja pt. <strong><em>\u201eW 100-lecie I Wojny \u015awiatowej \u2013 i jej Tarnowskiego frontu &#8211; ekspozycja wystawy w Domu Technika\u201d <\/em><\/strong><em>(wsp\u00f3\u0142finansowana ze \u015brodk\u00f3w UM Tarn\u00f3w)<\/em><\/li>\n<\/ol>\n<p>&#8211; 22 listopada 2016 r.<\/p>\n<p>&#8211; 24 listopada 2016 r. \u2013 dla m\u0142odzie\u017cy szkolnej<\/p>\n<ol start=\"7\">\n<li><strong><em>Wspomnienia<\/em><\/strong> <strong><em>Zaduszkowe <\/em><\/strong><em>w tradycji listopadowej zadumy i szacunku dla pami\u0119ci zmar\u0142ych ze stowarzysze\u0144 technicznych Tarnowa i z cyklu wspomnie\u0144 o bliskich z album\u00f3w rodzinnych, a uczestnik\u00f3w Wielkiej Wojny <\/em>\u2013 29.11.2016 r.<\/li>\n<\/ol>\n<p><strong><u>\u00a0<\/u><\/strong><\/p>\n<p><strong><u>Zorganizowano i przeprowadzono seminaria:<\/u><\/strong><\/p>\n<ol>\n<li>Seminarium szkoleniowe z bran\u017cy og\u00f3lnobudowlanej pt. \u201e<strong><em>Zmiany w przepisach dotycz\u0105ce bezpiecze\u0144stwa pracy w budownictwie\u201d <\/em><\/strong>(wsp\u00f3\u0142organizacja z MOIIB)<\/li>\n<\/ol>\n<p>7 marca 2016 r.<\/p>\n<ol start=\"2\">\n<li>Seminarium tematyczne pt. <strong>\u201dEFEKTYWNA TERMOMODERNIZACJA Z ZASTOSOWANIEM INNOWACYJNYCH ROZWI\u0104ZA\u0143\u201d <\/strong>(wsp\u00f3\u0142organizacja z MOIIB)<\/li>\n<\/ol>\n<p>4 listopada 2016 r<\/p>\n<p><strong><em>\u00a0<\/em><\/strong><\/p>\n<p><strong><u>Zrealizowano zadania publiczne:<\/u><\/strong><\/p>\n<ol>\n<li>Projekt pt. \u201e<strong><em>W 100-lecie I Wojny \u015awiatowej \u2013 i jej Tarnowskiego frontu &#8211; ekspozycja wystawy w Domu Technika\u201d <\/em><\/strong>wsp\u00f3\u0142finansowany z bud\u017cetu Miasta Tarnowa \u2013 Zadanie WKL \u2013 2.2 \u201eWydawnictwa o Tarnowie\u201d<\/li>\n<li>Projekt pt. \u201e<strong><em>NOT-owskie Zaduszki\u201d <\/em><\/strong>wsp\u00f3\u0142finansowany z bud\u017cetu Miasta Tarnowa \u2013 Zadanie WKL \u2013 3 \u201eWydawnictwa o Tarnowie\u201d.<\/li>\n<\/ol>\n<p>&nbsp;<\/p>\n<p>Odbyto przewidywane zebrania Zarz\u0105du i Rady TJO-NOT w Tarnowie.<\/p>\n<p>Zarz\u0105d bra\u0142 czynny udzia\u0142 w okoliczno\u015bciowych konferencjach organizowanych przez w\u0142adze Miasta oraz uroczysto\u015bciach z okazji historycznych i gospodarczych rocznic oraz zdarze\u0144 organizowanych przez tutejsze samorz\u0105dy i \u015brodowiska gospodarcze.<\/p>\n<p>Prezes Zarz\u0105du TJO-NOT jest cz\u0142onkiem i aktywnie uczestniczy w Radzie Gospodarczej przy Prezydencie Miasta Tarnowa.<\/p>\n<p>Rozwijamy udanie konferencyjn\u0105 wsp\u00f3\u0142prac\u0119 z Ma\u0142opolsk\u0105 Okr\u0119gow\u0105 Izb\u0105 In\u017cynier\u00f3w Budownictwa oraz tematyczn\u0105 z Pa\u0144stwow\u0105 Wy\u017csz\u0105 Szko\u0142\u0105 Zawodow\u0105 w Tarnowie.<\/p>\n<p>Jeste\u015bmy wsp\u00f3\u0142organizatorem okr\u0119gowej Olimpiady Wiedzy Technicznej i aktywizujemy umowy wsp\u00f3\u0142pracy z Zespo\u0142em Szk\u00f3\u0142 Technicznych w Tarnowie-Mo\u015bcicach.<\/p>\n","protected":false},"excerpt":{"rendered":"<p>Sprawozdanie z dzia\u0142alno\u015bci TJO Naczelnej Organizacji Technicznej FSNT Rady w Tarnowie w 2016 roku Zorganizowano i przeprowadzono konferencje naukowo-techniczne w<\/p>\n","protected":false},"author":1,"featured_media":0,"parent":936,"menu_order":0,"comment_status":"closed","ping_status":"closed","template":"","meta":{"footnotes":""},"_links":{"self":[{"href":"https:\/\/www.not-tarnow.pl\/index.php\/wp-json\/wp\/v2\/pages\/1330"}],"collection":[{"href":"https:\/\/www.not-tarnow.pl\/index.php\/wp-json\/wp\/v2\/pages"}],"about":[{"href":"https:\/\/www.not-tarnow.pl\/index.php\/wp-json\/wp\/v2\/types\/page"}],"author":[{"embeddable":true,"href":"https:\/\/www.not-tarnow.pl\/index.php\/wp-json\/wp\/v2\/users\/1"}],"replies":[{"embeddable":true,"href":"https:\/\/www.not-tarnow.pl\/index.php\/wp-json\/wp\/v2\/comments?post=1330"}],"version-history":[{"count":1,"href":"https:\/\/www.not-tarnow.pl\/index.php\/wp-json\/wp\/v2\/pages\/1330\/revisions"}],"predecessor-version":[{"id":1331,"href":"https:\/\/www.not-tarnow.pl\/index.php\/wp-json\/wp\/v2\/pages\/1330\/revisions\/1331"}],"up":[{"embeddable":true,"href":"https:\/\/www.not-tarnow.pl\/index.php\/wp-json\/wp\/v2\/pages\/936"}],"wp:attachment":[{"href":"https:\/\/www.not-tarnow.pl\/index.php\/wp-json\/wp\/v2\/media?parent=1330"}],"curies":[{"name":"wp","href":"https:\/\/api.w.org\/{rel}","templated":true}]}}