{"id":18,"date":"2013-01-22T11:30:00","date_gmt":"2013-01-22T10:30:00","guid":{"rendered":"http:\/\/www.not-tarnow.pl\/?page_id=18"},"modified":"2026-02-23T22:52:39","modified_gmt":"2026-02-23T21:52:39","slug":"o-nas","status":"publish","type":"page","link":"https:\/\/www.not-tarnow.pl\/index.php\/o-nas\/","title":{"rendered":"O Nas"},"content":{"rendered":"<p><!-- [if gte mso 9]><span data-mce-type=\"bookmark\" style=\"display: inline-block; width: 0px; overflow: hidden; line-height: 0;\" class=\"mce_SELRES_start\"><\/span><xml>\n<w:WordDocument>\n<w:View>Normal<\/w:View>\n<w:Zoom>0<\/w:Zoom>\n<w:HyphenationZone>21<\/w:HyphenationZone>\n<w:PunctuationKerning\/>\n<w:ValidateAgainstSchemas\/>\n<w:SaveIfXMLInvalid>false<\/w:SaveIfXMLInvalid>\n<w:IgnoreMixedContent>false<\/w:IgnoreMixedContent>\n<w:AlwaysShowPlaceholderText>false<\/w:AlwaysShowPlaceholderText>\n<w:Compatibility>\n<w:BreakWrappedTables\/>\n<w:SnapToGridInCell\/>\n<w:WrapTextWithPunct\/>\n<w:UseAsianBreakRules\/>\n<w:DontGrowAutofit\/>\n<\/w:Compatibility>\n<w:BrowserLevel>MicrosoftInternetExplorer4<\/w:BrowserLevel>\n<\/w:WordDocument>\n<\/xml><![endif]--><\/p>\n<p><!-- [if gte mso 9]><xml>\n<w:LatentStyles DefLockedState=\"false\" LatentStyleCount=\"156\">\n<\/w:LatentStyles>\n<\/xml><![endif]--><!-- [if gte mso 10]>\n\n\n\n<style>\n \/* Style Definitions *\/<br \/> table.MsoNormalTable<br \/>\t{mso-style-name:Standardowy;<br \/>\tmso-tstyle-rowband-size:0;<br \/>\tmso-tstyle-colband-size:0;<br \/>\tmso-style-noshow:yes;<br \/>\tmso-style-parent:\"\";<br \/>\tmso-padding-alt:0cm 5.4pt 0cm 5.4pt;<br \/>\tmso-para-margin:0cm;<br \/>\tmso-para-margin-bottom:.0001pt;<br \/>\tmso-pagination:widow-orphan;<br \/>\tfont-size:10.0pt;<br \/>\tfont-family:\"Times New Roman\";<br \/>\tmso-ansi-language:#0400;<br \/>\tmso-fareast-language:#0400;<br \/>\tmso-bidi-language:#0400;}<br \/><\/style>\n\n<![endif]--><\/p>\n<p class=\"MsoNormal\"><!-- [if gte mso 9]><xml>\n<w:WordDocument>\n<w:View>Normal<\/w:View>\n<w:Zoom>0<\/w:Zoom>\n<w:HyphenationZone>21<\/w:HyphenationZone>\n<w:PunctuationKerning\/>\n<w:ValidateAgainstSchemas\/>\n<w:SaveIfXMLInvalid>false<\/w:SaveIfXMLInvalid>\n<w:IgnoreMixedContent>false<\/w:IgnoreMixedContent>\n<w:AlwaysShowPlaceholderText>false<\/w:AlwaysShowPlaceholderText>\n<w:Compatibility>\n<w:BreakWrappedTables\/>\n<w:SnapToGridInCell\/>\n<w:WrapTextWithPunct\/>\n<w:UseAsianBreakRules\/>\n<w:DontGrowAutofit\/>\n<\/w:Compatibility>\n<w:BrowserLevel>MicrosoftInternetExplorer4<\/w:BrowserLevel>\n<\/w:WordDocument>\n<\/xml><![endif]--><\/p>\n<p class=\"MsoNormal\"><!-- [if gte mso 9]><xml>\n<w:LatentStyles DefLockedState=\"false\" LatentStyleCount=\"156\">\n<\/w:LatentStyles>\n<\/xml><![endif]--><!-- [if gte mso 10]>\n\n\n\n<style>\n \/* Style Definitions *\/<br \/> table.MsoNormalTable<br \/>\t{mso-style-name:Standardowy;<br \/>\tmso-tstyle-rowband-size:0;<br \/>\tmso-tstyle-colband-size:0;<br \/>\tmso-style-noshow:yes;<br \/>\tmso-style-parent:\"\";<br \/>\tmso-padding-alt:0cm 5.4pt 0cm 5.4pt;<br \/>\tmso-para-margin:0cm;<br \/>\tmso-para-margin-bottom:.0001pt;<br \/>\tmso-pagination:widow-orphan;<br \/>\tfont-size:10.0pt;<br \/>\tfont-family:\"Times New Roman\";<br \/>\tmso-ansi-language:#0400;<br \/>\tmso-fareast-language:#0400;<br \/>\tmso-bidi-language:#0400;}<br \/><\/style>\n\n<![endif]--><\/p>\n<h6 align=\"center\"><img decoding=\"async\" loading=\"lazy\" class=\"aligncenter size-full wp-image-5228\" src=\"http:\/\/www.not-tarnow.pl\/wp-content\/uploads\/2023\/12\/NOT_TARNOW.jpg\" alt=\"\" width=\"591\" height=\"976\" srcset=\"https:\/\/www.not-tarnow.pl\/wp-content\/uploads\/2023\/12\/NOT_TARNOW.jpg 591w, https:\/\/www.not-tarnow.pl\/wp-content\/uploads\/2023\/12\/NOT_TARNOW-182x300.jpg 182w\" sizes=\"(max-width: 591px) 100vw, 591px\" \/><\/h6>\n<h6 align=\"center\"><img decoding=\"async\" loading=\"lazy\" class=\"aligncenter wp-image-5290 size-full\" src=\"http:\/\/www.not-tarnow.pl\/wp-content\/uploads\/2023\/12\/1-zdj.-misja-poprawione.jpg\" alt=\"\" width=\"904\" height=\"628\" srcset=\"https:\/\/www.not-tarnow.pl\/wp-content\/uploads\/2023\/12\/1-zdj.-misja-poprawione.jpg 904w, https:\/\/www.not-tarnow.pl\/wp-content\/uploads\/2023\/12\/1-zdj.-misja-poprawione-300x208.jpg 300w, https:\/\/www.not-tarnow.pl\/wp-content\/uploads\/2023\/12\/1-zdj.-misja-poprawione-768x534.jpg 768w, https:\/\/www.not-tarnow.pl\/wp-content\/uploads\/2023\/12\/1-zdj.-misja-poprawione-392x272.jpg 392w, https:\/\/www.not-tarnow.pl\/wp-content\/uploads\/2023\/12\/1-zdj.-misja-poprawione-130x90.jpg 130w\" sizes=\"(max-width: 904px) 100vw, 904px\" \/><img decoding=\"async\" loading=\"lazy\" class=\"aligncenter size-full wp-image-5949\" src=\"http:\/\/www.not-tarnow.pl\/wp-content\/uploads\/2024\/01\/zdj.3-1.jpg\" alt=\"\" width=\"906\" height=\"490\" srcset=\"https:\/\/www.not-tarnow.pl\/wp-content\/uploads\/2024\/01\/zdj.3-1.jpg 906w, https:\/\/www.not-tarnow.pl\/wp-content\/uploads\/2024\/01\/zdj.3-1-300x162.jpg 300w, https:\/\/www.not-tarnow.pl\/wp-content\/uploads\/2024\/01\/zdj.3-1-768x415.jpg 768w\" sizes=\"(max-width: 906px) 100vw, 906px\" \/><\/h6>\n<h6 align=\"center\"><img decoding=\"async\" loading=\"lazy\" class=\"aligncenter wp-image-5288 size-full\" src=\"http:\/\/www.not-tarnow.pl\/wp-content\/uploads\/2023\/12\/3-zdj.poprawione.jpg\" alt=\"\" width=\"907\" height=\"702\" srcset=\"https:\/\/www.not-tarnow.pl\/wp-content\/uploads\/2023\/12\/3-zdj.poprawione.jpg 907w, https:\/\/www.not-tarnow.pl\/wp-content\/uploads\/2023\/12\/3-zdj.poprawione-300x232.jpg 300w, https:\/\/www.not-tarnow.pl\/wp-content\/uploads\/2023\/12\/3-zdj.poprawione-768x594.jpg 768w\" sizes=\"(max-width: 907px) 100vw, 907px\" \/><\/h6>\n<p><img decoding=\"async\" loading=\"lazy\" class=\"aligncenter size-large wp-image-7888\" src=\"http:\/\/www.not-tarnow.pl\/wp-content\/uploads\/2026\/02\/IMG_20251028_164953629_HDR-1024x766.jpg\" alt=\"\" width=\"800\" height=\"598\" srcset=\"https:\/\/www.not-tarnow.pl\/wp-content\/uploads\/2026\/02\/IMG_20251028_164953629_HDR-1024x766.jpg 1024w, https:\/\/www.not-tarnow.pl\/wp-content\/uploads\/2026\/02\/IMG_20251028_164953629_HDR-300x224.jpg 300w, https:\/\/www.not-tarnow.pl\/wp-content\/uploads\/2026\/02\/IMG_20251028_164953629_HDR-768x575.jpg 768w, https:\/\/www.not-tarnow.pl\/wp-content\/uploads\/2026\/02\/IMG_20251028_164953629_HDR-1536x1149.jpg 1536w, https:\/\/www.not-tarnow.pl\/wp-content\/uploads\/2026\/02\/IMG_20251028_164953629_HDR-2048x1532.jpg 2048w\" sizes=\"(max-width: 800px) 100vw, 800px\" \/><\/p>\n<p><img decoding=\"async\" loading=\"lazy\" class=\"aligncenter size-full wp-image-5292\" src=\"http:\/\/www.not-tarnow.pl\/wp-content\/uploads\/2023\/12\/Stowarzyszenia-NOT.jpg\" alt=\"\" width=\"896\" height=\"163\" srcset=\"https:\/\/www.not-tarnow.pl\/wp-content\/uploads\/2023\/12\/Stowarzyszenia-NOT.jpg 896w, https:\/\/www.not-tarnow.pl\/wp-content\/uploads\/2023\/12\/Stowarzyszenia-NOT-300x55.jpg 300w, https:\/\/www.not-tarnow.pl\/wp-content\/uploads\/2023\/12\/Stowarzyszenia-NOT-768x140.jpg 768w\" sizes=\"(max-width: 896px) 100vw, 896px\" \/><\/p>\n<ul>\n<li><span style=\"color: #0000ff;\"><em><a style=\"color: #0000ff;\" href=\"http:\/\/www.sitpchemtarnow.pl\/\">Stowarzyszenie In\u017cynier\u00f3w i Technik\u00f3w Przemys\u0142u Chemicznego \u2013 SITPChem<\/a><\/em><\/span><\/li>\n<li><span style=\"color: #0000ff;\"><em><a style=\"color: #0000ff;\" href=\"http:\/\/www.sep-tarnow.com.pl\/\">Stowarzyszenie Elektryk\u00f3w Polskich \u2013 SEP<\/a><\/em><\/span><\/li>\n<li><span style=\"color: #0000ff;\"><em><a style=\"color: #0000ff;\" href=\"http:\/\/www.simp.com.pl\/\">Stowarzyszenie In\u017cynier\u00f3w i Technik\u00f3w Mechanik\u00f3w Polskich \u2013 SIMP<\/a><\/em><\/span><\/li>\n<li><span style=\"color: #0000ff;\"><em><a style=\"color: #0000ff;\" href=\"http:\/\/www.sitpnig.ksg.pl\/\">Stowarzyszenie In\u017cynier\u00f3w i Technik\u00f3w Przemys\u0142u Naftowego i Gazowniczego \u2013 SITPNiG<\/a><\/em><\/span><\/li>\n<li><span style=\"color: #0000ff;\"><em><a style=\"color: #0000ff;\" href=\"http:\/\/www.sitr.org.pl\/\">Stowarzyszenie In\u017cynier\u00f3w i Technik\u00f3w Rolnictwa \u2013 SITR<\/a><\/em><\/span><\/li>\n<li><span style=\"color: #0000ff;\"><em><a style=\"color: #0000ff;\" href=\"http:\/\/www.pzitstarnow.pl\/\">Polskie Zrzeszenie In\u017cynier\u00f3w i Technik\u00f3w Sanitarnych \u2013 PZITS<\/a><\/em><\/span><\/li>\n<li><span style=\"color: #0000ff;\"><em><a style=\"color: #0000ff;\" href=\"http:\/\/www.sgp.krakow.pl\/\">Stowarzyszenie Geodet\u00f3w Polskich &#8211; SGP &#8211; Ko\u0142o w Tarnowie<\/a><\/em><\/span><\/li>\n<li>Polskie Zrzeszenie In\u017cynier\u00f3w i Technik\u00f3w Budownictwa &#8211; PZITB\u00a0 &#8211; Ko\u0142o Grodzkie w Tarnowie.<\/li>\n<\/ul>\n<p>&nbsp;<\/p>\n<p><a href=\"http:\/\/www.not-tarnow.pl\/wp-content\/uploads\/2025\/02\/Statut-FSNT-NOT-27.01.2025-podpisany.pdf\">Statut FSNT-NOT &#8211; 27.01.2025<\/a><\/p>\n<p><span style=\"color: #0000ff;\"><a style=\"color: #0000ff;\" href=\"http:\/\/www.not-tarnow.pl\/index.php\/sprawozdania-2\/\">Sprawozdania z dzia\u0142alno\u015bci NOT FSNT Rada w Tarnowie &gt;&gt;<\/a><\/span><\/p>\n<p>_______________________________________________________________<\/p>\n<p><span style=\"color: #333300;\"><strong><span style=\"text-decoration: underline;\">Fragment historii NOT:<\/span><\/strong><\/span><\/p>\n<p><em>Miasto nasze za po\u015brednictwem postaci <strong>gen.<\/strong> <b>J\u00f3zefa Bema<\/b> <strong>&#8211; tarnowianina<\/strong> &#8211; ma szczeg\u00f3lny historyczny zwi\u0105zek z organizacjami stowarzysze\u0144 technicznych, sfederowanych w strukturze Naczelnej Organizacji Technicznej. Datuje ona bowiem sw\u00f3j rodow\u00f3d od za\u0142o\u017conego w 1835 r.\u00a0 przez J\u00f3zefa Bema Towarzystwa Politechnicznego Polskiego w Pary\u017cu.<br \/>\nGenera\u0142 J\u00f3zef Bem &#8211; uczestnik powstania listopadowego w randze od pu\u0142kownika do genera\u0142a artylerii &#8211; by\u0142 wyr\u00f3\u017cniaj\u0105cym si\u0119 dow\u00f3dc\u0105, ratuj\u0105cym trudne, a tak\u017ce beznadziejne sytuacje bitew obronnych Polskiej Armii w kampaniach pod Wawrem, Olszynk\u0105 Grochowsk\u0105 i w obronie Warszawy podczas szturmu Wojsk Carskich armii Paszkiewicza. By\u0142 wykszta\u0142conym wojskowo w elitarnej Szkole Artylerii i In\u017cynierii. Wcze\u015bniej, jako pi\u0119tnastoletni m\u0142odzieniec wst\u0105pi\u0142 ochotniczo do wojsk napoleo\u0144skich, gdzie przydzielono go do kompanii artylerii konnej. W swojej karierze wojskowej prowadzi\u0142 eksperymenty w zakresie do\u015bwiadczalnej broni rakietowej na proch strzelniczy. Bro\u0144 ta w krytycznym momencie bitwy pod Olszynk\u0105 Grochowsk\u0105 przyczyni\u0142a si\u0119 do za\u0142amania ataku wyborowych, elitarnych pu\u0142k\u00f3w rosyjskich kirasjer\u00f3w, zwanych \u201eLwami Paryskimi\u201d &#8211; od opanowania Pary\u017ca po kl\u0119sce Napoleona. Wykszta\u0142cenie techniczne, zainteresowanie i pomys\u0142owo\u015b\u0107, otwarto\u015b\u0107 na innowacyjne rozwi\u0105zania, zdolno\u015bci dow\u00f3dcze i stanowczo\u015b\u0107 w realizowaniu wytyczonych cel\u00f3w &#8211; czyni\u0142y z niego \u201ePrezesa Za\u0142o\u017cyciela\u201d cz\u0142owieka godnego szacunku i na\u015bladowania.<\/em><\/p>\n<hr \/>\n<p>&nbsp;<\/p>\n","protected":false},"excerpt":{"rendered":"<p>Stowarzyszenie In\u017cynier\u00f3w i Technik\u00f3w Przemys\u0142u Chemicznego \u2013 SITPChem Stowarzyszenie Elektryk\u00f3w Polskich \u2013 SEP Stowarzyszenie In\u017cynier\u00f3w i Technik\u00f3w Mechanik\u00f3w Polskich \u2013<\/p>\n","protected":false},"author":1,"featured_media":0,"parent":0,"menu_order":0,"comment_status":"open","ping_status":"open","template":"","meta":{"footnotes":""},"_links":{"self":[{"href":"https:\/\/www.not-tarnow.pl\/index.php\/wp-json\/wp\/v2\/pages\/18"}],"collection":[{"href":"https:\/\/www.not-tarnow.pl\/index.php\/wp-json\/wp\/v2\/pages"}],"about":[{"href":"https:\/\/www.not-tarnow.pl\/index.php\/wp-json\/wp\/v2\/types\/page"}],"author":[{"embeddable":true,"href":"https:\/\/www.not-tarnow.pl\/index.php\/wp-json\/wp\/v2\/users\/1"}],"replies":[{"embeddable":true,"href":"https:\/\/www.not-tarnow.pl\/index.php\/wp-json\/wp\/v2\/comments?post=18"}],"version-history":[{"count":79,"href":"https:\/\/www.not-tarnow.pl\/index.php\/wp-json\/wp\/v2\/pages\/18\/revisions"}],"predecessor-version":[{"id":7889,"href":"https:\/\/www.not-tarnow.pl\/index.php\/wp-json\/wp\/v2\/pages\/18\/revisions\/7889"}],"wp:attachment":[{"href":"https:\/\/www.not-tarnow.pl\/index.php\/wp-json\/wp\/v2\/media?parent=18"}],"curies":[{"name":"wp","href":"https:\/\/api.w.org\/{rel}","templated":true}]}}