{"id":1847,"date":"2019-09-27T13:26:33","date_gmt":"2019-09-27T11:26:33","guid":{"rendered":"http:\/\/www.not-tarnow.pl\/?page_id=1847"},"modified":"2019-09-27T13:27:10","modified_gmt":"2019-09-27T11:27:10","slug":"sprawozdanie-za-2018","status":"publish","type":"page","link":"https:\/\/www.not-tarnow.pl\/index.php\/sprawozdania-2\/sprawozdanie-za-2018\/","title":{"rendered":"Sprawozdanie za 2018"},"content":{"rendered":"<p><strong>Rada w Tarnowie<\/strong> dnia 5.I.2018 r. zorganizowa\u0142a okr\u0119gowe zawody XLIV Olimpiady Wiedzy Technicznej w Zespole Szk\u00f3\u0142 Technicznych w Tarnowie-Mo\u015bcicach. W olimpiadzie wzi\u0119\u0142o udzia\u0142 18 uczestnik\u00f3w z 4 szk\u00f3\u0142.<\/p>\n<p>W 2018 roku przeprowadzono 5 Zebra\u0144 Zarz\u0105du i 2 Zebrania Rady. 25.VI zosta\u0142 wybrany nowy Zarz\u0105d TJO, a Pan Piotr G\u0119bi\u015b zrezygnowa\u0142 z pe\u0142nienia funkcji Prezesa. 20.XI na Prezesa Zarz\u0105du zosta\u0142a wybrana Pani Renata \u0141ab\u0119d\u017a.<\/p>\n<p>Dnia 15.III.2018 r. podczas X Posiedzenia Rady Gospodarczej w Tarnowie Prezydent Roman Ciepiela wr\u0119czy\u0142 Panu Prezesowi Piotrowi G\u0119bisiowi akt powo\u0142ania na Cz\u0142onka Rady Gospodarczej dzia\u0142aj\u0105cej przy Prezydencie Tarnowa.<\/p>\n<p>Prezes Zarz\u0105du Piotr G\u0119bi\u015b by\u0142 uczestnikiem wielu spotka\u0144 w regionie: dorocznym <strong>Spotkaniu Przewodnicz\u0105cego Rady MOIIB<\/strong> dr in\u017c. Stanis\u0142awa Karczmarczyka i Cz\u0142onk\u00f3w Prezydium Rady MOIIB, posiedzeniu Zarz\u0105du Wojew\u00f3dztwa Ma\u0142opolskiego, Jubileuszowym Posiedzeniu Senatu z okazji 20-lecia Pa\u0144stwowej Wy\u017cszej Szko\u0142y Zawodowej w Tarnowie, XI Posiedzeniu Rady Gospodarczej, spotkaniu przedstawicieli TJO NOT z w\u0142adzami naczelnymi FSNT-NOT w Otr\u0119busach pod Warszaw\u0105, a tak\u017ce w spotkaniach z Prezydentem Miasta Tarnowa Romanem Ciepiel\u0105 oraz Starost\u0105 Tarnowskim Romanem \u0141ucarzem, podczas kt\u00f3rych omawiano wzajemne plany wsp\u00f3\u0142pracy.<\/p>\n<p>1.VIII.<strong>2018 r. w rocznic\u0119 Powstania Warszawskiego <\/strong>cz\u0142onkowie Zarz\u0105du TJO-NOT i SNT tradycyjnie spotkali si\u0119 przy mogile mgr in\u017c. Henryka Ziemnickiego \u2013 \u017co\u0142nierza AK, uczestnika Powstania 1944 roku. 4.XI.2018 r. delegacja TJO wraz z pocztem sztandarowym Naczelnej Organizacji Technicznej w Tarnowie bra\u0142a udzia\u0142 w XX Zlocie Niepodleg\u0142o\u015bciowym na cmentarzu Legionist\u00f3w w \u0141owcz\u00f3wku.<\/p>\n<p>W ostatnim miesi\u0105cu 2018 roku, po obj\u0119ciu funkcji Prezesa TJO, Pani Renata \u0141ab\u0119d\u017a uczestniczy\u0142a m.in. w Op\u0142atku Samorz\u0105dowym Subregionu Tarnowskiego w Ma\u0142opolskim Urz\u0119dzie Marsza\u0142kowskim, Spotkaniu \u015awi\u0105teczno-Noworocznym Zarz\u0105du Oddzia\u0142u SEP w Tarnowie oraz w spotkaniu z Prezydentem Miasta Tarnowa Romanem Ciepiel\u0105.<\/p>\n<p>W 2018 roku TJO w Tarnowie zorganizowa\u0142a 2 konferencje, 1 szkolenie i 4 seminaria szkoleniowe (wsp\u00f3lnie z MOIIB): 29.X (wsp\u00f3lnie z SIMP) konferencj\u0119 naukowo\u2013techniczno-historyczn\u0105 z okazji 100-lecia odzyskania przez Polsk\u0119 Niepodleg\u0142o\u015bci pt. <em>\u201eTw\u00f3rcy Niepodleg\u0142o\u015bci\u201d; <\/em>26.XI w tradycji listopadowej zadumy i szacunku dla pami\u0119ci zmar\u0142ych \u201e<em>Zaduszki NOT-owskie<\/em>\u201d; 14.IV szkolenie dla mechanik\u00f3w, diagnost\u00f3w, blacharzy, lakiernik\u00f3w, wulkanizator\u00f3w i pracownik\u00f3w serwis\u00f3w samochodowych pt. \u201e<em>Pojazdy o\u00a0 nap\u0119dzie hybrydowym i elektrycznym<\/em>\u201d; 12.II seminarium \u201e<em>Wzmacnianie konstrukcji budowlanych biernymi i spr\u0119\u017conymi elementami kompozytowymi oraz zbrojenie nawierzchni bitumicznych siatkami kompozytowymi w systemie S&amp;P Polska<\/em>\u201d, 26.II seminarium \u201e<em>Innowacyjne metody ograniczania niskiej emisji<\/em>\u201d, 16.IV seminarium \u201e<em>Odpowiedzialno\u015b\u0107 organizacyjna pracy na budowach w zakresie bezpiecze\u0144stwa i higieny pracy<\/em>\u201d, 7.V seminarium \u201e<em>Ocena rozwi\u0105za\u0144 komunikacyjnych na terenie miasta Tarnowa w kontek\u015bcie studium uwarunkowa\u0144 i kierunk\u00f3w zagospodarowania przestrzennego miasta Tarnowa<\/em>\u201d.<\/p>\n<p><a href=\"http:\/\/www.not-tarnow.pl\/wp-content\/uploads\/2019\/09\/Sprawozdanie-NOT-Tarn\u00f3w-za-2018.pdf\">Sprawozdanie NOT Tarn\u00f3w za 2018<\/a><\/p>\n","protected":false},"excerpt":{"rendered":"<p>Rada w Tarnowie dnia 5.I.2018 r. zorganizowa\u0142a okr\u0119gowe zawody XLIV Olimpiady Wiedzy Technicznej w Zespole Szk\u00f3\u0142 Technicznych w Tarnowie-Mo\u015bcicach. W<\/p>\n","protected":false},"author":1,"featured_media":0,"parent":936,"menu_order":0,"comment_status":"closed","ping_status":"closed","template":"","meta":{"footnotes":""},"_links":{"self":[{"href":"https:\/\/www.not-tarnow.pl\/index.php\/wp-json\/wp\/v2\/pages\/1847"}],"collection":[{"href":"https:\/\/www.not-tarnow.pl\/index.php\/wp-json\/wp\/v2\/pages"}],"about":[{"href":"https:\/\/www.not-tarnow.pl\/index.php\/wp-json\/wp\/v2\/types\/page"}],"author":[{"embeddable":true,"href":"https:\/\/www.not-tarnow.pl\/index.php\/wp-json\/wp\/v2\/users\/1"}],"replies":[{"embeddable":true,"href":"https:\/\/www.not-tarnow.pl\/index.php\/wp-json\/wp\/v2\/comments?post=1847"}],"version-history":[{"count":1,"href":"https:\/\/www.not-tarnow.pl\/index.php\/wp-json\/wp\/v2\/pages\/1847\/revisions"}],"predecessor-version":[{"id":1849,"href":"https:\/\/www.not-tarnow.pl\/index.php\/wp-json\/wp\/v2\/pages\/1847\/revisions\/1849"}],"up":[{"embeddable":true,"href":"https:\/\/www.not-tarnow.pl\/index.php\/wp-json\/wp\/v2\/pages\/936"}],"wp:attachment":[{"href":"https:\/\/www.not-tarnow.pl\/index.php\/wp-json\/wp\/v2\/media?parent=1847"}],"curies":[{"name":"wp","href":"https:\/\/api.w.org\/{rel}","templated":true}]}}