{"id":1917,"date":"2019-11-07T13:33:06","date_gmt":"2019-11-07T12:33:06","guid":{"rendered":"http:\/\/www.not-tarnow.pl\/?page_id=1917"},"modified":"2021-11-08T21:55:21","modified_gmt":"2021-11-08T20:55:21","slug":"zaduszki-not","status":"publish","type":"page","link":"https:\/\/www.not-tarnow.pl\/index.php\/zaduszki-not\/","title":{"rendered":"Zaduszki NOT"},"content":{"rendered":"<p><i><img decoding=\"async\" loading=\"lazy\" class=\"wp-image-2736 alignleft\" src=\"http:\/\/www.not-tarnow.pl\/wp-content\/uploads\/2021\/10\/Slajd1.jpg\" alt=\"\" width=\"428\" height=\"321\">Pocz\u0105tek listopada jest czasem wspomnie\u0144 i zadumy o Tych, kt\u00f3rzy zako\u0144czyli ju\u017c swoj\u0105 ziemsk\u0105 w\u0119dr\u00f3wk\u0119.<\/i><\/p>\n<p><b><i>5 listopada 2021 r. o godz. 17.30 <\/i><\/b><i>w <\/i><i>Domu Technika NOT w Tarnowie odby\u0142y si\u0119<\/i>&nbsp;<strong><i>Wspomnienia <\/i><i>Zaduszkowe<\/i><\/strong><i> , na kt\u00f3rych przytoczone zosta\u0142y sylwetki \u015bp.:<\/i><\/p>\n<p><strong>1. <\/strong><b><i>d<\/i><\/b><b><i>r in\u017c. Stefan KUPIEC <\/i><\/b><i>(<\/i><i>SITPChem<\/i><i>)<\/i><\/p>\n<p><strong>2.<\/strong> <b><i>m<\/i><\/b><b><i>gr in\u017c. Mieczys\u0142aw SOBOL <\/i><\/b><i>(SGP)<\/i><\/p>\n<p><i><b>3. <\/b>W stulecie uzyskania przez kobiety praw wyborczych <\/i><i>(SIMP): <\/i><b><i>El\u017cbieta DRU\u017bBACKA, <\/i><\/b><b><i>Maria VETULANI, <\/i><\/b><b><i>J\u00f3zefa KANTOR<\/i><\/b><\/p>\n<p><i><strong>4.<\/strong> Wspomnienia o \u017co\u0142nierzach <\/i><i>(SIMP): <\/i><b><i>p\u0142k. Andrzej Marian MARECKI<\/i><\/b><\/p>\n<p><img decoding=\"async\" loading=\"lazy\" class=\"aligncenter wp-image-2764\" src=\"http:\/\/not-tarnow.pl\/wp-content\/uploads\/2021\/11\/20211105_174015-1024x576.jpg\" alt=\"\" width=\"701\" height=\"394\"> <img decoding=\"async\" loading=\"lazy\" class=\"aligncenter wp-image-2765\" src=\"http:\/\/not-tarnow.pl\/wp-content\/uploads\/2021\/11\/20211105_174028-1024x576.jpg\" alt=\"\" width=\"701\" height=\"394\"> <img decoding=\"async\" loading=\"lazy\" class=\"aligncenter wp-image-2766\" src=\"http:\/\/not-tarnow.pl\/wp-content\/uploads\/2021\/11\/20211105_174728-1024x576.jpg\" alt=\"\" width=\"701\" height=\"394\"> <img decoding=\"async\" loading=\"lazy\" class=\"aligncenter wp-image-2767\" src=\"http:\/\/not-tarnow.pl\/wp-content\/uploads\/2021\/11\/20211105_180656-1024x576.jpg\" alt=\"\" width=\"701\" height=\"394\"> <img decoding=\"async\" loading=\"lazy\" class=\"aligncenter wp-image-2768\" src=\"http:\/\/not-tarnow.pl\/wp-content\/uploads\/2021\/11\/20211105_184206-1024x576.jpg\" alt=\"\" width=\"701\" height=\"394\"> <img decoding=\"async\" loading=\"lazy\" class=\"aligncenter wp-image-2769\" src=\"http:\/\/not-tarnow.pl\/wp-content\/uploads\/2021\/11\/20211105_184425-1024x576.jpg\" alt=\"\" width=\"701\" height=\"394\"><\/p>\n<hr>\n<p><img decoding=\"async\" loading=\"lazy\" class=\"wp-image-2410 alignleft\" src=\"http:\/\/www.not-tarnow.pl\/wp-content\/uploads\/2020\/11\/Zaproszenie_Zaduszki-NOT-2020.jpg\" alt=\"\" width=\"442\" height=\"332\" srcset=\"https:\/\/www.not-tarnow.pl\/wp-content\/uploads\/2020\/11\/Zaproszenie_Zaduszki-NOT-2020.jpg 960w, https:\/\/www.not-tarnow.pl\/wp-content\/uploads\/2020\/11\/Zaproszenie_Zaduszki-NOT-2020-300x225.jpg 300w, https:\/\/www.not-tarnow.pl\/wp-content\/uploads\/2020\/11\/Zaproszenie_Zaduszki-NOT-2020-768x576.jpg 768w\" sizes=\"(max-width: 442px) 100vw, 442px\" \/><\/p>\n<p><b>Wspomnienia <\/b><b>Zaduszkowe 2020 r.<\/b><br \/>\n<b>w tradycji listopadowej zadumy i szacunku dla pami\u0119ci zmar\u0142ych:<\/b><\/p>\n<p>1.<b>Tadeusz ZAWILI\u0143SKI <\/b>(PZITS)<\/p>\n<p>2.<b>W\u0142adys\u0142aw MAJKA <\/b>\u2013 cz\u0142onek MOIIB (SEP)<\/p>\n<p>3.<b>Jerzy BRAUN&nbsp;<\/b>\u2013 z cyklu \u201ePochodzi z Tarnowa\u201d &#8211; \u017co\u0142nierz, poeta (SIMP)<\/p>\n<p><i>Z powodu panuj\u0105cej pandemii <\/i><i>COVID-19, <\/i><i>wspomnienia zaduszkowe w br. <\/i><i>prezentowane b\u0119d\u0105 tylko przez <\/i><i>stron\u0119 <\/i><i>internetow\u0105<\/i><u><i><\/i><\/u><\/p>\n<p>&nbsp;<\/p>\n<p><strong>Prezentacje zaduszkowe:<\/strong><\/p>\n<p><a href=\"http:\/\/www.not-tarnow.pl\/wp-content\/uploads\/2020\/11\/Tadeusz-Zawili\u0144ski_A.Fedor-PZITS.pdf\"><img decoding=\"async\" loading=\"lazy\" class=\"wp-image-2414 alignleft\" src=\"http:\/\/www.not-tarnow.pl\/wp-content\/uploads\/2020\/11\/Zawili\u0144ski.png\" alt=\"\" width=\"244\" height=\"184\" srcset=\"https:\/\/www.not-tarnow.pl\/wp-content\/uploads\/2020\/11\/Zawili\u0144ski.png 736w, https:\/\/www.not-tarnow.pl\/wp-content\/uploads\/2020\/11\/Zawili\u0144ski-300x225.png 300w\" sizes=\"(max-width: 244px) 100vw, 244px\" \/><\/a><a href=\"http:\/\/www.not-tarnow.pl\/wp-content\/uploads\/2020\/11\/W\u0142adys\u0142aw-Majka.pdf\"><img decoding=\"async\" loading=\"lazy\" class=\"wp-image-2427 alignleft\" src=\"http:\/\/www.not-tarnow.pl\/wp-content\/uploads\/2020\/11\/W\u0142adys\u0142aw-Majka.jpg\" alt=\"\" width=\"244\" height=\"183\" srcset=\"https:\/\/www.not-tarnow.pl\/wp-content\/uploads\/2020\/11\/W\u0142adys\u0142aw-Majka.jpg 960w, https:\/\/www.not-tarnow.pl\/wp-content\/uploads\/2020\/11\/W\u0142adys\u0142aw-Majka-300x225.jpg 300w, https:\/\/www.not-tarnow.pl\/wp-content\/uploads\/2020\/11\/W\u0142adys\u0142aw-Majka-768x576.jpg 768w\" sizes=\"(max-width: 244px) 100vw, 244px\" \/><\/a><a href=\"http:\/\/www.not-tarnow.pl\/wp-content\/uploads\/2020\/11\/JERZY-BRAUN-2020-NOT.pdf\"><img decoding=\"async\" loading=\"lazy\" class=\"wp-image-2411 alignleft\" src=\"http:\/\/www.not-tarnow.pl\/wp-content\/uploads\/2020\/11\/JERZY-BRAUN-2020-NOT.jpg\" alt=\"\" width=\"243\" height=\"182\" srcset=\"https:\/\/www.not-tarnow.pl\/wp-content\/uploads\/2020\/11\/JERZY-BRAUN-2020-NOT.jpg 960w, https:\/\/www.not-tarnow.pl\/wp-content\/uploads\/2020\/11\/JERZY-BRAUN-2020-NOT-300x225.jpg 300w, https:\/\/www.not-tarnow.pl\/wp-content\/uploads\/2020\/11\/JERZY-BRAUN-2020-NOT-768x576.jpg 768w\" sizes=\"(max-width: 243px) 100vw, 243px\" \/><\/a><\/p>\n<p>&nbsp;<\/p>\n<hr>\n<p><em>Od 2009 roku NOT podtrzymuje wieloletni\u0105 tradycj\u0119 zaduszkowych spotka\u0144 po\u015bwi\u0119conych pami\u0119ci technicznego \u015brodowiska Tarnowa. Organizacja ich spe\u0142nia zacny obowi\u0105zek pami\u0119ci. Przywo\u0142ujemy wspomnienie os\u00f3b, kt\u00f3rych praca, wysoka wiedza, fachowo\u015b\u0107 i tw\u00f3rczy wk\u0142ad w gospodarcz\u0105 dzia\u0142alno\u015b\u0107 tarnowskich firm jest godna przypomnienia i na\u015bladowania.<\/em><\/p>\n<p><em>Od 2014 roku w 100-lecie I wojny \u015bwiatowej oraz w 80. rocznic\u0119 wybuchu II wojny \u015bwiatowej prezentujemy wspomnienia o zas\u0142u\u017conych genera\u0142ach z naszego regionu, a tak\u017ce o \u017co\u0142nierzach z bli\u017cszych i dalszych album\u00f3w rodzinnych.<\/em><\/p>\n<p><em>Wspominaj\u0105c osoby zas\u0142u\u017cone dla Polski nie mo\u017cemy pomija\u0107 ludzi przemys\u0142u i handlu, dlatego od 2019 prezentujemy postaci takie jak np. Eugeniusz Kwiatkowski. &nbsp;<\/em><\/p>\n<p><img decoding=\"async\" loading=\"lazy\" class=\"aligncenter size-large wp-image-1918\" src=\"http:\/\/www.not-tarnow.pl\/wp-content\/uploads\/2019\/11\/plansza-1024x261.jpg\" alt=\"\" width=\"1024\" height=\"261\" srcset=\"https:\/\/www.not-tarnow.pl\/wp-content\/uploads\/2019\/11\/plansza-1024x261.jpg 1024w, https:\/\/www.not-tarnow.pl\/wp-content\/uploads\/2019\/11\/plansza-300x76.jpg 300w, https:\/\/www.not-tarnow.pl\/wp-content\/uploads\/2019\/11\/plansza-768x196.jpg 768w\" sizes=\"(max-width: 1024px) 100vw, 1024px\" \/><\/p>\n<p><img decoding=\"async\" loading=\"lazy\" class=\"aligncenter wp-image-1958\" src=\"http:\/\/www.not-tarnow.pl\/wp-content\/uploads\/2019\/11\/plansza-2019-new-853x1024.jpg\" alt=\"\" width=\"700\" height=\"840\" srcset=\"https:\/\/www.not-tarnow.pl\/wp-content\/uploads\/2019\/11\/plansza-2019-new-853x1024.jpg 853w, https:\/\/www.not-tarnow.pl\/wp-content\/uploads\/2019\/11\/plansza-2019-new-250x300.jpg 250w, https:\/\/www.not-tarnow.pl\/wp-content\/uploads\/2019\/11\/plansza-2019-new-768x922.jpg 768w\" sizes=\"(max-width: 700px) 100vw, 700px\" \/> <img decoding=\"async\" loading=\"lazy\" class=\"aligncenter wp-image-1927\" src=\"http:\/\/www.not-tarnow.pl\/wp-content\/uploads\/2019\/11\/plansza-2018-853x1024.jpg\" alt=\"\" width=\"700\" height=\"840\" srcset=\"https:\/\/www.not-tarnow.pl\/wp-content\/uploads\/2019\/11\/plansza-2018-853x1024.jpg 853w, https:\/\/www.not-tarnow.pl\/wp-content\/uploads\/2019\/11\/plansza-2018-250x300.jpg 250w, https:\/\/www.not-tarnow.pl\/wp-content\/uploads\/2019\/11\/plansza-2018-768x922.jpg 768w\" sizes=\"(max-width: 700px) 100vw, 700px\" \/> <img decoding=\"async\" loading=\"lazy\" class=\"aligncenter wp-image-1926\" src=\"http:\/\/www.not-tarnow.pl\/wp-content\/uploads\/2019\/11\/plansza-2017-853x1024.jpg\" alt=\"\" width=\"700\" height=\"840\" srcset=\"https:\/\/www.not-tarnow.pl\/wp-content\/uploads\/2019\/11\/plansza-2017-853x1024.jpg 853w, https:\/\/www.not-tarnow.pl\/wp-content\/uploads\/2019\/11\/plansza-2017-250x300.jpg 250w, https:\/\/www.not-tarnow.pl\/wp-content\/uploads\/2019\/11\/plansza-2017-768x922.jpg 768w\" sizes=\"(max-width: 700px) 100vw, 700px\" \/> <img decoding=\"async\" loading=\"lazy\" class=\"aligncenter wp-image-1960\" src=\"http:\/\/www.not-tarnow.pl\/wp-content\/uploads\/2019\/11\/plansza-2016-new-853x1024.jpg\" alt=\"\" width=\"700\" height=\"840\" srcset=\"https:\/\/www.not-tarnow.pl\/wp-content\/uploads\/2019\/11\/plansza-2016-new-853x1024.jpg 853w, https:\/\/www.not-tarnow.pl\/wp-content\/uploads\/2019\/11\/plansza-2016-new-250x300.jpg 250w, https:\/\/www.not-tarnow.pl\/wp-content\/uploads\/2019\/11\/plansza-2016-new-768x921.jpg 768w\" sizes=\"(max-width: 700px) 100vw, 700px\" \/> <img decoding=\"async\" loading=\"lazy\" class=\"aligncenter wp-image-1924\" src=\"http:\/\/www.not-tarnow.pl\/wp-content\/uploads\/2019\/11\/plansza-2015-851x1024.jpg\" alt=\"\" width=\"700\" height=\"843\" srcset=\"https:\/\/www.not-tarnow.pl\/wp-content\/uploads\/2019\/11\/plansza-2015-851x1024.jpg 851w, https:\/\/www.not-tarnow.pl\/wp-content\/uploads\/2019\/11\/plansza-2015-249x300.jpg 249w, https:\/\/www.not-tarnow.pl\/wp-content\/uploads\/2019\/11\/plansza-2015-768x924.jpg 768w\" sizes=\"(max-width: 700px) 100vw, 700px\" \/> <img decoding=\"async\" loading=\"lazy\" class=\"aligncenter wp-image-1923\" src=\"http:\/\/www.not-tarnow.pl\/wp-content\/uploads\/2019\/11\/plansza-2014-853x1024.jpg\" alt=\"\" width=\"700\" height=\"840\" srcset=\"https:\/\/www.not-tarnow.pl\/wp-content\/uploads\/2019\/11\/plansza-2014-853x1024.jpg 853w, https:\/\/www.not-tarnow.pl\/wp-content\/uploads\/2019\/11\/plansza-2014-250x300.jpg 250w, https:\/\/www.not-tarnow.pl\/wp-content\/uploads\/2019\/11\/plansza-2014-768x922.jpg 768w\" sizes=\"(max-width: 700px) 100vw, 700px\" \/> <img decoding=\"async\" loading=\"lazy\" class=\"aligncenter wp-image-1961\" src=\"http:\/\/www.not-tarnow.pl\/wp-content\/uploads\/2019\/11\/plansza-2013-1-853x1024.jpg\" alt=\"\" width=\"700\" height=\"840\" srcset=\"https:\/\/www.not-tarnow.pl\/wp-content\/uploads\/2019\/11\/plansza-2013-1-853x1024.jpg 853w, https:\/\/www.not-tarnow.pl\/wp-content\/uploads\/2019\/11\/plansza-2013-1-250x300.jpg 250w, https:\/\/www.not-tarnow.pl\/wp-content\/uploads\/2019\/11\/plansza-2013-1-768x921.jpg 768w\" sizes=\"(max-width: 700px) 100vw, 700px\" \/> <img decoding=\"async\" loading=\"lazy\" class=\"aligncenter wp-image-1921\" src=\"http:\/\/www.not-tarnow.pl\/wp-content\/uploads\/2019\/11\/plansza-2012-853x1024.jpg\" alt=\"\" width=\"700\" height=\"840\" srcset=\"https:\/\/www.not-tarnow.pl\/wp-content\/uploads\/2019\/11\/plansza-2012-853x1024.jpg 853w, https:\/\/www.not-tarnow.pl\/wp-content\/uploads\/2019\/11\/plansza-2012-250x300.jpg 250w, https:\/\/www.not-tarnow.pl\/wp-content\/uploads\/2019\/11\/plansza-2012-768x922.jpg 768w\" sizes=\"(max-width: 700px) 100vw, 700px\" \/> <img decoding=\"async\" loading=\"lazy\" class=\"aligncenter wp-image-1920\" src=\"http:\/\/www.not-tarnow.pl\/wp-content\/uploads\/2019\/11\/plansza-2011-853x1024.jpg\" alt=\"\" width=\"700\" height=\"840\" srcset=\"https:\/\/www.not-tarnow.pl\/wp-content\/uploads\/2019\/11\/plansza-2011-853x1024.jpg 853w, https:\/\/www.not-tarnow.pl\/wp-content\/uploads\/2019\/11\/plansza-2011-250x300.jpg 250w, https:\/\/www.not-tarnow.pl\/wp-content\/uploads\/2019\/11\/plansza-2011-768x922.jpg 768w\" sizes=\"(max-width: 700px) 100vw, 700px\" \/> <img decoding=\"async\" loading=\"lazy\" class=\"aligncenter wp-image-1919 \" src=\"http:\/\/www.not-tarnow.pl\/wp-content\/uploads\/2019\/11\/plansza-2009-853x1024.jpg\" alt=\"\" width=\"700\" height=\"840\" srcset=\"https:\/\/www.not-tarnow.pl\/wp-content\/uploads\/2019\/11\/plansza-2009-853x1024.jpg 853w, https:\/\/www.not-tarnow.pl\/wp-content\/uploads\/2019\/11\/plansza-2009-250x300.jpg 250w, https:\/\/www.not-tarnow.pl\/wp-content\/uploads\/2019\/11\/plansza-2009-768x922.jpg 768w\" sizes=\"(max-width: 700px) 100vw, 700px\" \/><\/p>\n","protected":false},"excerpt":{"rendered":"<p>Pocz\u0105tek listopada jest czasem wspomnie\u0144 i zadumy o Tych, kt\u00f3rzy zako\u0144czyli ju\u017c swoj\u0105 ziemsk\u0105 w\u0119dr\u00f3wk\u0119. 5 listopada 2021 r. o<\/p>\n","protected":false},"author":1,"featured_media":0,"parent":0,"menu_order":0,"comment_status":"closed","ping_status":"closed","template":"","meta":{"footnotes":""},"_links":{"self":[{"href":"https:\/\/www.not-tarnow.pl\/index.php\/wp-json\/wp\/v2\/pages\/1917"}],"collection":[{"href":"https:\/\/www.not-tarnow.pl\/index.php\/wp-json\/wp\/v2\/pages"}],"about":[{"href":"https:\/\/www.not-tarnow.pl\/index.php\/wp-json\/wp\/v2\/types\/page"}],"author":[{"embeddable":true,"href":"https:\/\/www.not-tarnow.pl\/index.php\/wp-json\/wp\/v2\/users\/1"}],"replies":[{"embeddable":true,"href":"https:\/\/www.not-tarnow.pl\/index.php\/wp-json\/wp\/v2\/comments?post=1917"}],"version-history":[{"count":13,"href":"https:\/\/www.not-tarnow.pl\/index.php\/wp-json\/wp\/v2\/pages\/1917\/revisions"}],"predecessor-version":[{"id":2988,"href":"https:\/\/www.not-tarnow.pl\/index.php\/wp-json\/wp\/v2\/pages\/1917\/revisions\/2988"}],"wp:attachment":[{"href":"https:\/\/www.not-tarnow.pl\/index.php\/wp-json\/wp\/v2\/media?parent=1917"}],"curies":[{"name":"wp","href":"https:\/\/api.w.org\/{rel}","templated":true}]}}