{"id":1937,"date":"2019-11-07T13:45:08","date_gmt":"2019-11-07T12:45:08","guid":{"rendered":"http:\/\/www.not-tarnow.pl\/?page_id=1937"},"modified":"2019-11-26T12:46:05","modified_gmt":"2019-11-26T11:46:05","slug":"zlot-niepodleglosciowy-lowczowek","status":"publish","type":"page","link":"https:\/\/www.not-tarnow.pl\/index.php\/zlot-niepodleglosciowy-lowczowek\/","title":{"rendered":"Zlot Niepodleg\u0142o\u015bciowy &#8211; \u0141owcz\u00f3wek"},"content":{"rendered":"<p style=\"text-align: center;\"><strong><b><img decoding=\"async\" loading=\"lazy\" class=\"cboxPhoto alignleft\" src=\"http:\/\/www.plesna.pl\/fileadmin\/_processed_\/csm_Plakat_-_Lowczowek_19_www_4773f80bf7.jpg\" width=\"399\" height=\"282\" \/><\/b><\/strong><\/p>\n<p style=\"text-align: left;\" align=\"center\"><b>XXI Zlot Niepodleg\u0142o\u015bciowy &#8222;\u0141owcz\u00f3wek 2019&#8221; <\/b><\/p>\n<p style=\"text-align: left;\" align=\"center\">Dnia 10 listopada 2019r. na Cmentarzu Legionist\u00f3w Polskich w \u0141owcz\u00f3wku odby\u0142y si\u0119 XXI Obchody \u015awi\u0119ta Niepodleg\u0142o\u015bci powi\u0105zane ze 105. rocznic\u0105 Bitwy pod \u0141owcz\u00f3wkiem.<\/p>\n<p style=\"text-align: left;\" align=\"center\">W uroczysto\u015bciach &#8211; ze sztandarem NOT i kwiatami &#8211; uczestniczy\u0142 przedstawiciel Zarz\u0105du NOT Tarn\u00f3w p. Eugeniusz Tadel.<\/p>\n<p align=\"center\"><img decoding=\"async\" loading=\"lazy\" class=\"aligncenter  wp-image-1983\" src=\"http:\/\/www.not-tarnow.pl\/wp-content\/uploads\/2019\/11\/DSC01867-1024x577.jpg\" alt=\"\" width=\"648\" height=\"365\" srcset=\"https:\/\/www.not-tarnow.pl\/wp-content\/uploads\/2019\/11\/DSC01867-1024x577.jpg 1024w, https:\/\/www.not-tarnow.pl\/wp-content\/uploads\/2019\/11\/DSC01867-300x169.jpg 300w, https:\/\/www.not-tarnow.pl\/wp-content\/uploads\/2019\/11\/DSC01867-768x433.jpg 768w\" sizes=\"(max-width: 648px) 100vw, 648px\" \/><img decoding=\"async\" loading=\"lazy\" class=\"aligncenter  wp-image-1979\" src=\"http:\/\/www.not-tarnow.pl\/wp-content\/uploads\/2019\/11\/DSC01864-1024x577.jpg\" alt=\"\" width=\"648\" height=\"365\" srcset=\"https:\/\/www.not-tarnow.pl\/wp-content\/uploads\/2019\/11\/DSC01864-1024x577.jpg 1024w, https:\/\/www.not-tarnow.pl\/wp-content\/uploads\/2019\/11\/DSC01864-300x169.jpg 300w, https:\/\/www.not-tarnow.pl\/wp-content\/uploads\/2019\/11\/DSC01864-768x433.jpg 768w\" sizes=\"(max-width: 648px) 100vw, 648px\" \/> <img decoding=\"async\" loading=\"lazy\" class=\"aligncenter  wp-image-1984\" src=\"http:\/\/www.not-tarnow.pl\/wp-content\/uploads\/2019\/11\/DSC02132-1024x577.jpg\" alt=\"\" width=\"649\" height=\"366\" srcset=\"https:\/\/www.not-tarnow.pl\/wp-content\/uploads\/2019\/11\/DSC02132-1024x577.jpg 1024w, https:\/\/www.not-tarnow.pl\/wp-content\/uploads\/2019\/11\/DSC02132-300x169.jpg 300w, https:\/\/www.not-tarnow.pl\/wp-content\/uploads\/2019\/11\/DSC02132-768x433.jpg 768w\" sizes=\"(max-width: 649px) 100vw, 649px\" \/><em>Zdj\u0119cia: Jerzy Zg\u0142obica<\/em><\/p>\n<hr \/>\n<p style=\"text-align: center;\"><strong>XX Zlot Niepodleg\u0142o\u015bciowy \u2013 \u0141owcz\u00f3wek 2018<\/strong><\/p>\n<p><img decoding=\"async\" loading=\"lazy\" class=\"aligncenter wp-image-1529 \" src=\"http:\/\/www.not-tarnow.pl\/wp-content\/uploads\/2018\/11\/1-1024x970.jpg\" alt=\"\" width=\"568\" height=\"538\" srcset=\"https:\/\/www.not-tarnow.pl\/wp-content\/uploads\/2018\/11\/1-1024x970.jpg 1024w, https:\/\/www.not-tarnow.pl\/wp-content\/uploads\/2018\/11\/1-300x284.jpg 300w, https:\/\/www.not-tarnow.pl\/wp-content\/uploads\/2018\/11\/1-768x727.jpg 768w, https:\/\/www.not-tarnow.pl\/wp-content\/uploads\/2018\/11\/1.jpg 1248w\" sizes=\"(max-width: 568px) 100vw, 568px\" \/><\/p>\n<p>W niedziel\u0119 4 listopada 2018 roku odby\u0142 si\u0119 na cmentarzu Legionist\u00f3w w \u0141owcz\u00f3wku XX Zlot Niepodleg\u0142o\u015bciowy w roku setnej rocznicy odzyskania Niepodleg\u0142o\u015bci przez Polsk\u0119. Go\u015bciem honorowym uroczysto\u015bci by\u0142 Prezydent Rzeczypospolitej Polskiej Pan Andrzej Duda. W\u015br\u00f3d wielu poczt\u00f3w sztandarowych by\u0142 tak\u017ce poczet Naczelnej Organizacji Technicznej FSNT Rady w Tarnowie.<\/p>\n<hr \/>\n<p align=\"center\"><b>XVII Zlot Niepodleg\u0142o\u015bciowy \u201e\u0141owcz\u00f3wek 2015\u2033 <\/b><\/p>\n<p align=\"center\">W niedziel\u0119 8 listopada 2015 r. odby\u0142 si\u0119 XVII Zlot Niepodleg\u0142o\u015bciowy \u201e\u0141owcz\u00f3wek 2015\u2033 \u2013 101 rocznica bitwy pod \u0141owcz\u00f3wkiem. Delegacja TJO NOT Tarn\u00f3w &#8211; ze sztandarem i kwiatami &#8211; uczestniczy\u0142a w uroczysto\u015bciach.<\/p>\n<p align=\"center\"><img decoding=\"async\" loading=\"lazy\" class=\"aligncenter wp-image-857\" src=\"http:\/\/www.not-tarnow.pl\/wp-content\/uploads\/2015\/05\/3.jpg\" alt=\"3\" width=\"632\" height=\"421\" srcset=\"https:\/\/www.not-tarnow.pl\/wp-content\/uploads\/2015\/05\/3.jpg 902w, https:\/\/www.not-tarnow.pl\/wp-content\/uploads\/2015\/05\/3-300x200.jpg 300w\" sizes=\"(max-width: 632px) 100vw, 632px\" \/><img decoding=\"async\" loading=\"lazy\" class=\"aligncenter wp-image-853\" src=\"http:\/\/www.not-tarnow.pl\/wp-content\/uploads\/2015\/05\/11.jpg\" alt=\"1\" width=\"631\" height=\"422\" srcset=\"https:\/\/www.not-tarnow.pl\/wp-content\/uploads\/2015\/05\/11.jpg 903w, https:\/\/www.not-tarnow.pl\/wp-content\/uploads\/2015\/05\/11-300x200.jpg 300w\" sizes=\"(max-width: 631px) 100vw, 631px\" \/><\/p>\n<p align=\"center\"><img decoding=\"async\" loading=\"lazy\" src=\"http:\/\/www.not-tarnow.pl\/wp-content\/uploads\/2015\/05\/21.jpg\" alt=\"2\" width=\"632\" height=\"422\" \/><\/p>\n","protected":false},"excerpt":{"rendered":"<p>XXI Zlot Niepodleg\u0142o\u015bciowy &#8222;\u0141owcz\u00f3wek 2019&#8221; Dnia 10 listopada 2019r. na Cmentarzu Legionist\u00f3w Polskich w \u0141owcz\u00f3wku odby\u0142y si\u0119 XXI Obchody \u015awi\u0119ta<\/p>\n","protected":false},"author":1,"featured_media":0,"parent":0,"menu_order":0,"comment_status":"closed","ping_status":"closed","template":"","meta":{"footnotes":""},"_links":{"self":[{"href":"https:\/\/www.not-tarnow.pl\/index.php\/wp-json\/wp\/v2\/pages\/1937"}],"collection":[{"href":"https:\/\/www.not-tarnow.pl\/index.php\/wp-json\/wp\/v2\/pages"}],"about":[{"href":"https:\/\/www.not-tarnow.pl\/index.php\/wp-json\/wp\/v2\/types\/page"}],"author":[{"embeddable":true,"href":"https:\/\/www.not-tarnow.pl\/index.php\/wp-json\/wp\/v2\/users\/1"}],"replies":[{"embeddable":true,"href":"https:\/\/www.not-tarnow.pl\/index.php\/wp-json\/wp\/v2\/comments?post=1937"}],"version-history":[{"count":5,"href":"https:\/\/www.not-tarnow.pl\/index.php\/wp-json\/wp\/v2\/pages\/1937\/revisions"}],"predecessor-version":[{"id":1939,"href":"https:\/\/www.not-tarnow.pl\/index.php\/wp-json\/wp\/v2\/pages\/1937\/revisions\/1939"}],"wp:attachment":[{"href":"https:\/\/www.not-tarnow.pl\/index.php\/wp-json\/wp\/v2\/media?parent=1937"}],"curies":[{"name":"wp","href":"https:\/\/api.w.org\/{rel}","templated":true}]}}