{"id":24,"date":"2013-01-22T11:31:14","date_gmt":"2013-01-22T10:31:14","guid":{"rendered":"http:\/\/www.not-tarnow.pl\/?page_id=24"},"modified":"2026-04-09T15:35:21","modified_gmt":"2026-04-09T13:35:21","slug":"kontakt","status":"publish","type":"page","link":"https:\/\/www.not-tarnow.pl\/index.php\/kontakt\/","title":{"rendered":"Kontakt"},"content":{"rendered":"<div style=\"text-align: center;\">\n<h5 style=\"text-align: left;\"><img decoding=\"async\" loading=\"lazy\" class=\"wp-image-2726 alignleft\" src=\"http:\/\/www.not-tarnow.pl\/wp-content\/uploads\/2013\/01\/cropped-not_logo_gif.gif\" alt=\"\" width=\"88\" height=\"88\" \/><span style=\"color: #000080;\">Naczelna Organizacja Techniczna<\/span><br \/>\n<span style=\"color: #000080;\">Federacja Stowarzysze\u0144 Naukowo &#8211; Technicznych<\/span><br \/>\n<span style=\"color: #000080;\">Rada w Tarnowie<\/span><\/h5>\n<p>&nbsp;<\/p>\n<p style=\"text-align: left;\"><strong><img decoding=\"async\" loading=\"lazy\" src=\"https:\/\/static.xx.fbcdn.net\/images\/emoji.php\/v9\/taa\/1.5\/16\/1f449.png\" alt=\"\ud83d\udc49\" width=\"16\" height=\"16\" \/>Kontakt:<br \/>\nRynek 10, 33-100 Tarn\u00f3w<br \/>\nI pi\u0119tro, pok\u00f3j nr 114<br \/>\n<\/strong>czynne: <strong>pn. &#8211; pt. od 8.00 do 16.00<\/strong><\/p>\n<p style=\"text-align: left;\"><strong><img decoding=\"async\" loading=\"lazy\" src=\"https:\/\/static.xx.fbcdn.net\/images\/emoji.php\/v9\/taa\/1.5\/16\/1f449.png\" alt=\"\ud83d\udc49\" width=\"16\" height=\"16\" \/><\/strong>tel.\u00a0 14 630 01 72<br \/>\n<strong><img decoding=\"async\" loading=\"lazy\" src=\"https:\/\/static.xx.fbcdn.net\/images\/emoji.php\/v9\/taa\/1.5\/16\/1f449.png\" alt=\"\ud83d\udc49\" width=\"16\" height=\"16\" \/><\/strong>tel. kom. 508 877 762<strong><br \/>\n<\/strong><strong><img decoding=\"async\" loading=\"lazy\" src=\"https:\/\/static.xx.fbcdn.net\/images\/emoji.php\/v9\/taa\/1.5\/16\/1f449.png\" alt=\"\ud83d\udc49\" width=\"16\" height=\"16\" \/><\/strong>e-mail: <a href=\"mailto:sekretariat@not-tarnow.pl\"><em>sekretariat@not-tarnow.pl<\/em><\/a><\/p>\n<p style=\"text-align: left;\"><strong>NIP: <\/strong>873-000-92-71<br \/>\n<strong>REGON: <\/strong>852746139<br \/>\n<strong>KRS:<\/strong> 0000213416<\/p>\n<p>&nbsp;<\/p>\n<\/div>\n<p style=\"text-align: left;\"><strong>PREZES ZARZ\u0104DU<br \/>\n<\/strong>mgr in\u017c. Renata \u0141ab\u0119d\u017a<strong><br \/>\n<\/strong>tel. kom. 504 238 872<br \/>\ne-mail: <em><a href=\"mailto:renata.labedz@not-tarnow.pl\">renata.labedz@not-tarnow.pl<\/a><\/em><\/p>\n<p><strong>SEKRETARIAT,<br \/>\nKIEROWNIK BIURA<\/strong><strong><br \/>\n<\/strong>Iwona Sztorc<br \/>\ntel.\u00a0 14 630 01 72<br \/>\ntel. kom. 508 877 762<br \/>\ne-mail: <em><a href=\"mailto:iwona.sztorc@not-tarnow.pl\">iwona.sztorc@not-tarnow.pl\u00a0<\/a><\/em><\/p>\n<div style=\"text-align: center;\">\n<p style=\"text-align: left;\">\n<\/div>\n<p>&nbsp;<\/p>\n<p><strong><img decoding=\"async\" loading=\"lazy\" src=\"https:\/\/static.xx.fbcdn.net\/images\/emoji.php\/v9\/taa\/1.5\/16\/1f449.png\" alt=\"\ud83d\udc49\" width=\"16\" height=\"16\" \/>Jeste\u015bmy na fb: <a href=\"https:\/\/www.facebook.com\/Naczelna-Organizacja-Techniczna-w-Tarnowie-1605711446164411\"><img decoding=\"async\" loading=\"lazy\" class=\"aligncenter wp-image-6866\" src=\"http:\/\/www.not-tarnow.pl\/wp-content\/uploads\/2025\/03\/facebook-e1741702228565-300x168.jpg\" alt=\"\" width=\"172\" height=\"96\" srcset=\"https:\/\/www.not-tarnow.pl\/wp-content\/uploads\/2025\/03\/facebook-e1741702228565-300x168.jpg 300w, https:\/\/www.not-tarnow.pl\/wp-content\/uploads\/2025\/03\/facebook-e1741702228565-768x430.jpg 768w, https:\/\/www.not-tarnow.pl\/wp-content\/uploads\/2025\/03\/facebook-e1741702228565-800x445.jpg 800w, https:\/\/www.not-tarnow.pl\/wp-content\/uploads\/2025\/03\/facebook-e1741702228565.jpg 994w\" sizes=\"(max-width: 172px) 100vw, 172px\" \/><\/a><\/strong><\/p>\n<p>&nbsp;<\/p>\n<p><img decoding=\"async\" loading=\"lazy\" class=\"aligncenter wp-image-3914\" src=\"http:\/\/www.not-tarnow.pl\/wp-content\/uploads\/2023\/08\/Obraz2.jpg\" alt=\"\" width=\"447\" height=\"627\" srcset=\"https:\/\/www.not-tarnow.pl\/wp-content\/uploads\/2023\/08\/Obraz2.jpg 458w, https:\/\/www.not-tarnow.pl\/wp-content\/uploads\/2023\/08\/Obraz2-214x300.jpg 214w\" sizes=\"(max-width: 447px) 100vw, 447px\" \/><\/p>\n<p>&nbsp;<\/p>\n<div style=\"text-align: center;\"><\/div>\n<div>\n<hr \/>\n<\/div>\n<div style=\"text-align: center;\">Konto: Bank Pekao S.A. 03 1240 1910 1111 0010 8795 9128<\/div>\n<div style=\"text-align: center;\">\n<hr \/>\n<\/div>\n<div>\n<p style=\"text-align: center;\"><iframe loading=\"lazy\" src=\"https:\/\/mapy.google.pl\/maps?f=q&amp;source=s_q&amp;hl=pl&amp;geocode=&amp;q=Rynek+10,+Tarn%C3%B3w&amp;aq=t&amp;sll=50.012758,20.997705&amp;sspn=0.03006,0.084028&amp;ie=UTF8&amp;hq=&amp;hnear=Rynek+10,+Tarn%C3%B3w,+Wojew%C3%B3dztwo+ma%C5%82opolskie&amp;t=m&amp;ll=50.012593,20.988178&amp;spn=0.019305,0.036478&amp;z=14&amp;iwloc=A&amp;output=embed\" width=\"425\" height=\"350\" frameborder=\"0\" marginwidth=\"0\" marginheight=\"0\" scrolling=\"no\"><\/iframe><br \/>\n<small><a href=\"https:\/\/mapy.google.pl\/maps?f=q&amp;source=embed&amp;hl=pl&amp;geocode=&amp;q=Rynek+10,+Tarn%C3%B3w&amp;aq=t&amp;sll=50.012758,20.997705&amp;sspn=0.03006,0.084028&amp;ie=UTF8&amp;hq=&amp;hnear=Rynek+10,+Tarn%C3%B3w,+Wojew%C3%B3dztwo+ma%C5%82opolskie&amp;t=m&amp;ll=50.012593,20.988178&amp;spn=0.019305,0.036478&amp;z=14&amp;iwloc=A\">Wy\u015bwietl wi\u0119ksz\u0105 map\u0119<\/a><\/small><\/p>\n<\/div>\n<div style=\"text-align: center;\"><\/div>\n<p style=\"text-align: center;\"><img decoding=\"async\" loading=\"lazy\" class=\"aligncenter wp-image-3903\" src=\"http:\/\/www.not-tarnow.pl\/wp-content\/uploads\/2023\/08\/20210430_140149-1024x760.jpg\" alt=\"\" width=\"591\" height=\"439\" srcset=\"https:\/\/www.not-tarnow.pl\/wp-content\/uploads\/2023\/08\/20210430_140149-1024x760.jpg 1024w, https:\/\/www.not-tarnow.pl\/wp-content\/uploads\/2023\/08\/20210430_140149-300x223.jpg 300w, https:\/\/www.not-tarnow.pl\/wp-content\/uploads\/2023\/08\/20210430_140149-768x570.jpg 768w, https:\/\/www.not-tarnow.pl\/wp-content\/uploads\/2023\/08\/20210430_140149-1536x1140.jpg 1536w, https:\/\/www.not-tarnow.pl\/wp-content\/uploads\/2023\/08\/20210430_140149-2048x1519.jpg 2048w\" sizes=\"(max-width: 591px) 100vw, 591px\" \/><\/p>\n<p style=\"text-align: center;\"><em>Wej\u015bcie g\u0142\u00f3wne w kamienicy NOT<\/em><\/p>\n<p><img decoding=\"async\" loading=\"lazy\" class=\"aligncenter wp-image-3901\" src=\"http:\/\/www.not-tarnow.pl\/wp-content\/uploads\/2023\/08\/DSCN1686-1024x768.jpg\" alt=\"\" width=\"591\" height=\"443\" srcset=\"https:\/\/www.not-tarnow.pl\/wp-content\/uploads\/2023\/08\/DSCN1686-1024x768.jpg 1024w, https:\/\/www.not-tarnow.pl\/wp-content\/uploads\/2023\/08\/DSCN1686-300x225.jpg 300w, https:\/\/www.not-tarnow.pl\/wp-content\/uploads\/2023\/08\/DSCN1686-768x576.jpg 768w, https:\/\/www.not-tarnow.pl\/wp-content\/uploads\/2023\/08\/DSCN1686-1536x1152.jpg 1536w, https:\/\/www.not-tarnow.pl\/wp-content\/uploads\/2023\/08\/DSCN1686-2048x1536.jpg 2048w\" sizes=\"(max-width: 591px) 100vw, 591px\" \/><\/p>\n<p style=\"text-align: center;\"><em>Widok z Ratusza na kamienic\u0119 NOT<\/em><\/p>\n<p><img decoding=\"async\" loading=\"lazy\" class=\"aligncenter size-full wp-image-3897\" src=\"http:\/\/www.not-tarnow.pl\/wp-content\/uploads\/2023\/08\/11.jpg\" alt=\"\" width=\"591\" height=\"638\" srcset=\"https:\/\/www.not-tarnow.pl\/wp-content\/uploads\/2023\/08\/11.jpg 591w, https:\/\/www.not-tarnow.pl\/wp-content\/uploads\/2023\/08\/11-278x300.jpg 278w\" sizes=\"(max-width: 591px) 100vw, 591px\" \/><\/p>\n<p style=\"text-align: center;\"><em>Siedziba NOT w Tarnowie<\/em><\/p>\n<p>&nbsp;<\/p>\n","protected":false},"excerpt":{"rendered":"<p>Naczelna Organizacja Techniczna Federacja Stowarzysze\u0144 Naukowo &#8211; Technicznych Rada w Tarnowie &nbsp; Kontakt: Rynek 10, 33-100 Tarn\u00f3w I pi\u0119tro, pok\u00f3j<\/p>\n","protected":false},"author":1,"featured_media":0,"parent":0,"menu_order":0,"comment_status":"open","ping_status":"open","template":"","meta":{"footnotes":""},"_links":{"self":[{"href":"https:\/\/www.not-tarnow.pl\/index.php\/wp-json\/wp\/v2\/pages\/24"}],"collection":[{"href":"https:\/\/www.not-tarnow.pl\/index.php\/wp-json\/wp\/v2\/pages"}],"about":[{"href":"https:\/\/www.not-tarnow.pl\/index.php\/wp-json\/wp\/v2\/types\/page"}],"author":[{"embeddable":true,"href":"https:\/\/www.not-tarnow.pl\/index.php\/wp-json\/wp\/v2\/users\/1"}],"replies":[{"embeddable":true,"href":"https:\/\/www.not-tarnow.pl\/index.php\/wp-json\/wp\/v2\/comments?post=24"}],"version-history":[{"count":111,"href":"https:\/\/www.not-tarnow.pl\/index.php\/wp-json\/wp\/v2\/pages\/24\/revisions"}],"predecessor-version":[{"id":8007,"href":"https:\/\/www.not-tarnow.pl\/index.php\/wp-json\/wp\/v2\/pages\/24\/revisions\/8007"}],"wp:attachment":[{"href":"https:\/\/www.not-tarnow.pl\/index.php\/wp-json\/wp\/v2\/media?parent=24"}],"curies":[{"name":"wp","href":"https:\/\/api.w.org\/{rel}","templated":true}]}}