{"id":2926,"date":"2021-11-05T08:58:56","date_gmt":"2021-11-05T07:58:56","guid":{"rendered":"http:\/\/not-tarnow.pl\/?page_id=2926"},"modified":"2021-11-05T09:38:26","modified_gmt":"2021-11-05T08:38:26","slug":"olimpiady-i-konkursy","status":"publish","type":"page","link":"https:\/\/www.not-tarnow.pl\/index.php\/olimpiady-i-konkursy\/","title":{"rendered":"Olimpiady i Konkursy"},"content":{"rendered":"<div id=\"upl-list-2936\" class=\"upl-list\">\n<ul>\n<li><div class=\"upl-post-title\"><a href=\"https:\/\/www.not-tarnow.pl\/index.php\/2026\/04\/wyniki-52-olimpiady-wiedzy-technicznej-inzynieria-w-elektroenergetyce\/\">Wyniki 52. Olimpiady Wiedzy Technicznej \u2013 In\u017cynieria w Elektroenergetyce<\/a><\/div><div class=\"upl-post-thumbnail\"><a href=\"https:\/\/www.not-tarnow.pl\/index.php\/2026\/04\/wyniki-52-olimpiady-wiedzy-technicznej-inzynieria-w-elektroenergetyce\/\"><img width=\"75\" height=\"75\" src=\"https:\/\/www.not-tarnow.pl\/wp-content\/uploads\/2023\/09\/logo_OWT-IWE_1000x1000-11111-150x150.jpg\" class=\"attachment-75x75 size-75x75\" alt=\"\" decoding=\"async\" loading=\"lazy\" srcset=\"https:\/\/www.not-tarnow.pl\/wp-content\/uploads\/2023\/09\/logo_OWT-IWE_1000x1000-11111-150x150.jpg 150w, https:\/\/www.not-tarnow.pl\/wp-content\/uploads\/2023\/09\/logo_OWT-IWE_1000x1000-11111-300x300.jpg 300w, https:\/\/www.not-tarnow.pl\/wp-content\/uploads\/2023\/09\/logo_OWT-IWE_1000x1000-11111-768x768.jpg 768w, https:\/\/www.not-tarnow.pl\/wp-content\/uploads\/2023\/09\/logo_OWT-IWE_1000x1000-11111.jpg 1000w\" sizes=\"(max-width: 75px) 100vw, 75px\" \/><\/a><\/div><div class=\"upl-post-excerpt\">Og\u0142oszono wyniki zawod\u00f3w III stopnia 52. Olimpiady Wiedzy Technicznej \u2013 In\u017cynieria w Elektroenergetyce! Z ogromn\u0105 rado\u015bci\u0105 informujemy, \u017ce dw\u00f3ch uczestnik\u00f3w 52. OWT \u2013 IWE, reprezentuj\u0105cych Komitet \u2026<\/div><\/li>\n<li><div class=\"upl-post-title\"><a href=\"https:\/\/www.not-tarnow.pl\/index.php\/2026\/03\/final-52-owt-iwe-oraz-wreczenie-statuetki-srebrnego-inzyniera-2025-bylemu-dyrektorowi-zsem-w-nowym-saczu\/\">Fina\u0142 52. OWT-IWE oraz \u201eSrebrny In\u017cynier 2025\u201d dla b. dyrektora ZSEM w Nowym S\u0105czu<\/a><\/div><div class=\"upl-post-thumbnail\"><a href=\"https:\/\/www.not-tarnow.pl\/index.php\/2026\/03\/final-52-owt-iwe-oraz-wreczenie-statuetki-srebrnego-inzyniera-2025-bylemu-dyrektorowi-zsem-w-nowym-saczu\/\"><img width=\"75\" height=\"75\" src=\"https:\/\/www.not-tarnow.pl\/wp-content\/uploads\/2026\/03\/AGH_finaly_52_OWT_IWE_2026_03_28-150x150.jpg\" class=\"attachment-75x75 size-75x75\" alt=\"\" decoding=\"async\" loading=\"lazy\" \/><\/a><\/div><div class=\"upl-post-excerpt\">W sobot\u0119, 28 marca br., w Akademii G\u00f3rniczo\u2011Hutniczej im. Stanis\u0142awa Staszica w Krakowie odby\u0142y si\u0119 zawody III stopnia (fina\u0142y centralne) 52. Olimpiady Wiedzy Technicznej \u2013 In\u017cynieria w \u2026<\/div><\/li>\n<li><div class=\"upl-post-title\"><a href=\"https:\/\/www.not-tarnow.pl\/index.php\/2026\/02\/7830\/\">Rusza VIII edycja Og\u00f3lnopolskiego Konkursu \u201eMistrz Techniki FSNT\u2011NOT 2026\u201d<\/a><\/div><div class=\"upl-post-thumbnail\"><a href=\"https:\/\/www.not-tarnow.pl\/index.php\/2026\/02\/7830\/\"><img width=\"75\" height=\"75\" src=\"https:\/\/www.not-tarnow.pl\/wp-content\/uploads\/2026\/02\/Logo_Mistrz_Techniki-1-150x150.jpg\" class=\"attachment-75x75 size-75x75\" alt=\"\" decoding=\"async\" loading=\"lazy\" srcset=\"https:\/\/www.not-tarnow.pl\/wp-content\/uploads\/2026\/02\/Logo_Mistrz_Techniki-1-150x150.jpg 150w, https:\/\/www.not-tarnow.pl\/wp-content\/uploads\/2026\/02\/Logo_Mistrz_Techniki-1-300x300.jpg 300w, https:\/\/www.not-tarnow.pl\/wp-content\/uploads\/2026\/02\/Logo_Mistrz_Techniki-1-1024x1024.jpg 1024w, https:\/\/www.not-tarnow.pl\/wp-content\/uploads\/2026\/02\/Logo_Mistrz_Techniki-1-768x768.jpg 768w, https:\/\/www.not-tarnow.pl\/wp-content\/uploads\/2026\/02\/Logo_Mistrz_Techniki-1-1536x1536.jpg 1536w, https:\/\/www.not-tarnow.pl\/wp-content\/uploads\/2026\/02\/Logo_Mistrz_Techniki-1-2048x2048.jpg 2048w\" sizes=\"(max-width: 75px) 100vw, 75px\" \/><\/a><\/div><div class=\"upl-post-excerpt\">Trwa \u00f3sma edycja Og\u00f3lnopolskiego Konkursu \u201eMistrz Techniki FSNT\u2011NOT 2026\u201d, cenionego od lat w \u015brodowisku in\u017cynierskim i promuj\u0105cego najciekawsze wdro\u017cenia techniczne z ca\u0142ej Polski. Kogo zapraszamy? \u2026<\/div><\/li>\n<li><div class=\"upl-post-title\"><a href=\"https:\/\/www.not-tarnow.pl\/index.php\/2026\/01\/wyniki-ii-etapu-52-owt-iwe-mamy-3-uczniow-w-finale\/\">Wyniki II etapu 52 OWT-IWE &#8211; mamy 3 uczni\u00f3w w finale!<\/a><\/div><div class=\"upl-post-thumbnail\"><a href=\"https:\/\/www.not-tarnow.pl\/index.php\/2026\/01\/wyniki-ii-etapu-52-owt-iwe-mamy-3-uczniow-w-finale\/\"><img width=\"75\" height=\"75\" src=\"https:\/\/www.not-tarnow.pl\/wp-content\/uploads\/2023\/09\/logo_OWT-IWE_1000x1000-150x150.jpg\" class=\"attachment-75x75 size-75x75\" alt=\"\" decoding=\"async\" loading=\"lazy\" srcset=\"https:\/\/www.not-tarnow.pl\/wp-content\/uploads\/2023\/09\/logo_OWT-IWE_1000x1000-150x150.jpg 150w, https:\/\/www.not-tarnow.pl\/wp-content\/uploads\/2023\/09\/logo_OWT-IWE_1000x1000-300x300.jpg 300w, https:\/\/www.not-tarnow.pl\/wp-content\/uploads\/2023\/09\/logo_OWT-IWE_1000x1000-768x768.jpg 768w, https:\/\/www.not-tarnow.pl\/wp-content\/uploads\/2023\/09\/logo_OWT-IWE_1000x1000.jpg 1000w\" sizes=\"(max-width: 75px) 100vw, 75px\" \/><\/a><\/div><div class=\"upl-post-excerpt\">Znamy ju\u017c wyniki II etapu 52 OWT-IWE. Do II etapu z naszego okr\u0119gu przesz\u0142o 3 uczni\u00f3w z Zespo\u0142u Szk\u00f3\u0142 Elektryczno-Mechanicznych z Nowego S\u0105cza. Serdecznie gratulujemy i \u017cyczymy powodzenia w III \u2026<\/div><\/li>\n<li><div class=\"upl-post-title\"><a href=\"https:\/\/www.not-tarnow.pl\/index.php\/2026\/01\/za-nami-drugi-etap-52-olimpiady-wiedzy-technicznej-inzynieria-w-elektroenergetyce\/\">Za nami drugi etap 52. Olimpiady Wiedzy Technicznej \u2013 In\u017cynieria w Elektroenergetyce<\/a><\/div><div class=\"upl-post-thumbnail\"><a href=\"https:\/\/www.not-tarnow.pl\/index.php\/2026\/01\/za-nami-drugi-etap-52-olimpiady-wiedzy-technicznej-inzynieria-w-elektroenergetyce\/\"><img width=\"75\" height=\"75\" src=\"https:\/\/www.not-tarnow.pl\/wp-content\/uploads\/2026\/01\/DSC_5514-150x150.jpg\" class=\"attachment-75x75 size-75x75\" alt=\"\" decoding=\"async\" loading=\"lazy\" \/><\/a><\/div><div class=\"upl-post-excerpt\">Za nami drugi etap 52. Olimpiady Wiedzy Technicznej \u2013 In\u017cynieria w Elektroenergetyce. W roku szkolnym 2025\/2026 w tarnowskim okr\u0119gu w I etapie Olimpiady udzia\u0142 wzi\u0119\u0142o 80 uczni\u00f3w z 8 szk\u00f3\u0142, a do etapu \u2026<\/div><\/li>\n<li><div class=\"upl-post-title\"><a href=\"https:\/\/www.not-tarnow.pl\/index.php\/2026\/01\/przed-nami-ii-etap-zawodow-52-olimpiady-wiedzy-technicznej-inzynieria-w-elektroenergetyce\/\">Przed nami II etap zawod\u00f3w 52. Olimpiady Wiedzy Technicznej \u2013 In\u017cynieria w Elektroenergetyce<\/a><\/div><div class=\"upl-post-thumbnail\"><a href=\"https:\/\/www.not-tarnow.pl\/index.php\/2026\/01\/przed-nami-ii-etap-zawodow-52-olimpiady-wiedzy-technicznej-inzynieria-w-elektroenergetyce\/\"><img width=\"75\" height=\"75\" src=\"https:\/\/www.not-tarnow.pl\/wp-content\/uploads\/2023\/09\/logo_OWT-IWE_1000x1000-11111-150x150.jpg\" class=\"attachment-75x75 size-75x75\" alt=\"\" decoding=\"async\" loading=\"lazy\" srcset=\"https:\/\/www.not-tarnow.pl\/wp-content\/uploads\/2023\/09\/logo_OWT-IWE_1000x1000-11111-150x150.jpg 150w, https:\/\/www.not-tarnow.pl\/wp-content\/uploads\/2023\/09\/logo_OWT-IWE_1000x1000-11111-300x300.jpg 300w, https:\/\/www.not-tarnow.pl\/wp-content\/uploads\/2023\/09\/logo_OWT-IWE_1000x1000-11111-768x768.jpg 768w, https:\/\/www.not-tarnow.pl\/wp-content\/uploads\/2023\/09\/logo_OWT-IWE_1000x1000-11111.jpg 1000w\" sizes=\"(max-width: 75px) 100vw, 75px\" \/><\/a><\/div><div class=\"upl-post-excerpt\">W \u015brod\u0119 7 stycznia 2026 r. odb\u0119dzie si\u0119 II etap (okr\u0119gowy) zawod\u00f3w 52. edycji Olimpiady Wiedzy Technicznej \u2013 In\u017cynieria w Elektroenergetyce. W zmaganiach I etapu zawod\u00f3w olimpiady, kt\u00f3re odby\u0142y si\u0119 \u2026<\/div><\/li>\n<li><div class=\"upl-post-title\"><a href=\"https:\/\/www.not-tarnow.pl\/index.php\/2025\/09\/rusza-52-olimpiada-wiedzy-technicznej-inzynieria-w-elektroenergetyce\/\">Rusza 52 Olimpiada Wiedzy Technicznej \u2013 In\u017cynieria w Elektroenergetyce!<\/a><\/div><div class=\"upl-post-thumbnail\"><a href=\"https:\/\/www.not-tarnow.pl\/index.php\/2025\/09\/rusza-52-olimpiada-wiedzy-technicznej-inzynieria-w-elektroenergetyce\/\"><img width=\"75\" height=\"75\" src=\"https:\/\/www.not-tarnow.pl\/wp-content\/uploads\/2023\/09\/logo_OWT-IWE_1000x1000-11111-150x150.jpg\" class=\"attachment-75x75 size-75x75\" alt=\"\" decoding=\"async\" loading=\"lazy\" srcset=\"https:\/\/www.not-tarnow.pl\/wp-content\/uploads\/2023\/09\/logo_OWT-IWE_1000x1000-11111-150x150.jpg 150w, https:\/\/www.not-tarnow.pl\/wp-content\/uploads\/2023\/09\/logo_OWT-IWE_1000x1000-11111-300x300.jpg 300w, https:\/\/www.not-tarnow.pl\/wp-content\/uploads\/2023\/09\/logo_OWT-IWE_1000x1000-11111-768x768.jpg 768w, https:\/\/www.not-tarnow.pl\/wp-content\/uploads\/2023\/09\/logo_OWT-IWE_1000x1000-11111.jpg 1000w\" sizes=\"(max-width: 75px) 100vw, 75px\" \/><\/a><\/div><div class=\"upl-post-excerpt\">Startuje 52.edycja Olimpiady Wiedzy Technicznej \u2013 In\u017cynieria w Elektroenergetyce (OWT-IWE). Pierwszy etap ju\u017c 24 pa\u017adziernika tego roku. Organizator, Federacja Stowarzysze\u0144 Naukowo-Technicznych \u2026<\/div><\/li>\n<li><div class=\"upl-post-title\"><a href=\"https:\/\/www.not-tarnow.pl\/index.php\/2025\/09\/zapraszamy-do-udzialy-w-konkursie-mlody-innowator-2025-2026\/\">Zapraszamy do udzia\u0142u w Konkursie M\u0141ODY INNOWATOR 2025\/2026<\/a><\/div><div class=\"upl-post-thumbnail\"><a href=\"https:\/\/www.not-tarnow.pl\/index.php\/2025\/09\/zapraszamy-do-udzialy-w-konkursie-mlody-innowator-2025-2026\/\"><img width=\"75\" height=\"75\" src=\"https:\/\/www.not-tarnow.pl\/wp-content\/uploads\/2025\/02\/MI_logo-150x150.jpg\" class=\"attachment-75x75 size-75x75\" alt=\"\" decoding=\"async\" loading=\"lazy\" \/><\/a><\/div><div class=\"upl-post-excerpt\">Zapraszamy uczni\u00f3w szk\u00f3\u0142 podstawowych (kl. IV-VIII) i ponadpodstawowych (lice\u00f3w i technik\u00f3w) do wzi\u0119cia udzia\u0142u w Og\u00f3lnopolskim Konkursie M\u0141ODY INNOWATOR 2025\/2026 pod has\u0142em \u201eMam pomys\u0142 na \u2026<\/div><\/li>\n<li><div class=\"upl-post-title\"><a href=\"https:\/\/www.not-tarnow.pl\/index.php\/2025\/05\/gala-podsumowujaca-50-olimpiade-wiedzy-technicznej-inzynieria-w-elektroenergetyce\/\">Gala podsumowuj\u0105ca 51. Olimpiad\u0119 Wiedzy Technicznej \u2013 In\u017cynieria w Elektroenergetyce<\/a><\/div><div class=\"upl-post-thumbnail\"><a href=\"https:\/\/www.not-tarnow.pl\/index.php\/2025\/05\/gala-podsumowujaca-50-olimpiade-wiedzy-technicznej-inzynieria-w-elektroenergetyce\/\"><img width=\"75\" height=\"75\" src=\"https:\/\/www.not-tarnow.pl\/wp-content\/uploads\/2025\/06\/1-150x150.jpg\" class=\"attachment-75x75 size-75x75\" alt=\"\" decoding=\"async\" loading=\"lazy\" \/><\/a><\/div><div class=\"upl-post-excerpt\">Zbli\u017caj\u0105cy si\u0119 koniec roku szkolnego by\u0142 okazj\u0105 do podsumowania inicjatyw ruchu stowarzyszeniowego \u015brodowiska in\u017cynierskiego kierowanych do m\u0142odego pokolenia. 29 maja 2025 r. w Warszawskim Domu \u2026<\/div><\/li>\n<li><div class=\"upl-post-title\"><a href=\"https:\/\/www.not-tarnow.pl\/index.php\/2025\/04\/wyniki-51-olimpiady-wiedzy-technicznej-iwe-z-naszego-okregu\/\">Wyniki 51. Olimpiady Wiedzy Technicznej \u2013 IWE<\/a><\/div><div class=\"upl-post-thumbnail\"><a href=\"https:\/\/www.not-tarnow.pl\/index.php\/2025\/04\/wyniki-51-olimpiady-wiedzy-technicznej-iwe-z-naszego-okregu\/\"><img width=\"75\" height=\"75\" src=\"https:\/\/www.not-tarnow.pl\/wp-content\/uploads\/2023\/09\/logo_OWT-IWE_1000x1000-11111-150x150.jpg\" class=\"attachment-75x75 size-75x75\" alt=\"\" decoding=\"async\" loading=\"lazy\" srcset=\"https:\/\/www.not-tarnow.pl\/wp-content\/uploads\/2023\/09\/logo_OWT-IWE_1000x1000-11111-150x150.jpg 150w, https:\/\/www.not-tarnow.pl\/wp-content\/uploads\/2023\/09\/logo_OWT-IWE_1000x1000-11111-300x300.jpg 300w, https:\/\/www.not-tarnow.pl\/wp-content\/uploads\/2023\/09\/logo_OWT-IWE_1000x1000-11111-768x768.jpg 768w, https:\/\/www.not-tarnow.pl\/wp-content\/uploads\/2023\/09\/logo_OWT-IWE_1000x1000-11111.jpg 1000w\" sizes=\"(max-width: 75px) 100vw, 75px\" \/><\/a><\/div><div class=\"upl-post-excerpt\">Og\u0142oszono wyniki zawod\u00f3w III stopnia 51. Olimpiady wiedzy Technicznej \u2013 In\u017cynieria w Elektroenergetyce! Jest nam niezmiernie mi\u0142o poinformowa\u0107, \u017ce dw\u00f3ch uczestnik\u00f3w 51. OWT \u2013 IWE z Komitetu \u2026<\/div><\/li>\n<\/ul>\n<form action=\"\" method=\"POST\" id=\"upl-list-2936-form\"><div><a href=\"\" id=\"upl-list-2936-button\" class=\"upl-list-button\">Dalsze wpisy<\/a><img src=\"https:\/\/www.not-tarnow.pl\/wp-includes\/images\/wpspin.gif\" alt=\"Wczytywanie kolejnych wynik\u00f3w\u2026 prosz\u0119 czeka\u0107.\" id=\"upl-list-2936-spinner\" style=\"display: none;\" \/><input type=\"hidden\" name=\"no_more_label\" id=\"upl-list-2936-no-more-label\" value=\"Nie znaleziono \u017cadnych wpis\u00f3w.\"  \/><\/div><\/form>\n<\/div>\n\n","protected":false},"excerpt":{"rendered":"","protected":false},"author":1,"featured_media":0,"parent":0,"menu_order":0,"comment_status":"closed","ping_status":"closed","template":"","meta":{"footnotes":""},"_links":{"self":[{"href":"https:\/\/www.not-tarnow.pl\/index.php\/wp-json\/wp\/v2\/pages\/2926"}],"collection":[{"href":"https:\/\/www.not-tarnow.pl\/index.php\/wp-json\/wp\/v2\/pages"}],"about":[{"href":"https:\/\/www.not-tarnow.pl\/index.php\/wp-json\/wp\/v2\/types\/page"}],"author":[{"embeddable":true,"href":"https:\/\/www.not-tarnow.pl\/index.php\/wp-json\/wp\/v2\/users\/1"}],"replies":[{"embeddable":true,"href":"https:\/\/www.not-tarnow.pl\/index.php\/wp-json\/wp\/v2\/comments?post=2926"}],"version-history":[{"count":4,"href":"https:\/\/www.not-tarnow.pl\/index.php\/wp-json\/wp\/v2\/pages\/2926\/revisions"}],"predecessor-version":[{"id":2941,"href":"https:\/\/www.not-tarnow.pl\/index.php\/wp-json\/wp\/v2\/pages\/2926\/revisions\/2941"}],"wp:attachment":[{"href":"https:\/\/www.not-tarnow.pl\/index.php\/wp-json\/wp\/v2\/media?parent=2926"}],"curies":[{"name":"wp","href":"https:\/\/api.w.org\/{rel}","templated":true}]}}