{"id":2955,"date":"2021-11-07T17:03:53","date_gmt":"2021-11-07T16:03:53","guid":{"rendered":"http:\/\/not-tarnow.pl\/?page_id=2955"},"modified":"2021-11-07T17:20:30","modified_gmt":"2021-11-07T16:20:30","slug":"wystawy-2","status":"publish","type":"page","link":"https:\/\/www.not-tarnow.pl\/index.php\/wystawy-2\/","title":{"rendered":"Wystawy"},"content":{"rendered":"<div id=\"upl-list-2978\" class=\"upl-list\">\n<ul>\n<li><div class=\"upl-post-title\"><a href=\"https:\/\/www.not-tarnow.pl\/index.php\/2023\/01\/wystawa-instrumentow-geodezyjnych-i-przyrzadow-kartograficznych-z-minionych-lat-xx-w\/\">Wystawa instrument\u00f3w geodezyjnych i przyrz\u0105d\u00f3w kartograficznych z minionych lat XX w.<\/a><\/div><div class=\"upl-post-thumbnail\"><a href=\"https:\/\/www.not-tarnow.pl\/index.php\/2023\/01\/wystawa-instrumentow-geodezyjnych-i-przyrzadow-kartograficznych-z-minionych-lat-xx-w\/\"><img width=\"75\" height=\"75\" src=\"https:\/\/www.not-tarnow.pl\/wp-content\/uploads\/2023\/01\/sgp2-150x150.jpg\" class=\"attachment-75x75 size-75x75\" alt=\"\" decoding=\"async\" loading=\"lazy\" \/><\/a><\/div><div class=\"upl-post-date\">24 stycznia 2023<\/div><div class=\"upl-post-excerpt\">Zapraszamy na wystaw\u0119 SGP w NOT Tarn\u00f3w, Rynek 10 w dniach 27.01. &#8211; 01.02.2023 r. Szczeg\u00f3\u0142y na plakacie\u2026<\/div><\/li>\n<li><div class=\"upl-post-title\"><a href=\"https:\/\/www.not-tarnow.pl\/index.php\/2022\/07\/rok-2022-rokiem-jozefa-wybickiego\/\">Rok 2022 &#8211; Rokiem J\u00f3zefa Wybickiego<\/a><\/div><div class=\"upl-post-thumbnail\"><a href=\"https:\/\/www.not-tarnow.pl\/index.php\/2022\/07\/rok-2022-rokiem-jozefa-wybickiego\/\"><img width=\"75\" height=\"75\" src=\"https:\/\/www.not-tarnow.pl\/wp-content\/uploads\/2022\/07\/JW-150x150.jpg\" class=\"attachment-75x75 size-75x75\" alt=\"\" decoding=\"async\" loading=\"lazy\" \/><\/a><\/div><div class=\"upl-post-date\">28 lipca 2022<\/div><div class=\"upl-post-excerpt\">Sejm Rzeczypospolitej Polskiej, przekonany o wyj\u0105tkowym znaczeniu dorobku J\u00f3zefa Wybickiego, oddaj\u0105c ho\u0142d jego dokonaniom, ustanowi\u0142 rok 2022 Rokiem J\u00f3zefa Wybickiego. Ten polski pisarz i polityk \u2026<\/div><\/li>\n<li><div class=\"upl-post-title\"><a href=\"https:\/\/www.not-tarnow.pl\/index.php\/2022\/05\/rok-2022-rokiem-wandy-rutkiewicz\/\">Rok 2022 &#8211; Rokiem Wandy Rutkiewicz<\/a><\/div><div class=\"upl-post-thumbnail\"><a href=\"https:\/\/www.not-tarnow.pl\/index.php\/2022\/05\/rok-2022-rokiem-wandy-rutkiewicz\/\"><img width=\"75\" height=\"75\" src=\"https:\/\/www.not-tarnow.pl\/wp-content\/uploads\/2022\/05\/Wanda_Rutkiewicz_Gory_Sokole_fot._Seweryn_Bidzinski-150x150.jpg\" class=\"attachment-75x75 size-75x75\" alt=\"\" decoding=\"async\" loading=\"lazy\" \/><\/a><\/div><div class=\"upl-post-date\">19 maja 2022<\/div><div class=\"upl-post-excerpt\">Jedn\u0105 z patronek roku 2022 jest Wanda Rutkiewicz, wybitna polska himalaistka, jedna z najwybitniejszych himalaistek \u015bwiata, kt\u00f3ra jako trzecia kobieta na \u015bwiecie i pierwsza Europejka stan\u0119\u0142a na Mount \u2026<\/div><\/li>\n<li><div class=\"upl-post-title\"><a href=\"https:\/\/www.not-tarnow.pl\/index.php\/2021\/11\/wystawa-stulecie-uzyskania-przez-kobiety-w-polsce-praw-wyborczych-2\/\">Wystawa &#8222;Stulecie Uzyskania Przez Kobiety w Polsce Praw Wyborczych&#8221;<\/a><\/div><div class=\"upl-post-thumbnail\"><a href=\"https:\/\/www.not-tarnow.pl\/index.php\/2021\/11\/wystawa-stulecie-uzyskania-przez-kobiety-w-polsce-praw-wyborczych-2\/\"><img width=\"75\" height=\"75\" src=\"https:\/\/www.not-tarnow.pl\/wp-content\/uploads\/2021\/08\/100-LECIE-PLAKAT-1-PION-60-x-90-cm-150x150.jpg\" class=\"attachment-75x75 size-75x75\" alt=\"\" decoding=\"async\" loading=\"lazy\" \/><\/a><\/div><div class=\"upl-post-date\">7 listopada 2021<\/div><div class=\"upl-post-excerpt\">Niepodleg\u0142o\u015b\u0107 mia\u0142a nie\u00a0tylko zas\u0142u\u017conych Ojc\u00f3w, ale\u00a0te\u017c wybitne Matki. Chocia\u017c ze\u00a0wzgl\u0119du na\u00a0realia epoki kobiety nie\u00a0sta\u0142y na\u00a0czele wojsk czy\u00a0ruch\u00f3w politycznych, ich praca dla\u00a0Polski mia\u0142a \u2026<\/div><\/li>\n<li><div class=\"upl-post-title\"><a href=\"https:\/\/www.not-tarnow.pl\/index.php\/2020\/10\/wystawa-o-janie-szczepaniku-2\/\">Wystawa o Janie Szczepaniku<\/a><\/div><div class=\"upl-post-thumbnail\"><a href=\"https:\/\/www.not-tarnow.pl\/index.php\/2020\/10\/wystawa-o-janie-szczepaniku-2\/\"><img width=\"75\" height=\"75\" src=\"https:\/\/www.not-tarnow.pl\/wp-content\/uploads\/2021\/03\/PLAKAT-2-JAN-SZCZEPANIK-150x150.jpg\" class=\"attachment-75x75 size-75x75\" alt=\"\" decoding=\"async\" loading=\"lazy\" \/><\/a><\/div><div class=\"upl-post-date\">7 pa\u017adziernika 2020<\/div><div class=\"upl-post-excerpt\">W 2021 roku mija 95 rocznica \u015bmierci Jana Szczepanika ( 1872 \u2013 1926 ) wielkiego, genialnego wynalazcy tak mocno zwi\u0105zanego z Tarnowem. A ju\u017c niebawem w roku 2022 przypada 150 rocznica urodzin \u2026<\/div><\/li>\n<li><div class=\"upl-post-title\"><a href=\"https:\/\/www.not-tarnow.pl\/index.php\/2020\/08\/wystawa-z-okazji-100-rocznicy-bitwy-warszawskiej\/\">Wystawa z okazji 100. Rocznicy Bitwy Warszawskiej<\/a><\/div><div class=\"upl-post-thumbnail\"><a href=\"https:\/\/www.not-tarnow.pl\/index.php\/2020\/08\/wystawa-z-okazji-100-rocznicy-bitwy-warszawskiej\/\"><img width=\"75\" height=\"75\" src=\"https:\/\/www.not-tarnow.pl\/wp-content\/uploads\/2020\/08\/PLAKAT-1-BITWA-WARSZAWSKA-60-x-90-cm-PION-150x150.jpg\" class=\"attachment-75x75 size-75x75\" alt=\"\" decoding=\"async\" loading=\"lazy\" \/><\/a><\/div><div class=\"upl-post-date\">15 sierpnia 2020<\/div><div class=\"upl-post-excerpt\">\u201eNar\u00f3d, kt\u00f3ry traci pami\u0119\u0107 przestaje by\u0107 Narodem \u2013 staje si\u0119 jedynie zbiorem ludzi, czasowo zajmuj\u0105cych dane terytorium.\u201d (J\u00f3zef Pi\u0142sudski) 100 lat temu, 15 sierpnia 1920 roku na przedpolach Warszawy \u2026<\/div><\/li>\n<li><div class=\"upl-post-title\"><a href=\"https:\/\/www.not-tarnow.pl\/index.php\/2020\/06\/http-www-not-tarnow-pl-index-php-wystawa-sladami-sw-jana-pawla-ii-w-100-rocznice-jego-urodzin-opis\/\">Wystawa &#8222;\u015aladami \u015bw. Jana Paw\u0142a II w 100. rocznic\u0119 Jego urodzin&#8221;<\/a><\/div><div class=\"upl-post-thumbnail\"><a href=\"https:\/\/www.not-tarnow.pl\/index.php\/2020\/06\/http-www-not-tarnow-pl-index-php-wystawa-sladami-sw-jana-pawla-ii-w-100-rocznice-jego-urodzin-opis\/\"><img width=\"75\" height=\"75\" src=\"https:\/\/www.not-tarnow.pl\/wp-content\/uploads\/2020\/05\/PLAKAT-G\u0141\u00d3WNY-60-x-90-cm-PION-150x150.jpg\" class=\"attachment-75x75 size-75x75\" alt=\"\" decoding=\"async\" loading=\"lazy\" \/><\/a><\/div><div class=\"upl-post-date\">7 czerwca 2020<\/div><div class=\"upl-post-excerpt\">\u201e\u015aladami \u015bw. Jana Paw\u0142a II w 100. rocznic\u0119 Jego urodzin\u201d Tak zatytu\u0142owana jest wystawa fotograficzna przygotowana z okazji 100. rocznicy urodzin wielkiego Polaka. W zamy\u015ble wystawa mia\u0142a by\u0107 \u2026<\/div><\/li>\n<li><div class=\"upl-post-title\"><a href=\"https:\/\/www.not-tarnow.pl\/index.php\/2019\/09\/wystawa-80-rocznica-wybuchu-ii-wojny-swiatowej\/\">Wystawa &#8222;80. Rocznica Wybuchu II Wojny \u015awiatowej&#8221;<\/a><\/div><div class=\"upl-post-thumbnail\"><a href=\"https:\/\/www.not-tarnow.pl\/index.php\/2019\/09\/wystawa-80-rocznica-wybuchu-ii-wojny-swiatowej\/\"><img width=\"75\" height=\"75\" src=\"https:\/\/www.not-tarnow.pl\/wp-content\/uploads\/2019\/08\/wystawa-80rocznica-plakat-150x150.jpg\" class=\"attachment-75x75 size-75x75\" alt=\"\" decoding=\"async\" loading=\"lazy\" \/><\/a><\/div><div class=\"upl-post-date\">1 wrze\u015bnia 2019<\/div><div class=\"upl-post-excerpt\">Zapraszamy cz\u0142onk\u00f3w stowarzysze\u0144 naukowo-technicznych, uczni\u00f3w oraz wszystkich zainteresowanych na Wystaw\u0119 z okazji 80. Rocznicy Wybuchu II Wojny \u015awiatowej w Domu Technika NOT w Tarnowie. Uroczyste \u2026<\/div><\/li>\n<li><div class=\"upl-post-title\"><a href=\"https:\/\/www.not-tarnow.pl\/index.php\/2019\/05\/wystawa-techniki-frontu-zaplecza-i-logistyki-i-wojny-swiatowej-i-batalii-tarnowsko-gorlickiej\/\">Wystawa &#8222;Techniki wojenne I W\u015a&#8221;<\/a><\/div><div class=\"upl-post-thumbnail\"><a href=\"https:\/\/www.not-tarnow.pl\/index.php\/2019\/05\/wystawa-techniki-frontu-zaplecza-i-logistyki-i-wojny-swiatowej-i-batalii-tarnowsko-gorlickiej\/\"><img width=\"75\" height=\"75\" src=\"https:\/\/www.not-tarnow.pl\/wp-content\/uploads\/2014\/10\/Zaproszenienakonferencj_4slajdy-150x150.jpg\" class=\"attachment-75x75 size-75x75\" alt=\"\" decoding=\"async\" loading=\"lazy\" \/><\/a><\/div><div class=\"upl-post-date\">1 maja 2019<\/div><div class=\"upl-post-excerpt\">Wystawa &#8222;Techniki frontu, zaplecza i logistyki I wojny \u015bwiatowej i batalii tarnowsko-gorlickiej&#8221; w 2016 roku zosta\u0142a poszerzona o tematyk\u0119 pt. &#8222;Z szacunkiem dla pami\u0119ci bliskich nam \u2026<\/div><\/li>\n<li><div class=\"upl-post-title\"><a href=\"https:\/\/www.not-tarnow.pl\/index.php\/2018\/11\/wystawa-historia-przemyslu-przetworczo-rolnego-i-spozywczego-oraz-tradycja-produktu-w-tarnowie-i-regionie\/\">Wystawa \u201eHistoria przemys\u0142u spo\u017cywczego w Tarnowie\u201d<\/a><\/div><div class=\"upl-post-thumbnail\"><a href=\"https:\/\/www.not-tarnow.pl\/index.php\/2018\/11\/wystawa-historia-przemyslu-przetworczo-rolnego-i-spozywczego-oraz-tradycja-produktu-w-tarnowie-i-regionie\/\"><img width=\"75\" height=\"75\" src=\"https:\/\/www.not-tarnow.pl\/wp-content\/uploads\/2016\/03\/Slajd1-150x150.jpg\" class=\"attachment-75x75 size-75x75\" alt=\"\" decoding=\"async\" loading=\"lazy\" \/><\/a><\/div><div class=\"upl-post-date\">20 listopada 2018<\/div><div class=\"upl-post-excerpt\">&nbsp;W latach 2013-2015 w TJO-NOT Tarn\u00f3w opracowano i otwarto wystaw\u0119 pt. \u201eHistoria przemys\u0142u przetw\u00f3rczo-rolnego i spo\u017cywczego w Tarnowie i regionie oraz tradycja ich produktu\u201d. Opr\u00f3cz walor\u00f3w \u2026<\/div><\/li>\n<\/ul>\n<form action=\"\" method=\"POST\" id=\"upl-list-2978-form\"><div><a href=\"\" id=\"upl-list-2978-button\" class=\"upl-list-button\">Dalsze wpisy<\/a><img src=\"https:\/\/www.not-tarnow.pl\/wp-includes\/images\/wpspin.gif\" alt=\"Wczytywanie kolejnych wynik\u00f3w\u2026 prosz\u0119 czeka\u0107.\" id=\"upl-list-2978-spinner\" style=\"display: none;\" \/><input type=\"hidden\" name=\"no_more_label\" id=\"upl-list-2978-no-more-label\" value=\"Nie znaleziono \u017cadnych wpis\u00f3w.\"  \/><\/div><\/form>\n<\/div>\n\n","protected":false},"excerpt":{"rendered":"","protected":false},"author":1,"featured_media":0,"parent":0,"menu_order":0,"comment_status":"closed","ping_status":"closed","template":"","meta":{"footnotes":""},"_links":{"self":[{"href":"https:\/\/www.not-tarnow.pl\/index.php\/wp-json\/wp\/v2\/pages\/2955"}],"collection":[{"href":"https:\/\/www.not-tarnow.pl\/index.php\/wp-json\/wp\/v2\/pages"}],"about":[{"href":"https:\/\/www.not-tarnow.pl\/index.php\/wp-json\/wp\/v2\/types\/page"}],"author":[{"embeddable":true,"href":"https:\/\/www.not-tarnow.pl\/index.php\/wp-json\/wp\/v2\/users\/1"}],"replies":[{"embeddable":true,"href":"https:\/\/www.not-tarnow.pl\/index.php\/wp-json\/wp\/v2\/comments?post=2955"}],"version-history":[{"count":2,"href":"https:\/\/www.not-tarnow.pl\/index.php\/wp-json\/wp\/v2\/pages\/2955\/revisions"}],"predecessor-version":[{"id":2979,"href":"https:\/\/www.not-tarnow.pl\/index.php\/wp-json\/wp\/v2\/pages\/2955\/revisions\/2979"}],"wp:attachment":[{"href":"https:\/\/www.not-tarnow.pl\/index.php\/wp-json\/wp\/v2\/media?parent=2955"}],"curies":[{"name":"wp","href":"https:\/\/api.w.org\/{rel}","templated":true}]}}