{"id":342,"date":"2013-02-12T12:43:19","date_gmt":"2013-02-12T11:43:19","guid":{"rendered":"http:\/\/www.not-tarnow.pl\/?page_id=342"},"modified":"2023-12-07T21:59:29","modified_gmt":"2023-12-07T20:59:29","slug":"uslugi","status":"publish","type":"page","link":"https:\/\/www.not-tarnow.pl\/index.php\/uslugi\/","title":{"rendered":"Us\u0142ugi"},"content":{"rendered":"<p><span style=\"color: #000080;\"><b>Us\u0142ugi NOT FSNT Rada w Tarnowie\u00a0<\/b><\/span><\/p>\n<div dir=\"auto\"><span class=\"x3nfvp2 x1j61x8r x1fcty0u xdj266r xhhsvwb xat24cr xgzva0m xxymvpz xlup9mm x1kky2od\"><img decoding=\"async\" loading=\"lazy\" src=\"https:\/\/static.xx.fbcdn.net\/images\/emoji.php\/v9\/t25\/1.5\/16\/27a1.png\" alt=\"\u27a1\" width=\"16\" height=\"16\" \/><\/span> specjalistyczne us\u0142ugi w ramach Biura Ekspertyz Technicznych i Analiz (BETA NOT):<\/div>\n<div dir=\"auto\"><span class=\"x3nfvp2 x1j61x8r x1fcty0u xdj266r xhhsvwb xat24cr xgzva0m xxymvpz xlup9mm x1kky2od\"><img decoding=\"async\" loading=\"lazy\" src=\"https:\/\/static.xx.fbcdn.net\/images\/emoji.php\/v9\/taa\/1.5\/16\/1f449.png\" alt=\"\ud83d\udc49\" width=\"16\" height=\"16\" \/><\/span> wystawianie opinii o innowacyjno\u015bci<\/div>\n<div dir=\"auto\"><span class=\"x3nfvp2 x1j61x8r x1fcty0u xdj266r xhhsvwb xat24cr xgzva0m xxymvpz xlup9mm x1kky2od\"><img decoding=\"async\" loading=\"lazy\" src=\"https:\/\/static.xx.fbcdn.net\/images\/emoji.php\/v9\/taa\/1.5\/16\/1f449.png\" alt=\"\ud83d\udc49\" width=\"16\" height=\"16\" \/><\/span> wycena pojazd\u00f3w, maszyn, urz\u0105dze\u0144 (wymagane m.in. przez Urz\u0119dy Pracy)<\/div>\n<div dir=\"auto\"><span class=\"x3nfvp2 x1j61x8r x1fcty0u xdj266r xhhsvwb xat24cr xgzva0m xxymvpz xlup9mm x1kky2od\"><img decoding=\"async\" loading=\"lazy\" src=\"https:\/\/static.xx.fbcdn.net\/images\/emoji.php\/v9\/taa\/1.5\/16\/1f449.png\" alt=\"\ud83d\udc49\" width=\"16\" height=\"16\" \/><\/span>wydawanie ocen i opinii technicznych<\/div>\n<div dir=\"auto\"><span class=\"x3nfvp2 x1j61x8r x1fcty0u xdj266r xhhsvwb xat24cr xgzva0m xxymvpz xlup9mm x1kky2od\"><img decoding=\"async\" loading=\"lazy\" src=\"https:\/\/static.xx.fbcdn.net\/images\/emoji.php\/v9\/taa\/1.5\/16\/1f449.png\" alt=\"\ud83d\udc49\" width=\"16\" height=\"16\" \/><\/span>sporz\u0105dzanie \u015bwiadectw charakterystyki energetycznej budynk\u00f3w<\/div>\n<div dir=\"auto\"><span class=\"x3nfvp2 x1j61x8r x1fcty0u xdj266r xhhsvwb xat24cr xgzva0m xxymvpz xlup9mm x1kky2od\"><img decoding=\"async\" loading=\"lazy\" src=\"https:\/\/static.xx.fbcdn.net\/images\/emoji.php\/v9\/taa\/1.5\/16\/1f449.png\" alt=\"\ud83d\udc49\" width=\"16\" height=\"16\" \/><\/span>doradztwo w zakresie rozwi\u0105za\u0144 wykorzystuj\u0105cych odnawialne \u017ar\u00f3d\u0142a energii<\/div>\n<div dir=\"auto\"><span class=\"x3nfvp2 x1j61x8r x1fcty0u xdj266r xhhsvwb xat24cr xgzva0m xxymvpz xlup9mm x1kky2od\"><img decoding=\"async\" loading=\"lazy\" src=\"https:\/\/static.xx.fbcdn.net\/images\/emoji.php\/v9\/taa\/1.5\/16\/1f449.png\" alt=\"\ud83d\udc49\" width=\"16\" height=\"16\" \/><\/span>oceny energetyczne budynk\u00f3w z wykorzystaniem kamer termowizyjnych<\/div>\n<div dir=\"auto\"><span class=\"x3nfvp2 x1j61x8r x1fcty0u xdj266r xhhsvwb xat24cr xgzva0m xxymvpz xlup9mm x1kky2od\"><img decoding=\"async\" loading=\"lazy\" src=\"https:\/\/static.xx.fbcdn.net\/images\/emoji.php\/v9\/taa\/1.5\/16\/1f449.png\" alt=\"\ud83d\udc49\" width=\"16\" height=\"16\" \/><\/span>wykonywanie audyt\u00f3w energetycznych budynk\u00f3w<br \/>\n<span class=\"x3nfvp2 x1j61x8r x1fcty0u xdj266r xhhsvwb xat24cr xgzva0m xxymvpz xlup9mm x1kky2od\"><img decoding=\"async\" loading=\"lazy\" src=\"https:\/\/static.xx.fbcdn.net\/images\/emoji.php\/v9\/taa\/1.5\/16\/1f449.png\" alt=\"\ud83d\udc49\" width=\"16\" height=\"16\" \/><\/span>oraz audyty energetyczne przedsi\u0119biorstw.<\/div>\n<div dir=\"auto\">\n<p>Wynajem sali konferencyjnej oraz pomieszcze\u0144 u\u017cytkowych i biurowych.<\/p>\n<\/div>\n<div dir=\"auto\"><\/div>\n<div dir=\"auto\"><\/div>\n<div dir=\"auto\"><\/div>\n<div dir=\"auto\"><\/div>\n<div dir=\"auto\"><\/div>\n<div dir=\"auto\">\n<p><strong><span style=\"color: #000080;\">Nasze us\u0142ugi realizowane s\u0105 przez specjalist\u00f3w z r\u00f3\u017cnych dziedzin nauki, techniki <\/span><\/strong><strong><span style=\"color: #000080;\">i organizacji pracy\u00a0 \u00a0 \u00a0 \u00a0 &#8211; rzeczoznawc\u00f3w SNT i specjalist\u00f3w NOT.<\/span><\/strong><\/p>\n<\/div>\n<div dir=\"auto\">\n<p><strong><span style=\"color: #000080;\">Szczeg\u00f3\u0142owe informacje pod nr tel.:<\/span><em><span style=\"color: #000080;\"><br \/>\n<\/span><\/em><\/strong><span style=\"color: #000080;\">\u00a0 <img decoding=\"async\" loading=\"lazy\" src=\"https:\/\/static.xx.fbcdn.net\/images\/emoji.php\/v9\/t4c\/1.5\/16\/1f539.png\" alt=\"\ud83d\udd39\" width=\"16\" height=\"16\" \/>\u00a0tel. kom. 508 877 762<br \/>\n<\/span><span style=\"color: #000080;\">\u00a0 <img decoding=\"async\" loading=\"lazy\" src=\"https:\/\/static.xx.fbcdn.net\/images\/emoji.php\/v9\/t4c\/1.5\/16\/1f539.png\" alt=\"\ud83d\udd39\" width=\"16\" height=\"16\" \/>\u00a0tel.\u00a0 14 630 01 72<br \/>\n<\/span><span style=\"color: #000080;\">\u00a0 <img decoding=\"async\" loading=\"lazy\" src=\"https:\/\/static.xx.fbcdn.net\/images\/emoji.php\/v9\/t4c\/1.5\/16\/1f539.png\" alt=\"\ud83d\udd39\" width=\"16\" height=\"16\" \/> lub e-mail:<\/span><strong><a href=\"mailto:sekretariat@not-tarnow.pl\"><em>sekretariat@not-tarnow.pl<\/em><\/a><\/strong><\/p>\n<\/div>\n<p><img decoding=\"async\" loading=\"lazy\" class=\"aligncenter wp-image-1051\" src=\"http:\/\/www.not-tarnow.pl\/wp-content\/uploads\/2013\/02\/maszyny.jpg\" alt=\"maszyny\" width=\"589\" height=\"257\" srcset=\"https:\/\/www.not-tarnow.pl\/wp-content\/uploads\/2013\/02\/maszyny.jpg 587w, https:\/\/www.not-tarnow.pl\/wp-content\/uploads\/2013\/02\/maszyny-300x130.jpg 300w\" sizes=\"(max-width: 589px) 100vw, 589px\" \/><\/p>\n<p style=\"text-align: center;\"><a href=\"http:\/\/www.not-tarnow.pl\/index.php\/opinie-o-innowacyjnosci\/\"><img decoding=\"async\" loading=\"lazy\" class=\"aligncenter size-full wp-image-1052\" src=\"http:\/\/www.not-tarnow.pl\/wp-content\/uploads\/2013\/02\/opinia.jpg\" alt=\"opinia\" width=\"603\" height=\"247\" \/><\/a><\/p>\n<p style=\"text-align: center;\"><img decoding=\"async\" loading=\"lazy\" class=\"aligncenter size-full wp-image-352\" src=\"http:\/\/www.not-tarnow.pl\/wp-content\/uploads\/2013\/02\/projekty_zal.jpg\" alt=\"projekty_zal\" width=\"600\" height=\"143\" srcset=\"https:\/\/www.not-tarnow.pl\/wp-content\/uploads\/2013\/02\/projekty_zal.jpg 600w, https:\/\/www.not-tarnow.pl\/wp-content\/uploads\/2013\/02\/projekty_zal-300x71.jpg 300w\" sizes=\"(max-width: 600px) 100vw, 600px\" \/><\/p>\n<p style=\"text-align: center;\"><img decoding=\"async\" loading=\"lazy\" class=\"aligncenter size-full wp-image-351\" src=\"http:\/\/www.not-tarnow.pl\/wp-content\/uploads\/2013\/02\/odnawialne.jpg\" alt=\"odnawialne\" width=\"600\" height=\"143\" srcset=\"https:\/\/www.not-tarnow.pl\/wp-content\/uploads\/2013\/02\/odnawialne.jpg 600w, https:\/\/www.not-tarnow.pl\/wp-content\/uploads\/2013\/02\/odnawialne-300x71.jpg 300w\" sizes=\"(max-width: 600px) 100vw, 600px\" \/><\/p>\n<p style=\"text-align: center;\"><img decoding=\"async\" loading=\"lazy\" class=\"aligncenter size-full wp-image-350\" src=\"http:\/\/www.not-tarnow.pl\/wp-content\/uploads\/2013\/02\/wiatrowa.jpg\" alt=\"wiatrowa\" width=\"600\" height=\"143\" srcset=\"https:\/\/www.not-tarnow.pl\/wp-content\/uploads\/2013\/02\/wiatrowa.jpg 600w, https:\/\/www.not-tarnow.pl\/wp-content\/uploads\/2013\/02\/wiatrowa-300x71.jpg 300w\" sizes=\"(max-width: 600px) 100vw, 600px\" \/><\/p>\n<p style=\"text-align: center;\"><img decoding=\"async\" loading=\"lazy\" class=\"aligncenter size-full wp-image-349\" src=\"http:\/\/www.not-tarnow.pl\/wp-content\/uploads\/2013\/02\/termo.jpg\" alt=\"termo\" width=\"600\" height=\"143\" srcset=\"https:\/\/www.not-tarnow.pl\/wp-content\/uploads\/2013\/02\/termo.jpg 600w, https:\/\/www.not-tarnow.pl\/wp-content\/uploads\/2013\/02\/termo-300x71.jpg 300w\" sizes=\"(max-width: 600px) 100vw, 600px\" \/><\/p>\n","protected":false},"excerpt":{"rendered":"<p>Us\u0142ugi NOT FSNT Rada w Tarnowie\u00a0 specjalistyczne us\u0142ugi w ramach Biura Ekspertyz Technicznych i Analiz (BETA NOT): wystawianie opinii o<\/p>\n","protected":false},"author":1,"featured_media":0,"parent":0,"menu_order":0,"comment_status":"open","ping_status":"open","template":"","meta":{"footnotes":""},"_links":{"self":[{"href":"https:\/\/www.not-tarnow.pl\/index.php\/wp-json\/wp\/v2\/pages\/342"}],"collection":[{"href":"https:\/\/www.not-tarnow.pl\/index.php\/wp-json\/wp\/v2\/pages"}],"about":[{"href":"https:\/\/www.not-tarnow.pl\/index.php\/wp-json\/wp\/v2\/types\/page"}],"author":[{"embeddable":true,"href":"https:\/\/www.not-tarnow.pl\/index.php\/wp-json\/wp\/v2\/users\/1"}],"replies":[{"embeddable":true,"href":"https:\/\/www.not-tarnow.pl\/index.php\/wp-json\/wp\/v2\/comments?post=342"}],"version-history":[{"count":43,"href":"https:\/\/www.not-tarnow.pl\/index.php\/wp-json\/wp\/v2\/pages\/342\/revisions"}],"predecessor-version":[{"id":346,"href":"https:\/\/www.not-tarnow.pl\/index.php\/wp-json\/wp\/v2\/pages\/342\/revisions\/346"}],"wp:attachment":[{"href":"https:\/\/www.not-tarnow.pl\/index.php\/wp-json\/wp\/v2\/media?parent=342"}],"curies":[{"name":"wp","href":"https:\/\/api.w.org\/{rel}","templated":true}]}}