{"id":943,"date":"2016-03-21T12:45:41","date_gmt":"2016-03-21T11:45:41","guid":{"rendered":"http:\/\/www.not-tarnow.pl\/?page_id=943"},"modified":"2019-09-10T14:53:27","modified_gmt":"2019-09-10T12:53:27","slug":"wynajem-pomieszczen-biurowych","status":"publish","type":"page","link":"https:\/\/www.not-tarnow.pl\/index.php\/wynajem-4\/wynajem-pomieszczen-biurowych\/","title":{"rendered":"Wynajem pomieszcze\u0144 biurowych"},"content":{"rendered":"<p align=\"center\"><b>Budynek Rady NOT w Tarnowie, Rynek 10<\/b><\/p>\n<p align=\"center\"><a href=\"http:\/\/www.not-tarnow.pl\/wp-content\/uploads\/2018\/01\/1-2.jpg\"><img decoding=\"async\" loading=\"lazy\" class=\"aligncenter wp-image-1362\" src=\"http:\/\/www.not-tarnow.pl\/wp-content\/uploads\/2018\/01\/1-2.jpg\" alt=\"\" width=\"646\" height=\"485\" srcset=\"https:\/\/www.not-tarnow.pl\/wp-content\/uploads\/2018\/01\/1-2.jpg 1224w, https:\/\/www.not-tarnow.pl\/wp-content\/uploads\/2018\/01\/1-2-300x225.jpg 300w, https:\/\/www.not-tarnow.pl\/wp-content\/uploads\/2018\/01\/1-2-768x576.jpg 768w, https:\/\/www.not-tarnow.pl\/wp-content\/uploads\/2018\/01\/1-2-1024x768.jpg 1024w\" sizes=\"(max-width: 646px) 100vw, 646px\" \/><\/a><\/p>\n<p align=\"center\"><b><span style=\"text-decoration: underline;\">Do \u00a0wynaj\u0119cia<\/span><\/b><\/p>\n<p align=\"center\"><b>2 pomieszczenia biurowe<\/b><\/p>\n<p align=\"center\">o \u0142\u0105cznej powierzchni <b>40 m<sup>2<\/sup><\/b><\/p>\n<p align=\"center\">&#8211; 1 pok\u00f3j g\u0142\u00f3wny 25,2m<sup>2<\/sup>, 2 pok\u00f3j wewn. 14,8m<sup>2<\/sup><\/p>\n<p align=\"center\">\u2013 II pi\u0119tro, elewacja p\u00f3\u0142nocna<\/p>\n<p style=\"text-align: center;\">\u2013 mo\u017cliwo\u015b\u0107 wynajmu sali konferencyjnej (do 50 os\u00f3b) w budynku.<\/p>\n<p align=\"center\"><img decoding=\"async\" loading=\"lazy\" class=\"aligncenter wp-image-1823\" src=\"http:\/\/www.not-tarnow.pl\/wp-content\/uploads\/2019\/09\/SDC12631-1024x683.jpg\" alt=\"\" width=\"649\" height=\"433\" srcset=\"https:\/\/www.not-tarnow.pl\/wp-content\/uploads\/2019\/09\/SDC12631-1024x683.jpg 1024w, https:\/\/www.not-tarnow.pl\/wp-content\/uploads\/2019\/09\/SDC12631-300x200.jpg 300w, https:\/\/www.not-tarnow.pl\/wp-content\/uploads\/2019\/09\/SDC12631-768x512.jpg 768w\" sizes=\"(max-width: 649px) 100vw, 649px\" \/><\/p>\n<p align=\"center\"><img decoding=\"async\" loading=\"lazy\" class=\"aligncenter wp-image-1825\" src=\"http:\/\/www.not-tarnow.pl\/wp-content\/uploads\/2019\/09\/SDC12630-1024x683.jpg\" alt=\"\" width=\"647\" height=\"431\" srcset=\"https:\/\/www.not-tarnow.pl\/wp-content\/uploads\/2019\/09\/SDC12630-1024x683.jpg 1024w, https:\/\/www.not-tarnow.pl\/wp-content\/uploads\/2019\/09\/SDC12630-300x200.jpg 300w, https:\/\/www.not-tarnow.pl\/wp-content\/uploads\/2019\/09\/SDC12630-768x512.jpg 768w\" sizes=\"(max-width: 647px) 100vw, 647px\" \/><\/p>\n<p align=\"center\"><img decoding=\"async\" loading=\"lazy\" class=\"aligncenter wp-image-1826\" src=\"http:\/\/www.not-tarnow.pl\/wp-content\/uploads\/2019\/09\/SDC12627-1024x683.jpg\" alt=\"\" width=\"647\" height=\"431\" srcset=\"https:\/\/www.not-tarnow.pl\/wp-content\/uploads\/2019\/09\/SDC12627-1024x683.jpg 1024w, https:\/\/www.not-tarnow.pl\/wp-content\/uploads\/2019\/09\/SDC12627-300x200.jpg 300w, https:\/\/www.not-tarnow.pl\/wp-content\/uploads\/2019\/09\/SDC12627-768x512.jpg 768w\" sizes=\"(max-width: 647px) 100vw, 647px\" \/><\/p>\n<hr \/>\n<p align=\"center\"><b>2 pomieszczenia biurowe<\/b><\/p>\n<p align=\"center\">o \u0142\u0105cznej powierzchni <b>47m<sup>2<\/sup><\/b><\/p>\n<p align=\"center\">&#8211; z niezale\u017cnym w\u0119z\u0142em sanitarnym<\/p>\n<p align=\"center\">&#8211; I pi\u0119tro, elewacja po\u0142udniowa (jasne, s\u0142oneczne pomieszczenia)<\/p>\n<p style=\"text-align: center;\">&#8211; w\u0142asny balkon<\/p>\n<p style=\"text-align: center;\">&#8211; mo\u017cliwo\u015b\u0107 wynajmu sali konferencyjnej (do 50 os\u00f3b) w budynku.<\/p>\n<p style=\"text-align: center;\" align=\"center\"><a href=\"http:\/\/www.not-tarnow.pl\/wp-content\/uploads\/2016\/03\/1.jpg\"><img decoding=\"async\" loading=\"lazy\" class=\"aligncenter wp-image-985\" src=\"http:\/\/www.not-tarnow.pl\/wp-content\/uploads\/2016\/03\/1.jpg\" alt=\"\" width=\"648\" height=\"485\" srcset=\"https:\/\/www.not-tarnow.pl\/wp-content\/uploads\/2016\/03\/1.jpg 922w, https:\/\/www.not-tarnow.pl\/wp-content\/uploads\/2016\/03\/1-300x224.jpg 300w\" sizes=\"(max-width: 648px) 100vw, 648px\" \/><\/a> <a href=\"http:\/\/www.not-tarnow.pl\/wp-content\/uploads\/2016\/03\/2.jpg\"><img decoding=\"async\" loading=\"lazy\" class=\"aligncenter wp-image-986\" src=\"http:\/\/www.not-tarnow.pl\/wp-content\/uploads\/2016\/03\/2.jpg\" alt=\"\" width=\"644\" height=\"482\" srcset=\"https:\/\/www.not-tarnow.pl\/wp-content\/uploads\/2016\/03\/2.jpg 922w, https:\/\/www.not-tarnow.pl\/wp-content\/uploads\/2016\/03\/2-300x224.jpg 300w\" sizes=\"(max-width: 644px) 100vw, 644px\" \/><\/a><\/p>\n<hr \/>\n<p style=\"text-align: center;\">Do wynaj\u0119cia <strong>1 pok\u00f3j biurowy<\/strong> o powierzchni <strong>15,2 m2<\/strong><\/p>\n<p style=\"text-align: center;\">\u2013 III pi\u0119tro, elewacja po\u0142udniowa,<\/p>\n<p style=\"text-align: center;\">&#8211; mo\u017cliwo\u015b\u0107 wynajmu sali konferencyjnej (do 50 os\u00f3b) w budynku.<\/p>\n<p><a href=\"http:\/\/www.not-tarnow.pl\/wp-content\/uploads\/2018\/01\/1-1.jpg\"><img decoding=\"async\" loading=\"lazy\" class=\"aligncenter wp-image-1360\" src=\"http:\/\/www.not-tarnow.pl\/wp-content\/uploads\/2018\/01\/1-1.jpg\" alt=\"\" width=\"644\" height=\"429\" srcset=\"https:\/\/www.not-tarnow.pl\/wp-content\/uploads\/2018\/01\/1-1.jpg 912w, https:\/\/www.not-tarnow.pl\/wp-content\/uploads\/2018\/01\/1-1-300x200.jpg 300w, https:\/\/www.not-tarnow.pl\/wp-content\/uploads\/2018\/01\/1-1-768x512.jpg 768w\" sizes=\"(max-width: 644px) 100vw, 644px\" \/><\/a><\/p>\n","protected":false},"excerpt":{"rendered":"<p>Budynek Rady NOT w Tarnowie, Rynek 10 Do \u00a0wynaj\u0119cia 2 pomieszczenia biurowe o \u0142\u0105cznej powierzchni 40 m2 &#8211; 1 pok\u00f3j<\/p>\n","protected":false},"author":1,"featured_media":0,"parent":934,"menu_order":0,"comment_status":"open","ping_status":"closed","template":"","meta":{"footnotes":""},"_links":{"self":[{"href":"https:\/\/www.not-tarnow.pl\/index.php\/wp-json\/wp\/v2\/pages\/943"}],"collection":[{"href":"https:\/\/www.not-tarnow.pl\/index.php\/wp-json\/wp\/v2\/pages"}],"about":[{"href":"https:\/\/www.not-tarnow.pl\/index.php\/wp-json\/wp\/v2\/types\/page"}],"author":[{"embeddable":true,"href":"https:\/\/www.not-tarnow.pl\/index.php\/wp-json\/wp\/v2\/users\/1"}],"replies":[{"embeddable":true,"href":"https:\/\/www.not-tarnow.pl\/index.php\/wp-json\/wp\/v2\/comments?post=943"}],"version-history":[{"count":7,"href":"https:\/\/www.not-tarnow.pl\/index.php\/wp-json\/wp\/v2\/pages\/943\/revisions"}],"predecessor-version":[{"id":1827,"href":"https:\/\/www.not-tarnow.pl\/index.php\/wp-json\/wp\/v2\/pages\/943\/revisions\/1827"}],"up":[{"embeddable":true,"href":"https:\/\/www.not-tarnow.pl\/index.php\/wp-json\/wp\/v2\/pages\/934"}],"wp:attachment":[{"href":"https:\/\/www.not-tarnow.pl\/index.php\/wp-json\/wp\/v2\/media?parent=943"}],"curies":[{"name":"wp","href":"https:\/\/api.w.org\/{rel}","templated":true}]}}