{"id":948,"date":"2016-03-21T12:49:23","date_gmt":"2016-03-21T11:49:23","guid":{"rendered":"http:\/\/www.not-tarnow.pl\/?page_id=948"},"modified":"2021-08-12T11:11:40","modified_gmt":"2021-08-12T09:11:40","slug":"wystawy","status":"publish","type":"page","link":"https:\/\/www.not-tarnow.pl\/index.php\/wystawy\/","title":{"rendered":"WYSTAWY"},"content":{"rendered":"<p>WYSTAWY:<\/p>\n<ul>\n<li id=\"menu-item-2525\" class=\"menu-item menu-item-type-post_type menu-item-object-page menu-item-2525\"><a href=\"http:\/\/www.not-tarnow.pl\/index.php\/wystawa-o-janie-szczepaniku\/\"> Jan Szczepanik<\/a><\/li>\n<li id=\"menu-item-2350\" class=\"menu-item menu-item-type-post_type menu-item-object-page menu-item-2350\"><a href=\"http:\/\/www.not-tarnow.pl\/index.php\/wystawa-z-okazji-100-rocznicy-bitwy-warszawskiej\/\">100. Rocznica Bitwy Warszawskiej<\/a><\/li>\n<li id=\"menu-item-2210\" class=\"menu-item menu-item-type-post_type menu-item-object-page menu-item-2210\"><a href=\"http:\/\/www.not-tarnow.pl\/index.php\/wystawa-sladami-sw-jana-pawla-ii-w-100-rocznice-jego-urodzin\/\">\u015aladami \u015bw. Jana Paw\u0142a II w 100. rocznic\u0119 Jego urodzin<\/a><\/li>\n<li id=\"menu-item-1858\" class=\"menu-item menu-item-type-post_type menu-item-object-page menu-item-1858\"><a href=\"http:\/\/www.not-tarnow.pl\/index.php\/wystawy\/wystawa-80-rocznica-wybuchu-ii-wojny-swiatowej\/\">80. Rocznica Wybuchu II Wojny \u015awiatowej<\/a><\/li>\n<li><a title=\"Wystawa \u201e100 lecie dekad wa\u017cnych inwestycji w rozw\u00f3j infrastruktury i potencja\u0142 przemys\u0142owy Tarnowa\u201d\" href=\"http:\/\/www.not-tarnow.pl\/index.php\/wystawy\/wystawa-100-lecie-dekad-waznych-inwestycji-w-rozwoj-infrastruktury-i-potencjal-przemyslowy-tarnowa\/\">Wystawa<\/a><strong><a title=\"Wystawa \u201e100 lecie dekad wa\u017cnych inwestycji w rozw\u00f3j infrastruktury i potencja\u0142 przemys\u0142owy Tarnowa\u201d\" href=\"http:\/\/www.not-tarnow.pl\/index.php\/wystawy\/wystawa-100-lecie-dekad-waznych-inwestycji-w-rozwoj-infrastruktury-i-potencjal-przemyslowy-tarnowa\/\"> \u201e100 lecie dekad wa\u017cnych inwestycji w rozw\u00f3j infrastruktury i potencja\u0142 przemys\u0142owy Tarnowa\u201d<\/a><\/strong><\/li>\n<\/ul>\n<ul>\n<li><strong><a title=\"\u201eJubileusze COP\u201d\" href=\"http:\/\/www.not-tarnow.pl\/index.php\/wystawy\/album-jubileusze\/\">Jubileusze COP<\/a><\/strong><\/li>\n<li><a href=\"http:\/\/www.not-tarnow.pl\/index.php\/wystawy\/wystawa-historia-przemyslu-przetworczo-rolnego-i-spozywczego-oraz-tradycja-produktu-w-tarnowie-i-regionie\/\">Wystawa <strong>\u201eHistoria przemys\u0142u przetw\u00f3rczo-rolnego i spo\u017cywczego oraz tradycja produktu w Tarnowie i regionie\u201d<\/strong><\/a><\/li>\n<\/ul>\n<ul>\n<li><a title=\"Wystawa \u201eTechniki frontu, zaplecza i logistyki I wojny \u015bwiatowej i batalii tarnowsko-gorlickiej\u201d\" href=\"http:\/\/www.not-tarnow.pl\/index.php\/wystawy\/wystawa-techniki-frontu-zaplecza-i-logistyki-i-wojny-swiatowej-i-batalii-tarnowsko-gorlickiej\/\">Wystawa<\/a><strong><a title=\"Wystawa \u201eTechniki frontu, zaplecza i logistyki I wojny \u015bwiatowej i batalii tarnowsko-gorlickiej\u201d\" href=\"http:\/\/www.not-tarnow.pl\/index.php\/wystawy\/wystawa-techniki-frontu-zaplecza-i-logistyki-i-wojny-swiatowej-i-batalii-tarnowsko-gorlickiej\/\"> \u201eTechniki frontu, zaplecza i logistyki I wojny \u015bwiatowej i batalii tarnowsko-gorlickiej\u201d<\/a><\/strong><\/li>\n<li><a href=\"http:\/\/www.not-tarnow.pl\/index.php\/wystawy\/wystawa-80-rocznica-wybuchu-ii-wojny-swiatowej\/\">Wystawa <strong>&#8222;80.Rocznica Wybuchu II Wojny \u015awiatowej&#8221;<\/strong><\/a><\/li>\n<\/ul>\n<p>&nbsp;<\/p>\n","protected":false},"excerpt":{"rendered":"<p>WYSTAWY: Jan Szczepanik 100. Rocznica Bitwy Warszawskiej \u015aladami \u015bw. Jana Paw\u0142a II w 100. rocznic\u0119 Jego urodzin 80. Rocznica Wybuchu<\/p>\n","protected":false},"author":1,"featured_media":0,"parent":0,"menu_order":0,"comment_status":"open","ping_status":"open","template":"","meta":{"footnotes":""},"_links":{"self":[{"href":"https:\/\/www.not-tarnow.pl\/index.php\/wp-json\/wp\/v2\/pages\/948"}],"collection":[{"href":"https:\/\/www.not-tarnow.pl\/index.php\/wp-json\/wp\/v2\/pages"}],"about":[{"href":"https:\/\/www.not-tarnow.pl\/index.php\/wp-json\/wp\/v2\/types\/page"}],"author":[{"embeddable":true,"href":"https:\/\/www.not-tarnow.pl\/index.php\/wp-json\/wp\/v2\/users\/1"}],"replies":[{"embeddable":true,"href":"https:\/\/www.not-tarnow.pl\/index.php\/wp-json\/wp\/v2\/comments?post=948"}],"version-history":[{"count":13,"href":"https:\/\/www.not-tarnow.pl\/index.php\/wp-json\/wp\/v2\/pages\/948\/revisions"}],"predecessor-version":[{"id":2601,"href":"https:\/\/www.not-tarnow.pl\/index.php\/wp-json\/wp\/v2\/pages\/948\/revisions\/2601"}],"wp:attachment":[{"href":"https:\/\/www.not-tarnow.pl\/index.php\/wp-json\/wp\/v2\/media?parent=948"}],"curies":[{"name":"wp","href":"https:\/\/api.w.org\/{rel}","templated":true}]}}