{"id":967,"date":"2016-03-22T14:16:43","date_gmt":"2016-03-22T13:16:43","guid":{"rendered":"http:\/\/www.not-tarnow.pl\/?page_id=967"},"modified":"2016-03-23T12:28:36","modified_gmt":"2016-03-23T11:28:36","slug":"sprawozdanie-za-rok-2013","status":"publish","type":"page","link":"https:\/\/www.not-tarnow.pl\/index.php\/sprawozdania-2\/sprawozdanie-za-rok-2013\/","title":{"rendered":"Sprawozdanie za rok 2013."},"content":{"rendered":"<p align=\"center\"><b><i>Sprawozdanie z dzia\u0142alno\u015bci TJO<\/i><\/b><\/p>\n<p align=\"center\"><b><i>Naczelnej Organizacji Technicznej FSNT Rady w Tarnowie <\/i><\/b><\/p>\n<p align=\"center\"><b><i>w 2013 roku<\/i><\/b><\/p>\n<p><b><span style=\"text-decoration: underline;\">Przygotowano i przeprowadzono konferencje naukowo-techniczne w TJO-NOT:<\/span><\/b><\/p>\n<ol start=\"1\">\n<li>Konferencja szkoleniowa <b><i>Wymiana do\u015bwiadcze\u0144 i ofert w zakresie technik grzewczych \u00a0\u00a0\u00a0\u00a0\u00a0\u00a0\u00a0\u00a0\u00a0\u00a0\u00a0\u00a0\u00a0\u00a0\u00a0\u00a0z wykorzystaniem kolektor\u00f3w s\u0142onecznych<\/i><\/b> z udzia\u0142em przedstawicieli z Ukrainy i Hiszpanii \u2013 firma Astersa &#8211; 11.01.2013 r.<\/li>\n<li>Konferencja <b><i>\u201eWsp\u00f3\u0142praca system\u00f3w gazu, elektroenergetyki i paliw &#8211; dobrem i logicznym przes\u0142aniem dla ich rozwoju\u201d<\/i> <\/b>\u2013 12.04.2013 r.<\/li>\n<li>Otwarcie wystawy i konferencja<b><i> \u201eHistoria przemys\u0142u przetw\u00f3rczo-rolnego i spo\u017cywczego \u00a0\u00a0\u00a0\u00a0\u00a0\u00a0\u00a0\u00a0\u00a0\u00a0\u00a0\u00a0w Tarnowie i regionie oraz tradycja ich produktu\u201d<\/i><\/b> \u2013 21.06.2013 r.<\/li>\n<li>Konferencja <b><i>\u201ePasywne budownictwo \u2013 czy mo\u017ce BY\u0106 w Naszym Regionie upowszechnianym modelem dla rozproszonej zabudowy?\u201d<\/i><\/b> \u2013 wsp\u00f3\u0142organizacja z MOIIB \u2013 25.06.2013 r.<\/li>\n<li>Konferencja towarzysz\u0105ca wystawie<b><i> \u201eHistoria przemys\u0142u przetw\u00f3rczo-rolnego \u00a0\u00a0\u00a0\u00a0\u00a0\u00a0\u00a0\u00a0\u00a0\u00a0\u00a0\u00a0\u00a0\u00a0\u00a0\u00a0\u00a0\u00a0\u00a0\u00a0\u00a0\u00a0\u00a0\u00a0\u00a0\u00a0\u00a0\u00a0\u00a0\u00a0\u00a0i spo\u017cywczego w Tarnowie i regionie oraz tradycja ich produktu\u201d<\/i><\/b> \u2013 13.09.2013 r.<\/li>\n<li>Konferencja szkoleniowo-dyskusyjna <b><i>\u201ePrawdy i mity budownictwa pasywnego\u201d <\/i><\/b>\u2013 wsp\u00f3\u0142organizacja z MOIIB \u2013 21.10.2013 r.<\/li>\n<li><b><i>Zaduszkowe Wspomnienia<\/i><\/b> \u2013 kolejny cykl prezentacji os\u00f3b \u015bp. z in\u017cynieryjno-technicznego grona zas\u0142u\u017conych dla dzia\u0142alno\u015bci gospodarczej oraz \u015brodowiska SNT\u00a0 \u2013 02.12.2013 r.<\/li>\n<\/ol>\n<p><b><i>\u00a0<\/i><\/b><\/p>\n<p><b><span style=\"text-decoration: underline;\">Realizowane szkolenia:<\/span><\/b><\/p>\n<ol>\n<li>Szkolenie seminaryjne <b><i>\u201eBezpiecze\u0144stwo pracy przy wykonywaniu rob\u00f3t budowlanych, wymagania, zasady, odpowiedzialno\u015b\u0107\u201d<\/i><\/b> \u2013 wsp\u00f3\u0142organizacja z MOIIB \u2013 11.03.2013 r.<\/li>\n<li><b>Szkolenia okresowe BHP<\/b> \u2013 18-19.06.2013<\/li>\n<li>Szkolenie BHPw bran\u017cy og\u00f3lnobudowlanej<i> <b>\u201eOrganizacja budowy i nadz\u00f3r nad pracownikami w obszarach szczeg\u00f3lnego zagro\u017cenia. Wymogi BHP przy wykonywaniu prac ziemnych. Kontrole Pa\u0144stwowej Inspekcji Pracy\u201d<\/b><\/i>\u2013 wsp\u00f3\u0142organizacja z MOIIB \u2013 02.12.2013 r.<\/li>\n<\/ol>\n<p><b><i>\u00a0<\/i><\/b><\/p>\n<p><b><span style=\"text-decoration: underline;\">Projekty i realizacje ze \u015brodk\u00f3w UE:<\/span><\/b><\/p>\n<ol>\n<li>Realizacja i zako\u0144czenie projektu pn.<b> \u201eWzrost konkurencyjno\u015bci przedsi\u0119biorstwa Wiertar\u201d <\/b>(w ramach Programu Operacyjnego Kapita\u0142 Ludzki &#8211; EFS).<\/li>\n<li>\u015awiadczenie us\u0142ug szkoleniowych w projekcie pn. <b>\u201eDolina Wiedzy 2 \u2013 Mistrz Spawalnictwa\u201d<\/b> (w ramach PO Kapita\u0142 Ludzki &#8211; EFS).<\/li>\n<li>Wyst\u0105pienie z wnioskiem o dofinansowanie projektu pt. \u201eAkademia kwalifikacji\u201d (w ramach PO Kapita\u0142 Ludzki &#8211; EFS) \u2013 pozytywna opinia KOP, umieszczony na rezerwowej li\u015bcie rankingowej.<\/li>\n<\/ol>\n<p>&nbsp;<\/p>\n<p><b><span style=\"text-decoration: underline;\">Prace i prezentacje kontynuowane:<\/span><\/b><\/p>\n<ul>\n<li>Prezentacja i zamkni\u0119cie wystawy: <i>70-lecie budowy pierwszej linii najwy\u017cszych napi\u0119\u0107 150kV Mo\u015bcice \u2013 Starachowice- Warszawa oraz Inwestycje energetyczne Okr\u0119gowego Zak\u0142adu Elektrycznego Tarn\u00f3w w ramach Centralnego Okr\u0119gu Przemys\u0142owego.<\/i><\/li>\n<li>Otwarcie i prezentacja wystawy: <i>Historia przemys\u0142u przetw\u00f3rczo-rolnego i spo\u017cywczego w Tarnowie i regionie oraz tradycja ich produktu.<\/i><\/li>\n<li>Pomiary i opracowania technicznie u\u017cytecznej energii kinetycznej wiatru w rejonie Tarnowa.<\/li>\n<li>Doradztwo w zakresie racjonalnego u\u017cytkowania energii i wykorzystania odnawialnych \u017ar\u00f3de\u0142 energii.<\/li>\n<\/ul>\n<ul>\n<li>Olimpiada Wiedzy Rolniczej<i> \u201eBezpiecznie i zdrowo na wsi \u2013 powiedz STOP wypadkom\u201d<\/i> \u2013 wsp\u00f3\u0142organizacja z SITR O\/Tarn\u00f3w \u2013 24.05.2013 r.<\/li>\n<\/ul>\n<p>&nbsp;<\/p>\n<p>Odbyto przewidywane zebrania Zarz\u0105du i Rady TJO-NOT w Tarnowie.<\/p>\n<p>Zarz\u0105d bra\u0142 czynny udzia\u0142 w okoliczno\u015bciowych konferencjach organizowanych przez w\u0142adze Miasta i Starostwa oraz uroczysto\u015bciach z okazji historycznych i gospodarczych rocznic oraz zdarze\u0144 organizowanych przez tutejsze samorz\u0105dy i \u015brodowiska gospodarcze.<\/p>\n<p>____________________________________<\/p>\n<p><em>Materia\u0142y z konferencji\u00a0dost\u0119pne\u00a0s\u0105 w siedzibie Rady NOT w Tarnowie.<\/em><\/p>\n","protected":false},"excerpt":{"rendered":"<p>Sprawozdanie z dzia\u0142alno\u015bci TJO Naczelnej Organizacji Technicznej FSNT Rady w Tarnowie w 2013 roku Przygotowano i przeprowadzono konferencje naukowo-techniczne w<\/p>\n","protected":false},"author":1,"featured_media":0,"parent":936,"menu_order":0,"comment_status":"open","ping_status":"closed","template":"","meta":{"footnotes":""},"_links":{"self":[{"href":"https:\/\/www.not-tarnow.pl\/index.php\/wp-json\/wp\/v2\/pages\/967"}],"collection":[{"href":"https:\/\/www.not-tarnow.pl\/index.php\/wp-json\/wp\/v2\/pages"}],"about":[{"href":"https:\/\/www.not-tarnow.pl\/index.php\/wp-json\/wp\/v2\/types\/page"}],"author":[{"embeddable":true,"href":"https:\/\/www.not-tarnow.pl\/index.php\/wp-json\/wp\/v2\/users\/1"}],"replies":[{"embeddable":true,"href":"https:\/\/www.not-tarnow.pl\/index.php\/wp-json\/wp\/v2\/comments?post=967"}],"version-history":[{"count":4,"href":"https:\/\/www.not-tarnow.pl\/index.php\/wp-json\/wp\/v2\/pages\/967\/revisions"}],"predecessor-version":[{"id":970,"href":"https:\/\/www.not-tarnow.pl\/index.php\/wp-json\/wp\/v2\/pages\/967\/revisions\/970"}],"up":[{"embeddable":true,"href":"https:\/\/www.not-tarnow.pl\/index.php\/wp-json\/wp\/v2\/pages\/936"}],"wp:attachment":[{"href":"https:\/\/www.not-tarnow.pl\/index.php\/wp-json\/wp\/v2\/media?parent=967"}],"curies":[{"name":"wp","href":"https:\/\/api.w.org\/{rel}","templated":true}]}}