{"id":973,"date":"2016-03-22T14:22:23","date_gmt":"2016-03-22T13:22:23","guid":{"rendered":"http:\/\/www.not-tarnow.pl\/?page_id=973"},"modified":"2016-03-23T12:29:41","modified_gmt":"2016-03-23T11:29:41","slug":"sprawozdanie-za-rok-2015","status":"publish","type":"page","link":"https:\/\/www.not-tarnow.pl\/index.php\/sprawozdania-2\/sprawozdanie-za-rok-2015\/","title":{"rendered":"Sprawozdanie za rok 2015."},"content":{"rendered":"<p align=\"center\"><b><i>Sprawozdanie z dzia\u0142alno\u015bci TJO<\/i><\/b><\/p>\n<p align=\"center\"><b><i>Naczelnej Organizacji Technicznej FSNT Rady w Tarnowie <\/i><\/b><\/p>\n<p align=\"center\"><b><i>w 2015 roku<\/i><\/b><\/p>\n<p><b><span style=\"text-decoration: underline;\">Zorganizowano i przeprowadzono konferencje naukowo-techniczne w TJO-NOT:<\/span><\/b><\/p>\n<ol>\n<li>Konferencja pt<i>. <b>\u201eAktualno\u015bci inwestycyjne program\u00f3w OZE dla Tarnowa &#8211; Generacje energii odnawialnej w energetyce zawodowej i u producent\u00f3w w sieci dystrybucji TAURON Dystrybucja S.A. Oddzia\u0142 Krak\u00f3w i Tarn\u00f3w\u201d<\/b><\/i>\u2013 24.04.2015 r.<\/li>\n<li>Konferencja pt. <b><i>\u201eW 100-lecie wojennych zmaga\u0144 1914 i batalii 1915 r.\u201d <\/i><\/b>towarzysz\u0105ca wystawie w Domu Technika NOT w Tarnowie pt<i>. \u201eTechniki frontu, zaplecza i logistyki I wojny \u015bwiatowej i batalii tarnowsko-gorlickiej\u201d <\/i>\u2013 11.05.2015 r.<\/li>\n<li><b><i>Jubileusz 180-lecia polskich stowarzysze\u0144 technicznych &#8211; w mie\u015bcie rodzinnym gen. J\u00f3zefa Bema \u2013 za\u0142o\u017cyciela pierwszego Towarzystwa Politechnicznego Polskiego w Pary\u017cu 1835 r. <\/i><\/b>\u2013 17.06.2015 r.<\/li>\n<li>Konferencja pt. <b><i>\u201eInnowacyjne nap\u0119dy elektryczne, hybrydowe i ogniwa paliwowe w pojazdach komunikacji samochodowej\u201d<\/i><\/b> \u2013 25.09.2015 r.<\/li>\n<li>Konferencja pt.<b><i> \u201eUstawa antysmogowa \u2013 Wymogi i techniki ograniczania niskiej emisji\u201d<\/i><\/b> \u2013 20.11.2015 r.<\/li>\n<\/ol>\n<ol start=\"6\">\n<li><b><i>Wspomnienia<\/i><\/b> <b><i>Zaduszkowe <\/i><\/b><i>w tradycji listopadowej zadumy i szacunku dla pami\u0119ci zmar\u0142ych ze stowarzysze\u0144 technicznych Tarnowa i z cyklu wspomnie\u0144 o bliskich z album\u00f3w rodzinnych, a uczestnik\u00f3w Wielkiej Wojny<\/i>\u2013 30.11.2015 r. r.<\/li>\n<\/ol>\n<p><b><i>\u00a0<\/i><\/b><\/p>\n<p><b><span style=\"text-decoration: underline;\">Zrealizowano szkolenia (seminaria szkoleniowe):<\/span><\/b><\/p>\n<p>1.\u00a0\u00a0Bran\u017ca sanitarna: <b><i>Kanalizacja opadowa \u2013 do\u015bwiadczenia, wymogi, warunki techniczne w sferze projektowania<\/i><\/b> \u2013 30.01.2015 r.<\/p>\n<p>2. Bran\u017ca og\u00f3lnobudowlana: <b><i>Obowi\u0105zki stron i wymogi bezpiecze\u0144stwa, przy wykonywaniu prac budowlanych na terenie czynnych zak\u0142ad\u00f3w pracy<\/i><\/b> &#8211; 09.03.2015 r.<\/p>\n<p>3. Bran\u017ca og\u00f3lnobudowlana: <b><i>Odst\u0119pstwa od zatwierdzonego projektu budowlanego w zakresie wymog\u00f3w Prawa Budowlanego <\/i><\/b>\u2013 10.04.2015 r.<\/p>\n<p><b><i>\u00a0<\/i><\/b><\/p>\n<p><b><span style=\"text-decoration: underline;\">Udzia\u0142 w projektach UE <\/span><\/b>(w ramach PO Kapita\u0142 Ludzki &#8211; EFS)<b><span style=\"text-decoration: underline;\">:<\/span><\/b><\/p>\n<ol>\n<li>Realizacja us\u0142ugi doradczej (Doradztwo Ekologiczne, Diagnoza Przedsi\u0119biorstw) w projekcie pn. <b>\u201eZielona Produkcja \u2013 Ekologia w Przemy\u015ble\u201d<\/b>;<\/li>\n<li>Przeprowadzenie egzamin\u00f3w zewn. dla instalator\u00f3w OZE.<\/li>\n<\/ol>\n<p>&nbsp;<\/p>\n<p>Odbyto przewidywane zebrania Zarz\u0105du i Rady TJO-NOT w Tarnowie.<\/p>\n<p>Zarz\u0105d bra\u0142 czynny udzia\u0142 w okoliczno\u015bciowych konferencjach organizowanych przez w\u0142adze Miasta i Starostwa oraz uroczysto\u015bciach z okazji historycznych i gospodarczych rocznic oraz zdarze\u0144 organizowanych przez tutejsze samorz\u0105dy i \u015brodowiska gospodarcze.<\/p>\n<p>____________________________________<\/p>\n<p><em>Materia\u0142y z konferencji\u00a0dost\u0119pne\u00a0s\u0105 w siedzibie Rady NOT w Tarnowie.<\/em><\/p>\n","protected":false},"excerpt":{"rendered":"<p>Sprawozdanie z dzia\u0142alno\u015bci TJO Naczelnej Organizacji Technicznej FSNT Rady w Tarnowie w 2015 roku Zorganizowano i przeprowadzono konferencje naukowo-techniczne w<\/p>\n","protected":false},"author":1,"featured_media":0,"parent":936,"menu_order":0,"comment_status":"open","ping_status":"closed","template":"","meta":{"footnotes":""},"_links":{"self":[{"href":"https:\/\/www.not-tarnow.pl\/index.php\/wp-json\/wp\/v2\/pages\/973"}],"collection":[{"href":"https:\/\/www.not-tarnow.pl\/index.php\/wp-json\/wp\/v2\/pages"}],"about":[{"href":"https:\/\/www.not-tarnow.pl\/index.php\/wp-json\/wp\/v2\/types\/page"}],"author":[{"embeddable":true,"href":"https:\/\/www.not-tarnow.pl\/index.php\/wp-json\/wp\/v2\/users\/1"}],"replies":[{"embeddable":true,"href":"https:\/\/www.not-tarnow.pl\/index.php\/wp-json\/wp\/v2\/comments?post=973"}],"version-history":[{"count":5,"href":"https:\/\/www.not-tarnow.pl\/index.php\/wp-json\/wp\/v2\/pages\/973\/revisions"}],"predecessor-version":[{"id":975,"href":"https:\/\/www.not-tarnow.pl\/index.php\/wp-json\/wp\/v2\/pages\/973\/revisions\/975"}],"up":[{"embeddable":true,"href":"https:\/\/www.not-tarnow.pl\/index.php\/wp-json\/wp\/v2\/pages\/936"}],"wp:attachment":[{"href":"https:\/\/www.not-tarnow.pl\/index.php\/wp-json\/wp\/v2\/media?parent=973"}],"curies":[{"name":"wp","href":"https:\/\/api.w.org\/{rel}","templated":true}]}}