{"id":996,"date":"2016-03-23T12:43:10","date_gmt":"2016-03-23T11:43:10","guid":{"rendered":"http:\/\/www.not-tarnow.pl\/?page_id=996"},"modified":"2016-12-09T12:52:56","modified_gmt":"2016-12-09T11:52:56","slug":"wystawa-techniki-frontu-zaplecza-i-logistyki-i-wojny-swiatowej-i-batalii-tarnowsko-gorlickiej","status":"publish","type":"page","link":"https:\/\/www.not-tarnow.pl\/index.php\/wystawy\/wystawa-techniki-frontu-zaplecza-i-logistyki-i-wojny-swiatowej-i-batalii-tarnowsko-gorlickiej\/","title":{"rendered":"Wystawa &#8222;Techniki frontu, zaplecza i logistyki I wojny \u015bwiatowej i batalii tarnowsko-gorlickiej&#8221;"},"content":{"rendered":"<p style=\"text-align: center;\">Wystawa <em>&#8222;Techniki frontu, zaplecza i logistyki I wojny \u015bwiatowej i batalii tarnowsko-gorlickiej&#8221;<\/em> w 2016 roku zosta\u0142a poszerzona o tematyk\u0119 pt. <em>&#8222;Z szacunkiem dla pami\u0119ci bliskich nam \u017co\u0142nierzy I Wojny \u015awiatowej&#8221;.\u00a0 <\/em>W celu propagacji bardzo bogatej i szerokiej tematyki wydali\u015bmy Album z tej wystawy na p\u0142ytach CD.<\/p>\n<p style=\"text-align: center;\">Projekt jest wsp\u00f3\u0142finansowany z bud\u017cetu miasta Tarnowa.<\/p>\n<p style=\"text-align: center;\">22 i 24 listopada 2016 r. odbywaj\u0105 si\u0119 konferencje towarzysz\u0105ce, na kt\u00f3rych uczestnikom zostan\u0105 rozdane Albumy z wystawy.<\/p>\n<p style=\"text-align: center;\"><a href=\"http:\/\/www.not-tarnow.pl\/wp-content\/uploads\/2016\/03\/ok\u0142adka.jpg\"><img decoding=\"async\" loading=\"lazy\" class=\"aligncenter size-full wp-image-1184\" src=\"http:\/\/www.not-tarnow.pl\/wp-content\/uploads\/2016\/03\/ok\u0142adka.jpg\" alt=\"okladka\" width=\"732\" height=\"503\" srcset=\"https:\/\/www.not-tarnow.pl\/wp-content\/uploads\/2016\/03\/ok\u0142adka.jpg 732w, https:\/\/www.not-tarnow.pl\/wp-content\/uploads\/2016\/03\/ok\u0142adka-300x206.jpg 300w\" sizes=\"(max-width: 732px) 100vw, 732px\" \/><\/a><\/p>\n<p style=\"text-align: center;\"><a href=\"http:\/\/www.not-tarnow.pl\/wp-content\/uploads\/2014\/10\/Zaproszenienakonferencj_4slajdy.jpg\"><img decoding=\"async\" loading=\"lazy\" class=\"aligncenter wp-image-697\" src=\"http:\/\/www.not-tarnow.pl\/wp-content\/uploads\/2014\/10\/Zaproszenienakonferencj_4slajdy.jpg\" alt=\"PageLines- Zaproszenienakonferencj_4slajdy.jpg\" width=\"576\" height=\"432\" srcset=\"https:\/\/www.not-tarnow.pl\/wp-content\/uploads\/2014\/10\/Zaproszenienakonferencj_4slajdy.jpg 960w, https:\/\/www.not-tarnow.pl\/wp-content\/uploads\/2014\/10\/Zaproszenienakonferencj_4slajdy-300x225.jpg 300w\" sizes=\"(max-width: 576px) 100vw, 576px\" \/><\/a> <a href=\"http:\/\/www.not-tarnow.pl\/wp-content\/uploads\/2013\/11\/Slajd51.jpg\"><img decoding=\"async\" loading=\"lazy\" class=\"aligncenter wp-image-694\" src=\"http:\/\/www.not-tarnow.pl\/wp-content\/uploads\/2013\/11\/Slajd51.jpg\" alt=\"Slajd5\" width=\"576\" height=\"432\" srcset=\"https:\/\/www.not-tarnow.pl\/wp-content\/uploads\/2013\/11\/Slajd51.jpg 960w, https:\/\/www.not-tarnow.pl\/wp-content\/uploads\/2013\/11\/Slajd51-300x225.jpg 300w\" sizes=\"(max-width: 576px) 100vw, 576px\" \/><\/a><\/p>\n<p style=\"text-align: center;\"><span style=\"color: #800000;\"><b>Pami\u0119\u0107 o batalii tarnowsko &#8211; gorlickiej<\/b><\/span><\/p>\n<p>Tarnowska jednostka Naczelnej Organizacji Technicznej w budynku przy Rynek 10 \u2013 odda\u0142a do ogl\u0105du Tarnowian foto-wystaw\u0119 pt. \u201eTECHNIKA WOJENNA FRONTU, ZAPLECZA I LOGISTYKI I WOJNY \u015aWIATOWEJ ORAZ BATALII TARNOWSKO-GORLICKIEJ\u201d. 230 fotografii opisuje poziom \u00f3wczesnej infrastruktury technicznej wprz\u0119gni\u0119tej do zmaga\u0144 tej \u015bwiatowej wojny w prze\u0142omowej batalii frontu wschodniego. W 1914\/1915 roku by\u0142y to operacje wojskowe armii austro-w\u0119gierskiej, niemieckiej i rosyjskiej z akcentem polskich legionist\u00f3w w pasie frontowych miast od Tarnowa do Gorlic.<\/p>\n<p>Konferencj\u0105 otwarcia zwr\u00f3cono uwag\u0119 na gospodarcze, techniczno-ekonomiczne uwarunkowania i rywalizacj\u0119 pot\u0119g europejskich, jako przyczyn\u0119 I Wojny \u015awiatowej. Odnotowano histori\u0119 rozwoju infrastruktury Tarnowa \u2013 miasta wpisanego w strategiczn\u0105 doktryn\u0119 \u201ewojny manewrowej\u201d. Zapoznano z kalendarium zmaga\u0144 wojennych frontu austro-w\u0119gierskiego po przeddzie\u0144 operacji tarnowsko-gorlickiej. Z uwagi na pami\u0119\u0107 poleg\u0142ych z wielonarodowych armii, spoczywaj\u0105cych na 62 cmentarzach tzw. Okr\u0119gu Cmentarnego Tarn\u00f3w \u2013 przybli\u017cono histori\u0119 ich powstania. W 100-lecie w wymiarze wojew\u00f3dzkim, starostwa i z udzia\u0142em mi\u0119dzynarodowych delegacji odbywaj\u0105 si\u0119 i s\u0105 kontynuowane uroczysto\u015bci na odnowionych wojennych cmentarzach naszej i gorlickiej ziemi. Histori\u0119 Warsztat\u00f3w Kolejowych, a p\u00f3\u017aniej Zak\u0142ad\u00f3w Mechanicznych \u201eTarn\u00f3w\u201d, datowanej od 1917 roku, barwnie przedstawiono z sentymentem do walor\u00f3w wysokiej techniki, kt\u00f3ra by\u0142a przenoszona na warto\u015b\u0107 i innowacyjno\u015b\u0107 r\u00f3\u017cnorodnej produkcji. Zapodano przegl\u0105d produkcji Zak\u0142ad\u00f3w po dzisiejszy asortyment i ich perspektyw rynkowych. Autorami prezentacji byli &#8211; wg ich kolejno\u015bci: Jacek Sumera \u2013 Prezes TJO-NOT w Tarnowie, Tadeusz Rzepecki \u2013 Prezes Tarnowskich Wodoci\u0105g\u00f3w i Izby Gospodarczej &#8222;Wodoci\u0105gi Polskie\u201e, Wac\u0142aw Szczepanik \u2013 Muzeum Okr\u0119gowe w Tarnowie, Ryszard \u017b\u0105d\u0142o \u2013 Kierownik Referatu Kultury i Promocji &#8211; Starostwo Powiatowe w Tarnowie, Tomasz Berezowski \u2013 Dyrektor Handlowy \u2013 Zak\u0142ady Mechaniczne \u201eTarn\u00f3w\u201d S.A.<\/p>\n<p>Wystaw\u0119 ciekaw\u0105 i warto\u015bciow\u0105 dla lokalnego programu upami\u0119tnienia 100-lecia historycznej wojny narod\u00f3w \u2013 opracowa\u0142o biuro tarnowskiego NOT z partnerski wsparciem tej inicjatywy przez Stowarzyszenie In\u017cynier\u00f3w Technik\u00f3w Przemys\u0142u Chemicznego O\/Tarn\u00f3w, Starostwo Powiatowe w Tarnowie, TAURON Dystrybucja O\/Tarn\u00f3w I Zak\u0142ady Mechaniczne \u201eTarn\u00f3w\u201d.<\/p>\n<p style=\"text-align: center;\"><a href=\"http:\/\/www.not-tarnow.pl\/wp-content\/uploads\/2016\/03\/Wystawa_sk\u0142adanka-zdj\u0119\u0107.jpg\"><img decoding=\"async\" loading=\"lazy\" class=\"aligncenter wp-image-997\" src=\"http:\/\/www.not-tarnow.pl\/wp-content\/uploads\/2016\/03\/Wystawa_sk\u0142adanka-zdj\u0119\u0107.jpg\" alt=\"Wystawa_sk\u0142adanka zdj\u0119\u0107\" width=\"864\" height=\"648\" srcset=\"https:\/\/www.not-tarnow.pl\/wp-content\/uploads\/2016\/03\/Wystawa_sk\u0142adanka-zdj\u0119\u0107.jpg 960w, https:\/\/www.not-tarnow.pl\/wp-content\/uploads\/2016\/03\/Wystawa_sk\u0142adanka-zdj\u0119\u0107-300x225.jpg 300w\" sizes=\"(max-width: 864px) 100vw, 864px\" \/><\/a><\/p>\n<p style=\"text-align: left;\">Album z wystawy na CD do nabycia w siedzibie TJO NOT Tarn\u00f3w.<\/p>\n<p style=\"text-align: center;\">\n<p style=\"text-align: left;\">Album zawiera pozycje:<\/p>\n<p><b>I.\u00a0\u00a0\u00a0\u00a0\u00a0 <\/b><b><i>Artyleria I Wojny \u015awiatowej decydowa\u0142a o zwyci\u0119stwach i zniszczeniach<\/i><\/b><\/p>\n<p><b>II.\u00a0\u00a0\u00a0\u00a0\u00a0 <\/b><b><i>Awiatyka wojennego nieba 1914-18<\/i><\/b><\/p>\n<p><b>III.\u00a0\u00a0\u00a0\u00a0\u00a0 <\/b><b><i>I wojna \u015bwiatowa przynios\u0142a okrucie\u0144stwo chemicznych atak\u00f3w<\/i><\/b><\/p>\n<p><b>IV.\u00a0\u00a0\u00a0\u00a0\u00a0 <\/b><b><i>&#8211; Front Wschodni &#8211; mapy<\/i><\/b><\/p>\n<p><b><i>\u00a0\u00a0\u00a0\u00a0\u00a0\u00a0\u00a0 &#8211; Zwierz\u0119ta na wojennym froncie<\/i><\/b><\/p>\n<p><b><i>\u00a0\u00a0\u00a0\u00a0\u00a0\u00a0 \u00a0&#8211; Okrucie\u0144stwa wojny<\/i><\/b><\/p>\n<p><b>V.\u00a0\u00a0\u00a0\u00a0\u00a0 <\/b><b><i>Linie frontu i fortyfikacji zaopatrzenia, logistyki i zaplecza<\/i><\/b><\/p>\n<p><b>VI.\u00a0\u00a0\u00a0\u00a0\u00a0 <\/b><b><i>Wymogi front\u00f3w doskonali\u0142y \u0142\u0105czno\u015b\u0107 1914\/15<\/i><\/b><\/p>\n<p><b>VII.\u00a0\u00a0\u00a0\u00a0\u00a0 <\/b><b><i>Naczelne Dow\u00f3dztwo Frontu Wschodniego<\/i><\/b><\/p>\n<p><b>VIII.\u00a0\u00a0\u00a0\u00a0\u00a0 <\/b><b><i>Naukowcy \u2013 Tw\u00f3rcy \u2013 Architekci na frontach i zapleczu I wojny \u015bwiatowej <\/i><\/b><\/p>\n<p><b>IX.\u00a0\u00a0\u00a0\u00a0\u00a0 <\/b><b><i>Przemys\u0142owo-gospodarcza pot\u0119ga Europy<\/i><\/b><\/p>\n<p><b><i>\u00a0\u00a0\u00a0\u00a0\u00a0\u00a0\u00a0\u00a0\u00a0\u00a0\u00a0\u00a0 Tarn\u00f3w w strategicznym rozwoju infrastruktury<\/i><\/b><\/p>\n<p><b>X.\u00a0\u00a0\u00a0\u00a0\u00a0 <\/b><b><i>Nowa wojna to nowe techniki \u2013 skutek ten sam lecz coraz dotkliwszy<\/i><\/b><\/p>\n<p><b>XI.\u00a0\u00a0\u00a0\u00a0\u00a0 <\/b><b><i>Z szacunkiem dla pami\u0119ci bliskich nam \u017co\u0142nierzy I Wojny \u015awiatowej<\/i><\/b><\/p>\n<p>XII.\u00a0\u00a0\u00a0\u00a0\u00a0 Prezentacje z konferencji otwarcia wystawy 17.X.2014 r.<\/p>\n<p>XIII.\u00a0\u00a0\u00a0 Prezentacje z konferencji 11.V.2015 r.<\/p>\n<p style=\"text-align: left;\">\n","protected":false},"excerpt":{"rendered":"<p>Wystawa &#8222;Techniki frontu, zaplecza i logistyki I wojny \u015bwiatowej i batalii tarnowsko-gorlickiej&#8221; w 2016 roku zosta\u0142a poszerzona o tematyk\u0119 pt.<\/p>\n","protected":false},"author":1,"featured_media":0,"parent":948,"menu_order":0,"comment_status":"open","ping_status":"closed","template":"","meta":{"footnotes":""},"_links":{"self":[{"href":"https:\/\/www.not-tarnow.pl\/index.php\/wp-json\/wp\/v2\/pages\/996"}],"collection":[{"href":"https:\/\/www.not-tarnow.pl\/index.php\/wp-json\/wp\/v2\/pages"}],"about":[{"href":"https:\/\/www.not-tarnow.pl\/index.php\/wp-json\/wp\/v2\/types\/page"}],"author":[{"embeddable":true,"href":"https:\/\/www.not-tarnow.pl\/index.php\/wp-json\/wp\/v2\/users\/1"}],"replies":[{"embeddable":true,"href":"https:\/\/www.not-tarnow.pl\/index.php\/wp-json\/wp\/v2\/comments?post=996"}],"version-history":[{"count":7,"href":"https:\/\/www.not-tarnow.pl\/index.php\/wp-json\/wp\/v2\/pages\/996\/revisions"}],"predecessor-version":[{"id":1185,"href":"https:\/\/www.not-tarnow.pl\/index.php\/wp-json\/wp\/v2\/pages\/996\/revisions\/1185"}],"up":[{"embeddable":true,"href":"https:\/\/www.not-tarnow.pl\/index.php\/wp-json\/wp\/v2\/pages\/948"}],"wp:attachment":[{"href":"https:\/\/www.not-tarnow.pl\/index.php\/wp-json\/wp\/v2\/media?parent=996"}],"curies":[{"name":"wp","href":"https:\/\/api.w.org\/{rel}","templated":true}]}}